{"id":95,"date":"2015-10-08T13:25:55","date_gmt":"2015-10-08T17:25:55","guid":{"rendered":"http:\/\/broker.commercegurus.com\/?page_id=95"},"modified":"2017-11-21T08:59:22","modified_gmt":"2017-11-21T13:59:22","slug":"board-of-directors","status":"publish","type":"page","link":"https:\/\/ccma-acmc.ca\/fr\/committees\/board-of-directors\/","title":{"rendered":"Conseil d\u2019administration"},"content":{"rendered":"<section class=\"wpb-content-wrapper\"><p>[vc_row type=&#8221;container&#8221; padding_top=&#8221;&#8221; padding_bottom=&#8221;&#8221;][vc_column][vc_column_text]<\/p>\n<h3>Conseil d&#8217;administration<\/h3>\n<p>[\/vc_column_text][\/vc_column][\/vc_row][vc_row type=&#8221;container&#8221; padding_top=&#8221;&#8221; padding_bottom=&#8221;&#8221; css=&#8221;.vc_custom_1445094705330{margin-bottom: 0px !important;}&#8221;][vc_column css=&#8221;.vc_custom_1444994576899{margin-bottom: 35px !important;}&#8221;][vc_column_text]Le Conseil d&#8217;administration fournit les orientations et la prise de d\u00e9cision principale.<\/p>\n<p>Contactez le Conseil d&#8217;administration\u00a0\u00e0 <a href=\"mailto:info@ccma-acmc.ca\">info@ccma-acmc.ca<\/a><\/p>\n<p>Bruce Macdonald, Head, Commodities, RBC Capital Markets; Co-CEO, RBC (Barbados) Trading Bank Corp<\/p>\n<p>Deanna Dobrowsky,\u00a0Vice-Pr\u00e9sidente, Affaires r\u00e9glementaires, Le Group TMX<\/p>\n<p>Glenn Goucher, Pr\u00e9sident, La Caisse canadienne de d\u00e9p\u00f4t de valeurs<\/p>\n<p>Louis Piergeti, Vice-Pr\u00e9sident, Conformit\u00e9 des finances et des op\u00e9rations, L\u2019Organisme canadien de r\u00e9glementation du commerce des valeurs mobili\u00e8res[\/vc_column_text][\/vc_column][\/vc_row]<\/p>\n<\/section>","protected":false},"excerpt":{"rendered":"<p>[vc_row type=&#8221;container&#8221; padding_top=&#8221;&#8221; padding_bottom=&#8221;&#8221;][vc_column][vc_column_text] Conseil d&#8217;administration [\/vc_column_text][\/vc_column][\/vc_row][vc_row type=&#8221;container&#8221; padding_top=&#8221;&#8221; padding_bottom=&#8221;&#8221; css=&#8221;.vc_custom_1445094705330{margin-bottom: 0px !important;}&#8221;][vc_column css=&#8221;.vc_custom_1444994576899{margin-bottom: 35px !important;}&#8221;][vc_column_text]Le Conseil d&#8217;administration fournit les orientations et la prise de d\u00e9cision principale. Contactez le Conseil d&#8217;administration\u00a0\u00e0 info@ccma-acmc.ca Bruce Macdonald, Head, Commodities, RBC Capital Markets; Co-CEO, RBC (Barbados) Trading Bank Corp Deanna Dobrowsky,\u00a0Vice-Pr\u00e9sidente, Affaires r\u00e9glementaires, Le Group TMX Glenn Goucher, Pr\u00e9sident, [&hellip;]<\/p>\n","protected":false},"author":1,"featured_media":0,"parent":73,"menu_order":4,"comment_status":"closed","ping_status":"closed","template":"","meta":{"_acf_changed":false,"footnotes":""},"class_list":["post-95","page","type-page","status-publish","hentry"],"acf":[],"_links":{"self":[{"href":"https:\/\/ccma-acmc.ca\/fr\/wp-json\/wp\/v2\/pages\/95","targetHints":{"allow":["GET"]}}],"collection":[{"href":"https:\/\/ccma-acmc.ca\/fr\/wp-json\/wp\/v2\/pages"}],"about":[{"href":"https:\/\/ccma-acmc.ca\/fr\/wp-json\/wp\/v2\/types\/page"}],"author":[{"embeddable":true,"href":"https:\/\/ccma-acmc.ca\/fr\/wp-json\/wp\/v2\/users\/1"}],"replies":[{"embeddable":true,"href":"https:\/\/ccma-acmc.ca\/fr\/wp-json\/wp\/v2\/comments?post=95"}],"version-history":[{"count":7,"href":"https:\/\/ccma-acmc.ca\/fr\/wp-json\/wp\/v2\/pages\/95\/revisions"}],"predecessor-version":[{"id":72564,"href":"https:\/\/ccma-acmc.ca\/fr\/wp-json\/wp\/v2\/pages\/95\/revisions\/72564"}],"up":[{"embeddable":true,"href":"https:\/\/ccma-acmc.ca\/fr\/wp-json\/wp\/v2\/pages\/73"}],"wp:attachment":[{"href":"https:\/\/ccma-acmc.ca\/fr\/wp-json\/wp\/v2\/media?parent=95"}],"curies":[{"name":"wp","href":"https:\/\/api.w.org\/{rel}","templated":true}]}}