{"id":71353,"date":"2016-03-29T00:35:38","date_gmt":"2016-03-29T04:35:38","guid":{"rendered":"http:\/\/ccma-acmc.ca\/beta\/?page_id=71353"},"modified":"2023-02-27T16:52:47","modified_gmt":"2023-02-27T21:52:47","slug":"qui-nous-sommes","status":"publish","type":"page","link":"https:\/\/ccma-acmc.ca\/fr\/","title":{"rendered":"Qui nous sommes"},"content":{"rendered":"<section class=\"wpb-content-wrapper\"><p>[vc_row type=&#8221;container&#8221; padding_top=&#8221;75&#8243; padding_bottom=&#8221;&#8221;][vc_column][vc_separator color=&#8221;&#8221; type=&#8221;normal&#8221; thickness=&#8221;&#8221; up=&#8221;0&#8243; down=&#8221;&#8221;][vc_single_image image=&#8221;72656&#8243; img_size=&#8221;medium&#8221; alignment=&#8221;center&#8221; css=&#8221;.vc_custom_1677534756154{padding-top: 20px !important;padding-right: 20px !important;padding-bottom: 20px !important;padding-left: 20px !important;background-color: #dd3333 !important;}&#8221;][\/vc_column][\/vc_row][vc_row type=&#8221;container&#8221; padding_top=&#8221;&#8221; padding_bottom=&#8221;&#8221;][vc_column width=&#8221;2\/3&#8243;][vc_column_text css=&#8221;.vc_custom_1677534761500{margin-bottom: 25px !important;}&#8221;]<\/p>\n<h3>Qui nous sommes<\/h3>\n<p>L&#8217;Association canadienne des march\u00e9s des capitaux (ACMC) est une organisation nationale, incorpor\u00e9e au niveau federal, \u00e0 but non-lucratif, et lanc\u00e9e en 1999 afin d&#8217;identifier, d&#8217;analyser et de recommender des moyens de r\u00e9pondre aux d\u00e9fis et opportunit\u00e9s auxquels font face les march\u00e9s financiers canadiens et internationaux.<\/p>\n<h3>Mission<\/h3>\n<p>Am\u00e9liorer la comp\u00e9titivit\u00e9 des march\u00e9s des capitaux du Canada par le biais d&#8217;un forum d&#8217;experts de l&#8217;industrie qui assurent un leadership et une orientation pour la communaut\u00e9 des investisseurs.<\/p>\n<h3>Notre mandat<\/h3>\n<p>Communiquer, former, et aider \u00e0 coordonner les diff\u00e9rents segments de l&#8217; industrie de l&#8217;investissement sur ??les projets et initiatives couvrant plusieurs \u00e9l\u00e9ments des march\u00e9s financiers du Canada.<\/p>\n<h3>Qui nous servons<\/h3>\n<p>Les participants dans le cadre de la coordination de l&#8217;Association canadienne du march\u00e9 des capitaux (ACMC) sont des courtiers, d\u00e9positaires, gestionnaires d&#8217;actifs et les associations industrielles cl\u00e9s des titres d&#8217;infrastructure, tels que les \u00e9changes, La Caisse canadienne de d\u00e9p\u00f4t de valeurs (CDS) et Fundserv; les fournisseurs de back-office et de services; et d&#8217;autres parties prenantes (comme, par exemple, les organismes de r\u00e8glementation, y compris les OAR) .<\/p>\n<h3>Comment nous travaillons<\/h3>\n<p>Notre Conseil d&#8217;Administration, qui repr\u00e9sente les march\u00e9s canadiens de capitaux, et avec la participation de l&#8217;industrie, d\u00e9termine sur quelle(s) initiative(s), \u00e0 travers toute l\u2019industrie des investissements, l\u2019ACMC va concentrer ses ressources. L\u2019initiative (s) d\u00e9terminera quels segments de l&#8217;industrie, quelles entreprises, quelles associations industrielles, de soutien et d&#8217;autres organisations sont impliqu\u00e9s et comment. Habituellement, cela se fait par le biais des <a href=\"https:\/\/ccma-acmc.ca\/fr\/committees\/\"><strong>comit\u00e9s de l&#8217;ACMC<\/strong><\/a>.<\/p>\n<p>[\/vc_column_text][\/vc_column][vc_column width=&#8221;1\/3&#8243; css=&#8221;.vc_custom_1633006819779{margin-top: px !important;}&#8221;][vc_column_text css=&#8221;.vc_custom_1643752325079{border-right-width: 2px !important;border-bottom-width: 2px !important;border-left-width: 2px !important;padding-top: 5px !important;padding-right: 18px !important;padding-bottom: 20px !important;padding-left: 18px !important;background-color: #ffffff !important;border-left-color: #dd3333 !important;border-left-style: solid !important;border-right-color: #dd3333 !important;border-right-style: solid !important;border-bottom-color: #dd3333 !important;border-bottom-style: solid !important;border-radius: 3px !important;}&#8221;]<\/p>\n<h3>Quoi de neuf ?<\/h3>\n<p><strong>31 janvier 2022:\u00a0 <\/strong>L&#8217;ACMC a publi\u00e9 le dernier num\u00e9ro de son infolettre :\u00a0 <strong><a href=\"http:\/\/ccma-acmc.ca\/en\/wp-content\/uploads\/Cest-le-temps-de-parler-T1-Numero-2-31-janvier-2022.pdf\">\u00ab\u2009C\u2019est le temps de parler T+1 \u00bb<\/a><\/strong><\/p>\n<p><strong>1 d\u00e9cembre 2021\u00a0: <\/strong><a href=\"http:\/\/ccma-acmc.ca\/en\/wp-content\/uploads\/LACMC-confirme-que-le-projet-de-reglement-accelere-sera-mis-en-oeuvre-1-decembre-2021.pdf\">L\u2019ACMC confirme que le projet de r\u00e8glement acc\u00e9l\u00e9r\u00e9 des valeurs mobili\u00e8res au Canada sera mis en \u0153uvre<\/a><\/p>\n<p><strong>2 septembre 2021:\u00a0<\/strong> <a href=\"http:\/\/ccma-acmc.ca\/en\/wp-admin\/post.php?post=75173&amp;action=edit\" aria-label=\"Edit \u201cTime to Talk T+1 (Issue 1) \/ C\u2019est le temps de parler T+1 (Num\u00e9ro 1)\u201d\">C\u2019est le temps de parler T+1 (Num\u00e9ro 1)<\/a><\/p>\n<p><strong>Note:<\/strong> Pendant que le site fran\u00e7ais est en cours de mise \u00e0 jour, veuillez visiter notre <a href=\"https:\/\/ccma-acmc.ca\/en\/\">site anglais<\/a>.<\/p>\n<hr \/>\n<h4><strong>2015-2018<\/strong><\/h4>\n<p><a href=\"http:\/\/ccma-acmc.ca\/en\/wp-content\/uploads\/CCMA-Releases-Post-Mortem-Report-on-Transition-to-T2-April-19-2018.pdf\"><strong>Canadian Capital Markets Association Releases T+2 Project Post-Mortem Report<\/strong><\/a> <em>(disponible en anglais seulement)<br \/>\n<\/em><em>19 avril 2018<\/em><\/p>\n<p><a href=\"http:\/\/ccma-acmc.ca\/en\/wp-content\/uploads\/T2-Project-Post-Mortem-Report-April-19-2018.pdf\"><strong>T+2 Project:\u00a0 Post-Mortem Report<\/strong><\/a> <em>(disponible en anglais seulement)<\/em><br \/>\n<em>19 avril 2018<\/em><\/p>\n<p><strong><a href=\"http:\/\/www.newswire.ca\/news-releases\/lacmc-qualifie-de-succes-la-transition-vers-le-cycle-de-reglement-plus-court-des-transactions-sur-titres-et-salue-le-travail-des-participants-aux-marches-des-capitaux-du-canada-643214303.html\" target=\"_blank\" rel=\"noopener noreferrer\">L&#8217;ACMC qualifie de succ\u00e8s la transition vers T+2<\/a><a href=\"http:\/\/ccma-acmc.ca\/en\/wp-content\/uploads\/LACMC-qualifie-de-succ\u00e8s-la-transition-vers-le-cycle-de-r\u00e8glement-plus-court-des-transactions-sur-titres-et-salue-le-travail-des-participants-aux-march\u00e9s-des-capitaux-du-Canada.pdf\"><br \/>\n<\/a><\/strong><em>8 septembre 2017<\/em><\/p>\n<p><strong><a href=\"https:\/\/ccma-acmc.ca\/fr\/resources\/\">Proc\u00e8s-verbaux des t\u00e9l\u00e9conf\u00e9rences &#8216;transition \u00e0 T+2&#8217;<\/a><\/strong><br \/>\n<em>le 31 ao\u00fbt &#8211; le 8 septembre 2017<br \/>\n<\/em><\/p>\n<p><strong><a href=\"http:\/\/ccma-acmc.ca\/en\/wp-content\/uploads\/CCMA-Letter-to-CSA-on-T2-related-NI-81-102-Investment-Funds-Amendments-July-6-2017-.pdf\">Lettre de l\u2019ACMC aux ACVM \u00e0 propos de l\u2019Avis de consultation des ACVM sur les modifications aux r\u00e8glements \u00e0 propos des fonds d\u2019investissements<\/a><\/strong> <em>(\u00c0 suivre)<br \/>\n6 juillet 2017<br \/>\n<\/em><\/p>\n<p><strong><a href=\"http:\/\/ccma-acmc.ca\/en\/wp-content\/uploads\/Updated-List-of-Assets-Moving-to-T2-Settlement-June-19-2017.pdf\">MISE \u00c0 JOUR : Liste d\u2019investissements dont le cycle de r\u00e8glement raccourcira \u00e0 T+2<\/a><a href=\"http:\/\/ccma-acmc.ca\/en\/wp-content\/uploads\/Final-Asset-List-Moving-to-T2-Settlement-July-14-2016-1.pdf\"><br \/>\n<\/a><\/strong>6 juillet 2017<\/p>\n<p><strong><a href=\"http:\/\/www.ocrcvm.ca\/Documents\/2017\/54f535f0-7355-4e86-90ba-28342e927f7d_fr.pdf\">Modifications de l\u2019OCRCVM visant \u00e0 faciliter le passage du secteur des valeurs mobili\u00e8res au cycle de r\u00e8glement T+2<br \/>\n<\/a><\/strong>29 juin 2017<\/p>\n<p><strong><a href=\"http:\/\/www.newswire.ca\/fr\/news-releases\/lassociation-canadienne-des-marches-des-capitaux-declare-que-dici-moins-de-100-jours-le-reglement-t2-permettra-un-echange-plus-rapide-et-plus-securitaire-de-titres-en-liquidites-625100353.html\">L&#8217;ACMC d\u00e9clare que, d&#8217;ici moins de 100 jours, le r\u00e8glement T+2 permettra un \u00e9change plus rapide et plus s\u00e9curitaire de titres en liquidit\u00e9s<\/a><\/strong><strong><br \/>\n<\/strong>29 mai 2017<\/p>\n<p><strong><a href=\"https:\/\/lautorite.qc.ca\/grand-public\/salle-de-presse\/actualites\/fiche-dactualite\/les-autorites-en-valeurs-mobilieres-du-canada-decrivent-les-mesures-prises-en-vue-de-la-transition-v\/\">Les autorit\u00e9s en valeurs mobili\u00e8res du Canada d\u00e9crivent les mesures prises en vue de la transition vers un cycle de r\u00e8glement de deux jours<br \/>\n<\/a><\/strong>27 avril 2017<\/p>\n<p>&nbsp;<\/p>\n<p>&nbsp;<\/p>\n<p>&nbsp;<\/p>\n<p>&nbsp;<\/p>\n<p>[\/vc_column_text][vc_column_text css=&#8221;.vc_custom_1502456109755{border-top-width: 3px !important;border-right-width: 3px !important;border-bottom-width: 3px !important;border-left-width: 3px !important;padding-top: 20px !important;padding-right: 20px !important;padding-bottom: 20px !important;padding-left: 20px !important;background-color: #ededed !important;border-radius: 5px !important;}&#8221;]<strong>Bulletin &#8211; T+2: Quoi de neuf<\/strong><\/p>\n<p>Num\u00e9ro #11 : <strong><a href=\"http:\/\/ccma-acmc.ca\/en\/wp-content\/uploads\/ACMC-Bulletin-11-T2-10-Aout-2017.pdf\">Le 10 ao\u00fbt 2017<\/a><\/strong><br \/>\nNum\u00e9ro #10 : <strong><a href=\"http:\/\/ccma-acmc.ca\/en\/wp-content\/uploads\/ACMC-Bulletin-10-T2-7-juillet-2017.pdf\" target=\"_blank\" rel=\"noopener noreferrer\">Le 7 juillet 2017<\/a><\/strong><br \/>\nNum\u00e9ro #9 : <strong><a href=\"http:\/\/ccma-acmc.ca\/en\/wp-content\/uploads\/ACMC-Bulletin-9-T2-8-mai-2017.pdf\">Le 8 mai 2017<\/a><\/strong> <em>(\u00c9dition sp\u00e9ciale)<\/em><br \/>\nNum\u00e9ro #8 :\u00a0<strong> <a href=\"http:\/\/ccma-acmc.ca\/en\/wp-content\/uploads\/ACMC-Bulletin-8-T2-27-avril-2017.pdf\">Le 27 avril 2017<\/a><\/strong><br \/>\nNum\u00e9ro #7 : <a href=\"http:\/\/ccma-acmc.ca\/en\/wp-content\/uploads\/ACMC-Bulletin-T2-7-2-22-2017.pdf\"><strong>Le 22 f<\/strong><strong>\u00e9vrier 2017<\/strong><\/a><br \/>\nNum\u00e9ro #6 : <strong><a href=\"http:\/\/ccma-acmc.ca\/en\/wp-content\/uploads\/ACMC-Bulletin-T2-D-2016.pdf\">Le 20 d\u00e9cembre 2016<br \/>\n<\/a><\/strong> Num\u00e9ro #5 : <strong><a href=\"http:\/\/ccma-acmc.ca\/en\/wp-content\/uploads\/ACMC-Bulletin-T2-5-novembre-2016.pdf\">Le 1 novembre 2016<br \/>\n<\/a><\/strong>Num\u00e9ro #4 :<strong> <a href=\"https:\/\/ccma-acmc.ca\/fr\/wp-content\/uploads\/2016\/09\/ACMC-Bulletin-T2-4-2016-09-04.pdf\">Le 4 septembre 2016<br \/>\n<\/a><\/strong>Num\u00e9ro #3 :<strong> <a href=\"https:\/\/ccma-acmc.ca\/fr\/wp-content\/uploads\/2016\/07\/ACMC_Bulletin3_T2_-_22_juillet_2016.pdf\">Le 22 juillet 2016<\/a><\/strong><br \/>\nNum\u00e9ro #2 : <strong><a href=\"https:\/\/ccma-acmc.ca\/fr\/wp-content\/uploads\/2016\/05\/CCMA-T2-Newsletter-Issue-2-May-24-2016.pdf\">Le 24 mai 2016<\/a><\/strong><br \/>\nNum\u00e9ro #1 :\u00a0<strong><a href=\"https:\/\/ccma-acmc.ca\/fr\/wp-content\/uploads\/2016\/03\/CCMA-T2-Newsletter-March-31-2016.pdf\">Le 31 mars 2016<\/a><\/strong><\/p>\n<p>[\/vc_column_text][\/vc_column][\/vc_row][vc_row type=&#8221;container&#8221; padding_top=&#8221;&#8221; padding_bottom=&#8221;&#8221;][vc_column][\/vc_column][\/vc_row]<\/p>\n<\/section>","protected":false},"excerpt":{"rendered":"<p>[vc_row type=&#8221;container&#8221; padding_top=&#8221;75&#8243; padding_bottom=&#8221;&#8221;][vc_column][vc_separator color=&#8221;&#8221; type=&#8221;normal&#8221; thickness=&#8221;&#8221; up=&#8221;0&#8243; down=&#8221;&#8221;][vc_single_image image=&#8221;72656&#8243; img_size=&#8221;medium&#8221; alignment=&#8221;center&#8221; css=&#8221;.vc_custom_1677534756154{padding-top: 20px !important;padding-right: 20px !important;padding-bottom: 20px !important;padding-left: 20px !important;background-color: #dd3333 !important;}&#8221;][\/vc_column][\/vc_row][vc_row type=&#8221;container&#8221; padding_top=&#8221;&#8221; padding_bottom=&#8221;&#8221;][vc_column width=&#8221;2\/3&#8243;][vc_column_text css=&#8221;.vc_custom_1677534761500{margin-bottom: 25px !important;}&#8221;] Qui nous sommes L&#8217;Association canadienne des march\u00e9s des capitaux (ACMC) est une organisation nationale, incorpor\u00e9e au niveau federal, \u00e0 but non-lucratif, et lanc\u00e9e en 1999 [&hellip;]<\/p>\n","protected":false},"author":1,"featured_media":0,"parent":0,"menu_order":1,"comment_status":"closed","ping_status":"closed","template":"page-full-width.php","meta":{"_acf_changed":false,"footnotes":""},"class_list":["post-71353","page","type-page","status-publish","hentry"],"acf":[],"_links":{"self":[{"href":"https:\/\/ccma-acmc.ca\/fr\/wp-json\/wp\/v2\/pages\/71353","targetHints":{"allow":["GET"]}}],"collection":[{"href":"https:\/\/ccma-acmc.ca\/fr\/wp-json\/wp\/v2\/pages"}],"about":[{"href":"https:\/\/ccma-acmc.ca\/fr\/wp-json\/wp\/v2\/types\/page"}],"author":[{"embeddable":true,"href":"https:\/\/ccma-acmc.ca\/fr\/wp-json\/wp\/v2\/users\/1"}],"replies":[{"embeddable":true,"href":"https:\/\/ccma-acmc.ca\/fr\/wp-json\/wp\/v2\/comments?post=71353"}],"version-history":[{"count":88,"href":"https:\/\/ccma-acmc.ca\/fr\/wp-json\/wp\/v2\/pages\/71353\/revisions"}],"predecessor-version":[{"id":72687,"href":"https:\/\/ccma-acmc.ca\/fr\/wp-json\/wp\/v2\/pages\/71353\/revisions\/72687"}],"wp:attachment":[{"href":"https:\/\/ccma-acmc.ca\/fr\/wp-json\/wp\/v2\/media?parent=71353"}],"curies":[{"name":"wp","href":"https:\/\/api.w.org\/{rel}","templated":true}]}}