{"id":71193,"date":"2016-03-27T22:55:09","date_gmt":"2016-03-28T02:55:09","guid":{"rendered":"http:\/\/ccma-acmc.ca\/beta\/?page_id=71193"},"modified":"2017-11-21T09:00:09","modified_gmt":"2017-11-21T14:00:09","slug":"t2-mutual-funds-working-group","status":"publish","type":"page","link":"https:\/\/ccma-acmc.ca\/fr\/committees\/t2-mutual-funds-working-group\/","title":{"rendered":"Groupe de travail \u00ab Fonds communs de placement \u00bb (MFWG)"},"content":{"rendered":"<section class=\"wpb-content-wrapper\"><p>[vc_row type=&#8221;container&#8221; padding_top=&#8221;&#8221; padding_bottom=&#8221;&#8221;][vc_column][vc_column_text]<\/p>\n<h3>Groupe de travail \u201cFonds communs de placement\u201d (MFWG)<\/h3>\n<p>[\/vc_column_text][\/vc_column][\/vc_row][vc_row type=&#8221;container&#8221; padding_top=&#8221;&#8221; padding_bottom=&#8221;&#8221;][vc_column width=&#8221;2\/3&#8243;][vc_column_text]<strong>Aper<\/strong><strong>\u00e7<\/strong><strong>u<\/strong><\/p>\n<p>Le Groupe de travail \u201cFonds communs de placement\u201d (\u00abMFWG\u00bb) a \u00e9t\u00e9 charg\u00e9 d&#8217; identifier tous les probl\u00e8mes op\u00e9rationnels\/obstacles li\u00e9s aux fonds communs de placement au sein de la d\u00e9cision du Canada de changer la p\u00e9riode de r\u00e8glement de trois jours (T+3) \u00e0 deux jours (T+2).<\/p>\n<p>L\u2019initiative canadienne T+2 est coordonn\u00e9e en concert avec les \u00c9tats-Unis. La date de mise en \u0153uvre conjointe canado-am\u00e9ricaine est pr\u00e9vue pour Q3-2017.<\/p>\n<p><strong>Participation<\/strong><\/p>\n<p>Peuvent \u00eatre membres du MFWG les personnes repr\u00e9sentant les entreprises et les organisations ayant un int\u00e9r\u00eat dans l\u2019initiative T+2. Ces entreprises et organisations comprennent les fabricants, les courtiers, les associations, les fournisseurs de services, les services publics de l&#8217;industrie, les organismes d&#8217;autor\u00e8glementation, et les organismes de r\u00e8glementation. Des nouveaux membres peuvent se joindre au MFWG \u00e0 tout moment.<\/p>\n<p><strong>Structure de reporting<\/strong><\/p>\n<p>Le MFWG rel\u00e8ve du Comit\u00e9 directeur ACMC T+2 (&#8220;T2SC&#8221;) par l&#8217;interm\u00e9diaire du pr\u00e9sident du MFWG.<\/p>\n<p><strong>Responsabilit\u00e9s<\/strong><\/p>\n<p>L\u2019MFWG devra:<\/p>\n<ul>\n<li>identifier, d\u00e9crire et documenter toutes les questions operationnelles sur les fonds communs de placement, y compris les syst\u00e8mes, les processus et les proc\u00e9dures li\u00e9es au changement \u00e0 T+2;<\/li>\n<li>obtenir un consensus de l&#8217;industrie sur les solutions propos\u00e9es, les plans d&#8217;action et des \u00e9ch\u00e9anciers pour toutes les questions ouvertes, y compris la d\u00e9termination des tests sur les crit\u00e8res\/exigences;<\/li>\n<li>attribuer les responsabilit\u00e9 des solutions aux questions soulev\u00e9es;<\/li>\n<li>assurer une communication continue avec le T2SC , le suivi des probl\u00e8mes jusqu&#8217;\u00e0 la fin; et<\/li>\n<li>Fournir des orientations suppl\u00e9mentaires, la direction, et le soutien sur les questions operationnelles de T+2 li\u00e9es aux fonds communs de placement, comme cela pourra \u00eatre demand\u00e9 par le T2SC.<\/li>\n<li>Identifier si des sous-groupes de travail seront n\u00e9cessaires pour des questions sp\u00e9cifiques.<\/li>\n<\/ul>\n<p><strong>Gouvernance<\/strong><\/p>\n<p>Les r\u00e9unions seront convoqu\u00e9es par le pr\u00e9sident. L\u2019avis de convocation aux r\u00e9unions et les ordres du jour seront envoy\u00e9s \u00e0 tous les membres du MFWG. Un compte-rendu des r\u00e9unions sera effectu\u00e9, et il sera pris note de la pr\u00e9sence de chacun . Les proc\u00e8s-verbaux seront d\u00e9pos\u00e9s aupr\u00e8s du MFWG pour approbation. Il n&#8217;y a pas de condition de quorum minimum fix\u00e9 pour les r\u00e9unions. Toutes les recommendations seront transmises au T2SC pour approbation finale. Le proc\u00e8s-verbal, les d\u00e9cisions et les registres des questions de la MFWG peuvent \u00eatre affich\u00e9s sur le site Web de la ACMC.[\/vc_column_text][\/vc_column][vc_column width=&#8221;1\/3&#8243;][vc_column_text css=&#8221;.vc_custom_1468074884463{border-top-width: 0px !important;border-right-width: 0px !important;border-bottom-width: 0px !important;border-left-width: 3px !important;padding-top: 1px !important;padding-right: 18px !important;padding-bottom: 20px !important;padding-left: 18px !important;border-left-color: #d6d6d6 !important;border-left-style: solid !important;border-right-color: #d6d6d6 !important;border-right-style: solid !important;border-top-color: #d6d6d6 !important;border-top-style: solid !important;border-bottom-color: #d6d6d6 !important;border-bottom-style: solid !important;}&#8221;]<strong>Membres<\/strong><\/p>\n<p>As at <a href=\"https:\/\/ccma-acmc.ca\/fr\/wp-content\/uploads\/2016\/05\/CCMA-Committee-Members-as-at-May-15-2016.pdf\">May 15, 2016<\/a><\/p>\n<p>Chair &#8211; <a href=\"https:\/\/ccma-acmc.ca\/fr\/wp-content\/uploads\/2016\/04\/Bio-Russ-White.pdf\">Russ White<\/a><\/p>\n<p><strong>Registre d\u2019enjeux<\/strong><\/p>\n<p>N\/A<\/p>\n<p><strong>R\u00e9unions<\/strong><\/p>\n<p><a href=\"https:\/\/ccma-acmc.ca\/fr\/wp-content\/uploads\/2016\/06\/MFWG-MeetingPackage-2016-June-30.pdf\">2016-June-30<\/a><a href=\"https:\/\/ccma-acmc.ca\/fr\/wp-content\/uploads\/2016\/05\/MFWG-MeetingPackage-2016-May-27.pdf\"><br \/>\n2016-May-27<\/a><br \/>\n<a href=\"https:\/\/ccma-acmc.ca\/fr\/wp-content\/uploads\/2016\/05\/MFWG-MeetingPackage-2016-April-22pdf-1.pdf\">2016-April-22<\/a><a href=\"https:\/\/ccma-acmc.ca\/fr\/wp-content\/uploads\/2016\/04\/MFWG-MeetingPackage-2016-March-7.pdf\"><br \/>\n2016-March-7<\/a><br \/>\n<a href=\"https:\/\/ccma-acmc.ca\/fr\/wp-content\/uploads\/2016\/04\/MFWG-MeetingPackage-2016-January-25.pdf\">2016-January-25<\/a>[\/vc_column_text][\/vc_column][\/vc_row]<\/p>\n<\/section>","protected":false},"excerpt":{"rendered":"<p>[vc_row type=&#8221;container&#8221; padding_top=&#8221;&#8221; padding_bottom=&#8221;&#8221;][vc_column][vc_column_text] Groupe de travail \u201cFonds communs de placement\u201d (MFWG) [\/vc_column_text][\/vc_column][\/vc_row][vc_row type=&#8221;container&#8221; padding_top=&#8221;&#8221; padding_bottom=&#8221;&#8221;][vc_column width=&#8221;2\/3&#8243;][vc_column_text]Aper\u00e7u Le Groupe de travail \u201cFonds communs de placement\u201d (\u00abMFWG\u00bb) a \u00e9t\u00e9 charg\u00e9 d&#8217; identifier tous les probl\u00e8mes op\u00e9rationnels\/obstacles li\u00e9s aux fonds communs de placement au sein de la d\u00e9cision du Canada de changer la p\u00e9riode de r\u00e8glement de [&hellip;]<\/p>\n","protected":false},"author":1,"featured_media":0,"parent":73,"menu_order":22,"comment_status":"closed","ping_status":"closed","template":"","meta":{"_acf_changed":false,"footnotes":""},"class_list":["post-71193","page","type-page","status-publish","hentry"],"acf":[],"_links":{"self":[{"href":"https:\/\/ccma-acmc.ca\/fr\/wp-json\/wp\/v2\/pages\/71193","targetHints":{"allow":["GET"]}}],"collection":[{"href":"https:\/\/ccma-acmc.ca\/fr\/wp-json\/wp\/v2\/pages"}],"about":[{"href":"https:\/\/ccma-acmc.ca\/fr\/wp-json\/wp\/v2\/types\/page"}],"author":[{"embeddable":true,"href":"https:\/\/ccma-acmc.ca\/fr\/wp-json\/wp\/v2\/users\/1"}],"replies":[{"embeddable":true,"href":"https:\/\/ccma-acmc.ca\/fr\/wp-json\/wp\/v2\/comments?post=71193"}],"version-history":[{"count":5,"href":"https:\/\/ccma-acmc.ca\/fr\/wp-json\/wp\/v2\/pages\/71193\/revisions"}],"predecessor-version":[{"id":72569,"href":"https:\/\/ccma-acmc.ca\/fr\/wp-json\/wp\/v2\/pages\/71193\/revisions\/72569"}],"up":[{"embeddable":true,"href":"https:\/\/ccma-acmc.ca\/fr\/wp-json\/wp\/v2\/pages\/73"}],"wp:attachment":[{"href":"https:\/\/ccma-acmc.ca\/fr\/wp-json\/wp\/v2\/media?parent=71193"}],"curies":[{"name":"wp","href":"https:\/\/api.w.org\/{rel}","templated":true}]}}