{"id":71183,"date":"2016-03-27T22:43:59","date_gmt":"2016-03-28T02:43:59","guid":{"rendered":"http:\/\/ccma-acmc.ca\/beta\/?page_id=71183"},"modified":"2017-11-21T09:00:01","modified_gmt":"2017-11-21T14:00:01","slug":"t2-communications-and-education-working-group","status":"publish","type":"page","link":"https:\/\/ccma-acmc.ca\/fr\/committees\/t2-communications-and-education-working-group\/","title":{"rendered":"Groupe de travail Communication et formation (CEWG)"},"content":{"rendered":"<section class=\"wpb-content-wrapper\"><p>[vc_row type=&#8221;container&#8221; padding_top=&#8221;&#8221; padding_bottom=&#8221;&#8221;][vc_column][vc_column_text]<\/p>\n<h3>Groupe de travail \u00ab Communications et formation \u00bb (CEWG)<\/h3>\n<p>[\/vc_column_text][\/vc_column][\/vc_row][vc_row type=&#8221;container&#8221; padding_top=&#8221;&#8221; padding_bottom=&#8221;&#8221;][vc_column width=&#8221;2\/3&#8243;][vc_column_text]<strong>Aper<\/strong><strong>\u00e7<\/strong><strong>u<\/strong><\/p>\n<p>Le Groupe de travail \u00ab\u00a0Communications et formation \u00bb (CEWG) a \u00e9t\u00e9 charg\u00e9 de g\u00e9rer les communications avec les parties prenantes afin de faciliter la transition entre la p\u00e9riode de r\u00e8glement actuelle de titres standard de l&#8217;industrie pour la plupart des actions, obligations et certains autres titres, de trois jours apr\u00e8s la date de transaction (T+3) \u00e0 deux jours (T+2), afin de maintenir un cycle de r\u00e8glement compatible avec celui des \u00c9tats-Unis.<\/p>\n<p>L\u2019 initiative canadienne T+2 est coordonn\u00e9e en concert avec les \u00c9tats-Unis. La date de mise en \u0153uvre conjointe canado-am\u00e9ricaine est pr\u00e9vue pour le 5 septembre 2017.<\/p>\n<p><strong>Participation<\/strong><\/p>\n<p>Les personnes repr\u00e9sentant les entreprises et les organisations ayant un int\u00e9r\u00eat dans l\u2019initiative T+2 peuvent \u00eatre membres du CEWG. Ces entreprises et organismes comprennent le buy-side, les fiducies, le sell-side, les fournisseurs de services, l&#8217;industrie des services publics\/infrastructures, les organismes d&#8217;autor\u00e8glementation, et d&#8217;autres organismes de r\u00e8glementation. Des nouveaux membres peuvent se joindre au CEWG \u00e0 tout moment.<\/p>\n<p><strong>Structure de reporting<\/strong><\/p>\n<p>Le CEWG rel\u00e8ve du Comit\u00e9 directeur T+2 (T2SC) par l&#8217;interm\u00e9diaire du pr\u00e9sident du CEWG et interagit avec d&#8217;autres comit\u00e9s ACMC \u00a0T+2 \u00a0pour le processus de communication.<\/p>\n<p><strong>Responsabilit\u00e9s<\/strong><\/p>\n<p>Le CEWG devra:<\/p>\n<ul>\n<li>D\u00e9velopper et ex\u00e9cuter un plan de communication global et int\u00e9gr\u00e9 \u00e0 la communaut\u00e9 financi\u00e8re, les r\u00e9gulateurs\/gouvernement et les m\u00e9dias, pour soutenir la mise en \u0153uvre harmonieuse d&#8217;un cycle de r\u00e8glement des titres T+2 sur le march\u00e9 canadien des capitaux, pour co\u00efncider avec une \u00e9volution similaire aux Etats-Unis.<\/li>\n<li>Surveiller, et faire des rapports sur les d\u00e9veloppements pertinents de T+2 aux \u00c9tats-Unis, et coordonner, lorsque cela est justifi\u00e9, aupr\u00e8s du Secr\u00e9tariat UST2.<\/li>\n<li>Pr\u00e9parer\/g\u00e9rer des outils pour aider l\u2019avancement de la compr\u00e9hension de T+2 et sa pr\u00e9paration, y compris la fourniture de mat\u00e9riel, si jug\u00e9 n\u00e9cessaire, pour les communications de la communaut\u00e9 financi\u00e8re avec ses clients.<\/li>\n<li>Identifier et att\u00e9nuer les \u00e9ventuels risques dans la communication.<\/li>\n<\/ul>\n<p><strong>Administrativement, le CEWG devra:<\/strong><\/p>\n<ul>\n<li>obtenir un consensus de l&#8217;industrie sur les solutions propos\u00e9es, les plans d&#8217;action et les \u00e9ch\u00e9anciers pour toutes les questions ouvertes ;<\/li>\n<li>attribuer les responsabilit\u00e9 en function des questions qui seront soulev\u00e9es ;<\/li>\n<li>assurer une communication continue au T2SC, et le suivi des probl\u00e8mes jusqu&#8217;\u00e0 la fin ; et<\/li>\n<li>fournir des indications suppl\u00e9mentaires, la direction, et le soutien aux questions juridiques et r\u00e8glementaires sur T+2, comme c\u2019est demand\u00e9 par le T2SC.<\/li>\n<\/ul>\n<p><strong>Gouvernance<\/strong><\/p>\n<p>Les r\u00e9unions seront convoqu\u00e9es par le pr\u00e9sident. Les avis de convocation aux r\u00e9unions et les ordres du jour seront envoy\u00e9s \u00e0 tous les membres du CEWG. Un compte-rendu des r\u00e9unions sera effectu\u00e9, et il sera pris note de la pr\u00e9sence de chacun. Les proc\u00e8s-verbaux seront d\u00e9pos\u00e9s au CEWG pour approbation. Il n&#8217;y a pas de condition de quorum minimum fix\u00e9 pour les r\u00e9unions. Toutes les recommendations seront transmises au T2SC pour approbation finale. Le proc\u00e8s-verbal et les d\u00e9cisions du CEWG peuvent \u00eatre affich\u00e9s sur le site Web de l&#8217;ACMC.[\/vc_column_text][\/vc_column][vc_column width=&#8221;1\/3&#8243;][vc_column_text css=&#8221;.vc_custom_1497627679599{border-top-width: 0px !important;border-right-width: 0px !important;border-bottom-width: 0px !important;border-left-width: 3px !important;padding-top: 1px !important;padding-right: 18px !important;padding-bottom: 20px !important;padding-left: 18px !important;border-left-color: #d6d6d6 !important;border-left-style: solid !important;border-right-color: #d6d6d6 !important;border-right-style: solid !important;border-top-color: #d6d6d6 !important;border-top-style: solid !important;border-bottom-color: #d6d6d6 !important;border-bottom-style: solid !important;}&#8221;]<strong>Participants<br \/>\n<\/strong><\/p>\n<p>Pr\u00e9sidente &#8211; <a href=\"http:\/\/ccma-acmc.ca\/en\/barbara-amsden\/\">Barb Amsden<br \/>\n<\/a>Membres &#8211; <a href=\"http:\/\/ccma-acmc.ca\/en\/wp-content\/uploads\/CCMA_Committee_Members-Liste_des_membres_des_comit%C3%A9s_de_lACMC.pdf\">Au 5 janvier 2017<\/a><\/p>\n<p><strong>Registre d\u2019enjeux<br \/>\n<\/strong><a href=\"http:\/\/ccma-acmc.ca\/en\/wp-content\/uploads\/CEWG-Issues-at-October-17-2016-2.pdf\">Au 17 octobre 2016<\/a><strong>\u00a0<\/strong> (il n&#8217;en reste aucun probl\u00e8me \u00e0 r\u00e9soudre)<\/p>\n<p><strong>R\u00e9unions<\/strong><\/p>\n<p><a href=\"http:\/\/ccma-acmc.ca\/en\/wp-content\/uploads\/CEWG-MeetingPackage-2017-June-13.pdf\">2017 &#8211; le 13 juin<br \/>\n<\/a><a href=\"http:\/\/ccma-acmc.ca\/en\/wp-content\/uploads\/CEWG-MeetingPackage-2017-May-09.pdf\">2017 &#8211; le 9 mai<br \/>\n<\/a><a href=\"http:\/\/ccma-acmc.ca\/en\/wp-content\/uploads\/CEWG-MeetingPackage-2017-February-14.pdf\">2017 &#8211; le 11 avril<br \/>\n2017 &#8211; le 14 f<\/a><a href=\"http:\/\/ccma-acmc.ca\/en\/wp-content\/uploads\/CEWG-MeetingPackage-2015-December-1.pdf\">\u00e9<\/a><a href=\"http:\/\/ccma-acmc.ca\/en\/wp-content\/uploads\/CEWG-MeetingPackage-2017-February-14.pdf\">vrier<\/a><a href=\"http:\/\/ccma-acmc.ca\/en\/wp-content\/uploads\/CEWG-MeetingPackage-2017-January-10.pdf\"><br \/>\n2017 &#8211; le 10 janvier<\/a><a href=\"http:\/\/ccma-acmc.ca\/en\/wp-content\/uploads\/CEWG-MeetingPackage-2016-December-13.pdf\"><br \/>\n<\/a><a href=\"http:\/\/ccma-acmc.ca\/en\/wp-content\/uploads\/CEWG-MeetingPackage-2016-December-13.pdf\">2016 &#8211; le 13 d\u00e9cembre<\/a><a href=\"http:\/\/ccma-acmc.ca\/en\/wp-content\/uploads\/CEWG-MeetingPackage-2016-November-15.pdf\"><br \/>\n2016 &#8211; le 15 novembre<br \/>\n<\/a><a href=\"http:\/\/ccma-acmc.ca\/en\/wp-content\/uploads\/CEWG-MeetingPackage-2016-Ocotber-11.pdf\">2016 &#8211; le 11 octobre<\/a><br \/>\n<a href=\"http:\/\/ccma-acmc.ca\/en\/wp-content\/uploads\/CEWG-MeetingPackage-2016-September13.pdf\">2016 &#8211; le 13 septembre<\/a><br \/>\n<a href=\"http:\/\/ccma-acmc.ca\/en\/wp-content\/uploads\/CEWG-MeetingPackage-2016-July12.pdf\">2016 &#8211; le 12 juillet<\/a><a href=\"http:\/\/ccma-acmc.ca\/en\/wp-content\/uploads\/CEWG-MeetingPackage-2016-June14.pdf\"><br \/>\n2016 &#8211; le 14 juin<\/a><br \/>\n<a href=\"http:\/\/ccma-acmc.ca\/en\/wp-content\/uploads\/CEWG-MeetingPackage-2016-May-17.pdf\">2016 &#8211; le 17 mai<\/a><a href=\"http:\/\/ccma-acmc.ca\/en\/wp-content\/uploads\/CEWG-MeetingPackage-2016-May-3.pdf\"><br \/>\n2016 &#8211; le 3 mai<\/a><br \/>\n<a href=\"http:\/\/ccma-acmc.ca\/en\/wp-content\/uploads\/CEWG-MeetingPackage-2016-April-19.pdf\">2016 <\/a><a href=\"http:\/\/ccma-acmc.ca\/en\/wp-content\/uploads\/CEWG-MeetingPackage-2016-April-19.pdf\">&#8211; <\/a><a href=\"http:\/\/ccma-acmc.ca\/en\/wp-content\/uploads\/CEWG-MeetingPackage-2016-April-19.pdf\">le 19 avril<\/a><br \/>\n<a href=\"http:\/\/ccma-acmc.ca\/en\/wp-content\/uploads\/CEWG-MeetingPackage-2016-April-5.pdf\">2016 <\/a><a href=\"http:\/\/ccma-acmc.ca\/en\/wp-content\/uploads\/CEWG-MeetingPackage-2016-April-19.pdf\">&#8211; <\/a><a href=\"http:\/\/ccma-acmc.ca\/en\/wp-content\/uploads\/CEWG-MeetingPackage-2016-April-5.pdf\">le 5 avril<br \/>\n<\/a><a href=\"http:\/\/ccma-acmc.ca\/en\/wp-content\/uploads\/CEWG-MeetingPackage-2016-March-22.pdf\">2016 &#8211; le 22 mars<br \/>\n<\/a><a href=\"http:\/\/ccma-acmc.ca\/en\/wp-content\/uploads\/CEWG-MeetingPackage-2016-March-8.pdf\">2016 &#8211; le 8 mars<\/a><br \/>\n<a href=\"http:\/\/ccma-acmc.ca\/en\/wp-content\/uploads\/CEWG-MeetingPackage-2016-January-19-1.pdf\">2016 &#8211; le 19 janvier<\/a><br \/>\n<a href=\"http:\/\/ccma-acmc.ca\/en\/wp-content\/uploads\/CEWG-MeetingPackage-2016-Jannuary-5.pdf\">2016 &#8211; le 5 janvier<\/a><a href=\"http:\/\/ccma-acmc.ca\/en\/wp-content\/uploads\/CEWG-MeetingPackage-2016-March-8.pdf\"><br \/>\n<\/a><a href=\"http:\/\/ccma-acmc.ca\/en\/wp-content\/uploads\/CEWG-MeetingPackage-2015-December-15.pdf\">2015 <\/a><a href=\"http:\/\/ccma-acmc.ca\/en\/wp-content\/uploads\/CEWG-MeetingPackage-2016-April-19.pdf\">&#8211; <\/a><a href=\"http:\/\/ccma-acmc.ca\/en\/wp-content\/uploads\/CEWG-MeetingPackage-2015-December-15.pdf\">le 15 d\u00e9cembre<\/a><a href=\"http:\/\/ccma-acmc.ca\/en\/wp-content\/uploads\/CEWG-MeetingPackage-2016-Jannuary-5.pdf\"><br \/>\n<\/a><a href=\"http:\/\/ccma-acmc.ca\/en\/wp-content\/uploads\/CEWG-MeetingPackage-2015-December-1.pdf\">2015 &#8211; le 1 d\u00e9cembre<\/a>[\/vc_column_text][\/vc_column][\/vc_row]<\/p>\n<\/section>","protected":false},"excerpt":{"rendered":"<p>[vc_row type=&#8221;container&#8221; padding_top=&#8221;&#8221; padding_bottom=&#8221;&#8221;][vc_column][vc_column_text] Groupe de travail \u00ab Communications et formation \u00bb (CEWG) [\/vc_column_text][\/vc_column][\/vc_row][vc_row type=&#8221;container&#8221; padding_top=&#8221;&#8221; padding_bottom=&#8221;&#8221;][vc_column width=&#8221;2\/3&#8243;][vc_column_text]Aper\u00e7u Le Groupe de travail \u00ab\u00a0Communications et formation \u00bb (CEWG) a \u00e9t\u00e9 charg\u00e9 de g\u00e9rer les communications avec les parties prenantes afin de faciliter la transition entre la p\u00e9riode de r\u00e8glement actuelle de titres standard de l&#8217;industrie pour [&hellip;]<\/p>\n","protected":false},"author":1,"featured_media":0,"parent":73,"menu_order":8,"comment_status":"closed","ping_status":"closed","template":"","meta":{"_acf_changed":false,"footnotes":""},"class_list":["post-71183","page","type-page","status-publish","hentry"],"acf":[],"_links":{"self":[{"href":"https:\/\/ccma-acmc.ca\/fr\/wp-json\/wp\/v2\/pages\/71183","targetHints":{"allow":["GET"]}}],"collection":[{"href":"https:\/\/ccma-acmc.ca\/fr\/wp-json\/wp\/v2\/pages"}],"about":[{"href":"https:\/\/ccma-acmc.ca\/fr\/wp-json\/wp\/v2\/types\/page"}],"author":[{"embeddable":true,"href":"https:\/\/ccma-acmc.ca\/fr\/wp-json\/wp\/v2\/users\/1"}],"replies":[{"embeddable":true,"href":"https:\/\/ccma-acmc.ca\/fr\/wp-json\/wp\/v2\/comments?post=71183"}],"version-history":[{"count":13,"href":"https:\/\/ccma-acmc.ca\/fr\/wp-json\/wp\/v2\/pages\/71183\/revisions"}],"predecessor-version":[{"id":72568,"href":"https:\/\/ccma-acmc.ca\/fr\/wp-json\/wp\/v2\/pages\/71183\/revisions\/72568"}],"up":[{"embeddable":true,"href":"https:\/\/ccma-acmc.ca\/fr\/wp-json\/wp\/v2\/pages\/73"}],"wp:attachment":[{"href":"https:\/\/ccma-acmc.ca\/fr\/wp-json\/wp\/v2\/media?parent=71183"}],"curies":[{"name":"wp","href":"https:\/\/api.w.org\/{rel}","templated":true}]}}