{"id":71120,"date":"2016-03-25T11:32:09","date_gmt":"2016-03-25T15:32:09","guid":{"rendered":"http:\/\/ccma-acmc.ca\/beta\/?page_id=71120"},"modified":"2017-11-21T08:59:48","modified_gmt":"2017-11-21T13:59:48","slug":"t2-operations-working-group","status":"publish","type":"page","link":"https:\/\/ccma-acmc.ca\/fr\/committees\/t2-operations-working-group\/","title":{"rendered":"Groupe de travail Op\u00e9rations (OWG)"},"content":{"rendered":"<section class=\"wpb-content-wrapper\"><p>[vc_row type=&#8221;container&#8221; padding_top=&#8221;&#8221; padding_bottom=&#8221;&#8221;][vc_column][vc_column_text]<\/p>\n<h3>Groupe de travail Op\u00e9rations (OWG)<\/h3>\n<p>[\/vc_column_text][\/vc_column][\/vc_row][vc_row type=&#8221;container&#8221; padding_top=&#8221;&#8221; padding_bottom=&#8221;&#8221;][vc_column width=&#8221;2\/3&#8243;][vc_column_text]<strong>Aper<\/strong><strong>\u00e7<\/strong><strong>u<\/strong><\/p>\n<p>Le Groupe de travail Op\u00e9rations (OWG) a \u00e9t\u00e9 charg\u00e9 d&#8217; identifier tous les probl\u00e8mes op\u00e9rationnels et obstacles li\u00e9s \u00e0 la d\u00e9cision du Canada de passer d&#8217;une p\u00e9riode de r\u00e8glement de titres de trois jours (T+3) \u00e0 deux jours (T+2).<\/p>\n<p>L\u2019 initiative canadienne T+2 est coordonn\u00e9e avec celle des \u00c9tats-Unis. La date de mise en \u0153uvre conjointe est pr\u00e9vue pour le 5 septembre 2017.<\/p>\n<p><strong>Participation<\/strong><\/p>\n<p>Les personnes repr\u00e9sentant les entreprises et les organisations ayant un int\u00e9r\u00eat dans l\u2019initiative T+2 peuvent \u00eatre membres de l\u2019OWG. Ces entreprises et organismes comprennent le buy-side, les fiducies, le sell-side, les fournisseurs de services, les services publics de l&#8217;industrie, les organismes d&#8217;autor\u00e8glementation, et les organismes de r\u00e8glementation. Des nouveaux membres peuvent se joindre \u00e0 l&#8217;OWG \u00e0 tout moment.<\/p>\n<p><strong>Structure de reporting<\/strong><\/p>\n<p>L\u2019OWG rel\u00e8ve du Comit\u00e9 directeur de l&#8217;ACMC T+2 (T2SC) par l&#8217;interm\u00e9diaire des co-pr\u00e9sidents de l\u2019OWG.<\/p>\n<p><strong>Responsabilit\u00e9s<\/strong><\/p>\n<p>Le OWG devra:<\/p>\n<ul>\n<li>identifier, d\u00e9crire et documenter toutes les questions op\u00e9rationnelles, y compris les syst\u00e8mes, les processus et les proc\u00e9dures li\u00e9es au passage \u00e0 T+2;<\/li>\n<li>obtenir un consensus de l&#8217;industrie sur les solutions propos\u00e9es, les plans d&#8217;action et les \u00e9ch\u00e9anciers pour toutes les questions ouvertes, y compris la d\u00e9termination des crit\u00e8res d&#8217;essai\/exigences;<\/li>\n<li>attribuer les responsabilit\u00e9s par rapport aux questions qui seront soulev\u00e9es<\/li>\n<li>assurer une communication continue avec le T2SC, et le suivi des probl\u00e8mes jusqu&#8217;\u00e0 la fin; et<\/li>\n<li>fournir des indications suppl\u00e9mentaires, la direction, et le soutien aux questions op\u00e9rationnelles sur \u00a0T+2 telles qu\u2019elles pourront \u00eatre demand\u00e9es par le T2SC.<\/li>\n<\/ul>\n<ul>\n<li>Identifier si des sous-groupes de travail seront n\u00e9cessaires pour des questions sp\u00e9cifiques.<\/li>\n<\/ul>\n<p><strong>Gouvernance<\/strong><\/p>\n<p>Les r\u00e9unions seront convoqu\u00e9es par les co-pr\u00e9sidents. L\u2019avis de convocation aux r\u00e9unions et les ordres du jour seront envoy\u00e9s \u00e0 tous les membres OWG. Un compte-rendu des r\u00e9unions sera effectu\u00e9 et il sera pris note de la pr\u00e9sence de chacun. Les proc\u00e8s-verbaux seront d\u00e9pos\u00e9s \u00e0 la OWG pour approbation. Il n&#8217;y a pas de condition de quorum minimum fix\u00e9 pour les r\u00e9unions. Toutes les recommendations seront transmises au T2SC pour approbation finale. Le proc\u00e8s-verbal, les d\u00e9cisions et les registres des questions de l&#8217;OWG peuvent \u00eatre affich\u00e9s sur le site Web de la ACMC.[\/vc_column_text][\/vc_column][vc_column width=&#8221;1\/3&#8243;][vc_column_text css=&#8221;.vc_custom_1497626952137{border-top-width: 0px !important;border-right-width: 0px !important;border-bottom-width: 0px !important;border-left-width: 3px !important;padding-top: 1px !important;padding-right: 18px !important;padding-bottom: 20px !important;padding-left: 18px !important;border-left-color: #d6d6d6 !important;border-left-style: solid !important;border-right-color: #d6d6d6 !important;border-right-style: solid !important;border-top-color: #d6d6d6 !important;border-top-style: solid !important;border-bottom-color: #d6d6d6 !important;border-bottom-style: solid !important;}&#8221;]<strong>Participants<\/strong><\/p>\n<p>Copr\u00e9sident<br \/>\n&#8211; <a href=\"http:\/\/ccma-acmc.ca\/en\/wp-content\/uploads\/Bio-Michael-Holmes.pdf\">Michael Holmes<\/a><br \/>\nCopr\u00e9sident<br \/>\n&#8211; <a href=\"http:\/\/ccma-acmc.ca\/en\/wp-content\/uploads\/Bio-Domenic-Sgambelluri.pdf\">Domenic Sgambelluri<\/a><br \/>\nMembres &#8211;<br \/>\n&#8211; <a href=\"http:\/\/ccma-acmc.ca\/en\/wp-content\/uploads\/CCMA_Committee_Members-Liste_des_membres_des_comit\u00e9s_de_lACMC.pdf\">Au 5 janvier 2017<\/a><\/p>\n<p><strong>Registre d\u2019enjeux<\/strong><\/p>\n<p><a href=\"http:\/\/ccma-acmc.ca\/en\/wp-content\/uploads\/OWG-Issue-Log-February-2017-.xlsx\">2017 &#8211; le 17 February-17<\/a><\/p>\n<p><strong>R\u00e9unions<\/strong><\/p>\n<p><a href=\"http:\/\/ccma-acmc.ca\/en\/wp-content\/uploads\/OWG-MeetingPackage-2017-May-2.pdf\">2017 &#8211; le 13 juin<br \/>\n2017 &#8211; le 2 mai<\/a><a href=\"http:\/\/ccma-acmc.ca\/en\/wp-content\/uploads\/OWG-MeetingPackage-2017-February-21.pdf\"><br \/>\n2017 &#8211; le 21 mars<br \/>\n2017 &#8211; 21 <\/a><a href=\"http:\/\/ccma-acmc.ca\/en\/wp-content\/uploads\/OWG-MeetingPackage-2016-February-17.pdf\" rel=\"\">f\u00e9vrie<\/a><a href=\"http:\/\/ccma-acmc.ca\/en\/wp-content\/uploads\/OWG-MeetingPackage-2017-February-21.pdf\">r<\/a><br \/>\n<a href=\"http:\/\/OWG-MeetingPackage-2017-January%2017\">2017 &#8211; 17 janvier<br \/>\n2016 &#8211; le 22 novembre<\/a><br \/>\n<a href=\"http:\/\/ccma-acmc.ca\/en\/wp-content\/uploads\/OWG-MeetingPackage-2016-September-20.pdf\">2016 &#8211; le 25 octobre<br \/>\n2016 &#8211; le 20 septembre<br \/>\n<\/a><a href=\"http:\/\/ccma-acmc.ca\/en\/wp-content\/uploads\/OWG-MeetingPackage-2016-August-17.pdf\">2016 &#8211; le 17 ao\u00fbt<\/a><br \/>\n<a href=\"http:\/\/ccma-acmc.ca\/en\/wp-content\/uploads\/OWG-MeetingPackage-2016-June-15.pdf\">2016 &#8211; le 15 juin<\/a><a href=\"http:\/\/ccma-acmc.ca\/en\/wp-content\/uploads\/OWG-MeetingPackage-2016-May-11.pdf\"><br \/>\n2016 &#8211; le 11 mai<\/a><a href=\"http:\/\/ccma-acmc.ca\/en\/wp-content\/uploads\/OWG-MeetingPackage-2016-April-13.pdf\"><br \/>\n2016 &#8211; le 13 avril<\/a><br \/>\n<a href=\"http:\/\/ccma-acmc.ca\/en\/wp-content\/uploads\/OWG-MeetingPackage-2016-March-16.pdf\" rel=\"\">2016 &#8211; le 16 mars<\/a><a href=\"http:\/\/ccma-acmc.ca\/en\/wp-content\/uploads\/OWG-MeetingPackage-2016-January-13.pdf\" rel=\"\"><br \/>\n<\/a><a href=\"http:\/\/ccma-acmc.ca\/en\/wp-content\/uploads\/OWG-MeetingPackage-2016-February-17.pdf\" rel=\"\">2016 &#8211; le 17 f\u00e9vrier<br \/>\n<\/a><a href=\"http:\/\/ccma-acmc.ca\/en\/wp-content\/uploads\/OWG-MeetingPackage-2016-January-13.pdf\" rel=\"\">2016 &#8211; le 13 janvier<\/a><a href=\"http:\/\/ccma-acmc.ca\/en\/wp-content\/uploads\/OWG-MeetingPackage-2015-November-24.pdf\" rel=\"\"><br \/>\n<\/a><a href=\"http:\/\/ccma-acmc.ca\/en\/wp-content\/uploads\/OWG-MeetingPackage-2015-December-15.pdf\">2015 &#8211; le 15 d\u00e9cembre<\/a><br \/>\n<a href=\"http:\/\/ccma-acmc.ca\/en\/wp-content\/uploads\/OWG-MeetingPackage-2015-November-24.pdf\" rel=\"\">2015 &#8211; le 24 novembre<br \/>\n<\/a><a href=\"http:\/\/ccma-acmc.ca\/en\/wp-content\/uploads\/OWG-MeetingPackage-2015-November-3.pdf\" rel=\"\">2015 &#8211; le 3 novembre<\/a>[\/vc_column_text][\/vc_column][\/vc_row]<\/p>\n<\/section>","protected":false},"excerpt":{"rendered":"<p>[vc_row type=&#8221;container&#8221; padding_top=&#8221;&#8221; padding_bottom=&#8221;&#8221;][vc_column][vc_column_text] Groupe de travail Op\u00e9rations (OWG) [\/vc_column_text][\/vc_column][\/vc_row][vc_row type=&#8221;container&#8221; padding_top=&#8221;&#8221; padding_bottom=&#8221;&#8221;][vc_column width=&#8221;2\/3&#8243;][vc_column_text]Aper\u00e7u Le Groupe de travail Op\u00e9rations (OWG) a \u00e9t\u00e9 charg\u00e9 d&#8217; identifier tous les probl\u00e8mes op\u00e9rationnels et obstacles li\u00e9s \u00e0 la d\u00e9cision du Canada de passer d&#8217;une p\u00e9riode de r\u00e8glement de titres de trois jours (T+3) \u00e0 deux jours (T+2). L\u2019 initiative [&hellip;]<\/p>\n","protected":false},"author":1,"featured_media":0,"parent":73,"menu_order":6,"comment_status":"closed","ping_status":"closed","template":"","meta":{"_acf_changed":false,"footnotes":""},"class_list":["post-71120","page","type-page","status-publish","hentry"],"acf":[],"_links":{"self":[{"href":"https:\/\/ccma-acmc.ca\/fr\/wp-json\/wp\/v2\/pages\/71120","targetHints":{"allow":["GET"]}}],"collection":[{"href":"https:\/\/ccma-acmc.ca\/fr\/wp-json\/wp\/v2\/pages"}],"about":[{"href":"https:\/\/ccma-acmc.ca\/fr\/wp-json\/wp\/v2\/types\/page"}],"author":[{"embeddable":true,"href":"https:\/\/ccma-acmc.ca\/fr\/wp-json\/wp\/v2\/users\/1"}],"replies":[{"embeddable":true,"href":"https:\/\/ccma-acmc.ca\/fr\/wp-json\/wp\/v2\/comments?post=71120"}],"version-history":[{"count":11,"href":"https:\/\/ccma-acmc.ca\/fr\/wp-json\/wp\/v2\/pages\/71120\/revisions"}],"predecessor-version":[{"id":72566,"href":"https:\/\/ccma-acmc.ca\/fr\/wp-json\/wp\/v2\/pages\/71120\/revisions\/72566"}],"up":[{"embeddable":true,"href":"https:\/\/ccma-acmc.ca\/fr\/wp-json\/wp\/v2\/pages\/73"}],"wp:attachment":[{"href":"https:\/\/ccma-acmc.ca\/fr\/wp-json\/wp\/v2\/media?parent=71120"}],"curies":[{"name":"wp","href":"https:\/\/api.w.org\/{rel}","templated":true}]}}