{"id":71068,"date":"2016-03-23T11:39:27","date_gmt":"2016-03-23T15:39:27","guid":{"rendered":"http:\/\/ccma-acmc.ca\/beta\/?page_id=71068"},"modified":"2020-12-03T01:10:13","modified_gmt":"2020-12-03T06:10:13","slug":"livres-blancs","status":"publish","type":"page","link":"https:\/\/ccma-acmc.ca\/fr\/resources\/archives\/livres-blancs\/","title":{"rendered":"Livres blancs"},"content":{"rendered":"<section class=\"wpb-content-wrapper\"><p>[vc_row type=&#8221;container&#8221; padding_top=&#8221;75&#8243; padding_bottom=&#8221;&#8221; css=&#8221;.vc_custom_1454116470140{margin-bottom: 25px !important;}&#8221;][vc_column css=&#8221;.vc_custom_1444954308084{margin-bottom: 35px !important;}&#8221;][vc_column_text css=&#8221;.vc_custom_1465502749092{margin-top: 0px !important;}&#8221;]<\/p>\n<h1>Livres blancs<\/h1>\n<p>La priorit\u00e9 de l&#8217;ACMC en 1999 \u00e9tait de faciliter la pr\u00e9paration g\u00e9n\u00e9rale de l&#8217;industrie canadienne des valeurs mobili\u00e8res \u00e0 mettre en \u0153uvre d&#8217;abord un cycle de r\u00e8glement raccourci \u00e0 T + 1 et, apr\u00e8s les perturbations du 11 septembre, des strat\u00e9gies de traitement direct (STP), tout en favorisant l&#8217;appariement efficace et rapide le jour d&#8217;une transaction pour la compensation et le r\u00e8glementles sans erreurs entre les participants au march\u00e9 des capitaux.<\/p>\n<p>12 juillet 2004\u00a0: \u00a0<strong><a href=\"http:\/\/ccma-acmc.ca\/en\/wp-content\/uploads\/Capco-Summary-Report-Canadian-Vs.-U.S.-STP-and-T1-Assessment-Results-July-12-2004.pdf\">Rapport sommaire de Capco \u2013 R\u00e9sultats de l&#8217;\u00e9valuation STP \/ T + 1 au Canada<\/a><\/strong><em>\u00a0 (disponible en anglais seulement)<\/em><\/p>\n<p>12 juillet 2004\u00a0:\u00a0 <strong><a href=\"http:\/\/ccma-acmc.ca\/en\/wp-content\/uploads\/Capco_Detailed_Assessment_Report_2004-07-12-1.pdf\">\u00c9valuations de Capco des pr\u00e9parations pour le STP \/ T + 1 au Canada et comparaison de ces pr\u00e9parations au Canada avec celles des \u00c9tats-Unis<\/a> <\/strong>&#8211; Rapport d&#8217;\u00e9valuation de l&#8217;\u00e9tat de pr\u00e9paration STP \/ T + 1 pour le Canada <em>(disponible en anglais seulement)<\/em><\/p>\n<p>18 d\u00e9cembre 2003:\u00a0 <a href=\"https:\/\/ccma-acmc.ca\/fr\/wp-content\/uploads\/2016\/03\/Direct_Registration_System_White_Paper_2003-12-18r.pdf\" target=\"_blank\" rel=\"noopener noreferrer\">Direct Registration System White Paper<\/a>\u00a0<em>(disponible en anglais seulement)<\/em><\/p>\n<p>16 septembre 2003:\u00a0 <a href=\"https:\/\/ccma-acmc.ca\/fr\/wp-content\/uploads\/2016\/03\/Retail_Trade-_Processing_Working_Group_Addendum_2003-09-16.pdf\" target=\"_blank\" rel=\"noopener noreferrer\">Retail Tra<\/a><a href=\"https:\/\/ccma-acmc.ca\/fr\/wp-content\/uploads\/2016\/03\/Retail_Trade-_Processing_Working_Group_Addendum_2003-09-16.pdf\" target=\"_blank\" rel=\"noopener noreferrer\">de Processing White Paper<\/a>\u00a0<em>(disponible en anglais seulement)<\/em><\/p>\n<p>6 juin 2003:\u00a0 <a href=\"https:\/\/ccma-acmc.ca\/fr\/wp-content\/uploads\/2016\/03\/Canadian_Securities_Marketplace_Best_Practices_and_Standards_-_Institutional_Trade_Processing_Entitlements_and_Securities_Lending_-_June_6_2003.pdf\" target=\"_blank\" rel=\"noopener noreferrer\">Canadian Securities Marketplace Best Practices and Standards<\/a> (Institutional Trade Processing, Entitlements and Securities Lending)\u00a0<em>(disponible en anglais seulement)<\/em><\/p>\n<p>26 mai 2003:\u00a0 <a href=\"https:\/\/ccma-acmc.ca\/fr\/wp-content\/uploads\/2016\/03\/Corporate_Actions_White_Paper_Addendum_2003-05-26.pdf\" target=\"_blank\" rel=\"noopener noreferrer\">Corporate Actions White Paper Addendum<\/a>\u00a0<em>(disponible en anglais seulement)<\/em><\/p>\n<p>29 janvier 2003:\u00a0 <a href=\"https:\/\/ccma-acmc.ca\/fr\/wp-content\/uploads\/2016\/03\/Securities-Lending-White-Paper-2003-01-29.pdf\" target=\"_blank\" rel=\"noopener noreferrer\">Securities Lending White Paper<\/a>\u00a0<em>(disponible en anglais seulement)<\/em><\/p>\n<p>15 octobre 2002:\u00a0 <a href=\"https:\/\/ccma-acmc.ca\/fr\/wp-content\/uploads\/2016\/03\/Corporate_Actions_White_Paper_2002-10-15.pdf\" target=\"_blank\" rel=\"noopener noreferrer\">Corporate Actions White Paper<\/a>\u00a0<em>(disponible en anglais seulement)<\/em><\/p>\n<p>2002:\u00a0 <a href=\"https:\/\/ccma-acmc.ca\/fr\/wp-content\/uploads\/2016\/03\/STP_Primer_-_STP_Is_Everyones_Business_2002.pdf\" target=\"_blank\" rel=\"noopener noreferrer\">STP_Primer \u2013\u00a0 STP Is Everyone&#8217;s Business<\/a>\u00a0<em>(disponible en anglais seulement)<\/em><\/p>\n<p>31 octobre 2001:\u00a0 <a href=\"https:\/\/ccma-acmc.ca\/fr\/wp-content\/uploads\/2016\/03\/General_and_Detailed_Legal_and_Regulatory_Issues_List_2001-10-31.pdf\" target=\"_blank\" rel=\"noopener noreferrer\">General and Detailed Legal and Regulatory Issues List<\/a>\u00a0<em>(disponible en anglais seulement)<\/em><\/p>\n<p>10 novembre 2000: <strong><a href=\"http:\/\/ccma-acmc.ca\/en\/wp-content\/uploads\/Charles-River-Report-Nov10.pdf\">Arguments \u00e9conomiques pour le T+1 au Canada<\/a><\/strong> pr\u00e9par\u00e9s par Charles River Associates<em> (disponible en anglais seulement)<\/em><\/p>\n<p>[\/vc_column_text][\/vc_column][\/vc_row][vc_row type=&#8221;container&#8221; padding_top=&#8221;&#8221; padding_bottom=&#8221;&#8221;][vc_column][vc_column_text]Last updated: December 3, 2020 at 1:10 am[\/vc_column_text][\/vc_column][\/vc_row]<\/p>\n<\/section>","protected":false},"excerpt":{"rendered":"<p>[vc_row type=&#8221;container&#8221; padding_top=&#8221;75&#8243; padding_bottom=&#8221;&#8221; css=&#8221;.vc_custom_1454116470140{margin-bottom: 25px !important;}&#8221;][vc_column css=&#8221;.vc_custom_1444954308084{margin-bottom: 35px !important;}&#8221;][vc_column_text css=&#8221;.vc_custom_1465502749092{margin-top: 0px !important;}&#8221;] Livres blancs La priorit\u00e9 de l&#8217;ACMC en 1999 \u00e9tait de faciliter la pr\u00e9paration g\u00e9n\u00e9rale de l&#8217;industrie canadienne des valeurs mobili\u00e8res \u00e0 mettre en \u0153uvre d&#8217;abord un cycle de r\u00e8glement raccourci \u00e0 T + 1 et, apr\u00e8s les perturbations du 11 septembre, des [&hellip;]<\/p>\n","protected":false},"author":1,"featured_media":0,"parent":71050,"menu_order":24,"comment_status":"closed","ping_status":"closed","template":"","meta":{"_acf_changed":false,"footnotes":""},"class_list":["post-71068","page","type-page","status-publish","hentry"],"acf":[],"_links":{"self":[{"href":"https:\/\/ccma-acmc.ca\/fr\/wp-json\/wp\/v2\/pages\/71068","targetHints":{"allow":["GET"]}}],"collection":[{"href":"https:\/\/ccma-acmc.ca\/fr\/wp-json\/wp\/v2\/pages"}],"about":[{"href":"https:\/\/ccma-acmc.ca\/fr\/wp-json\/wp\/v2\/types\/page"}],"author":[{"embeddable":true,"href":"https:\/\/ccma-acmc.ca\/fr\/wp-json\/wp\/v2\/users\/1"}],"replies":[{"embeddable":true,"href":"https:\/\/ccma-acmc.ca\/fr\/wp-json\/wp\/v2\/comments?post=71068"}],"version-history":[{"count":5,"href":"https:\/\/ccma-acmc.ca\/fr\/wp-json\/wp\/v2\/pages\/71068\/revisions"}],"predecessor-version":[{"id":72640,"href":"https:\/\/ccma-acmc.ca\/fr\/wp-json\/wp\/v2\/pages\/71068\/revisions\/72640"}],"up":[{"embeddable":true,"href":"https:\/\/ccma-acmc.ca\/fr\/wp-json\/wp\/v2\/pages\/71050"}],"wp:attachment":[{"href":"https:\/\/ccma-acmc.ca\/fr\/wp-json\/wp\/v2\/media?parent=71068"}],"curies":[{"name":"wp","href":"https:\/\/api.w.org\/{rel}","templated":true}]}}