{"id":70923,"date":"2016-03-22T01:39:12","date_gmt":"2016-03-22T05:39:12","guid":{"rendered":"http:\/\/ccma-acmc.ca\/beta\/?page_id=70923"},"modified":"2020-12-03T01:30:04","modified_gmt":"2020-12-03T06:30:04","slug":"resources","status":"publish","type":"page","link":"https:\/\/ccma-acmc.ca\/fr\/resources\/","title":{"rendered":"Ressources"},"content":{"rendered":"<section class=\"wpb-content-wrapper\"><p>[vc_row type=&#8221;container&#8221; padding_top=&#8221;75&#8243; padding_bottom=&#8221;&#8221; css=&#8221;.vc_custom_1459228404902{margin-bottom: 25px !important;}&#8221;][vc_column css=&#8221;.vc_custom_1444954308084{margin-bottom: 35px !important;}&#8221;][vc_column_text]<\/p>\n<h3>Ressources<\/h3>\n<p>L\u2019ACMC &#8211; directement et avec les entreprises participantes, les associations de l&#8217;industrie et d&#8217;autres parties int\u00e9ress\u00e9es &#8211; \u00e9labore des strat\u00e9gies et du mat\u00e9riel pour aider les march\u00e9s financiers canadiens participants \u00e0 se pr\u00e9parer \u00e0 la transition au T+2. Voici quelques exemples: \u00e9v\u00e9nements, publications, donn\u00e9es et liens. Si vous avez des suggestions concernant des outils ou des options suppl\u00e9mentaires, merci de bien vouloir nous envoyer <a href=\"mailto:info@ccma-acmc.ca\">un courriel<\/a>.[\/vc_column_text][vc_separator color=&#8221;&#8221; type=&#8221;normal&#8221; thickness=&#8221;&#8221; up=&#8221;&#8221; down=&#8221;&#8221;][vc_row_inner][vc_column_inner][vc_column_text]Les proc\u00e8s-verbaux des r\u00e9unions par t\u00e9l\u00e9conf\u00e9rence \u00e0 midi, d\u00e8s lundi, le 31 ao\u00fbt jusqu\u2019au vendredi, le 8 septembre, seront affich\u00e9s en ligne peu apr\u00e8s chaque r\u00e9union.\u00a0 Voir le plan d&#8217;action et les mises \u00e0 jour quotidiennes.<\/p>\n<div><strong><a href=\"http:\/\/ccma-acmc.ca\/en\/wp-content\/uploads\/CCMA-Two-Week-Transitional-Back-up-Support.pdf\" target=\"_blank\" rel=\"noopener noreferrer\">Plan de soutien transitionnel<\/a><\/strong> <em>(disponible en anglais seulement)<\/em> : le 10 <span id=\"result_box\" class=\"short_text\" lang=\"fr\"><span class=\"\">ao\u00fbt<\/span><\/span>, 2017<\/div>\n<div><\/div>\n<div><strong>Proc\u00e8s-verbaux des r\u00e9unions par t\u00e9l\u00e9conf\u00e9rence<\/strong><\/div>\n<p>Jeudi, le 31 <span id=\"result_box\" class=\"short_text\" lang=\"fr\"><span class=\"\">ao\u00fbt<\/span><\/span>, 2017 :\u00a0 <a href=\"http:\/\/ccma-acmc.ca\/en\/wp-content\/uploads\/CCMA-Two-Week-Transitional-Back-up-Support.pdf\">Proc\u00e8s-verbal<\/a> <em>(Disponible en anglais seulement)<\/em> &#8211; aucune pr\u00e9occupation<em><br \/>\n<\/em><\/p>\n<p>Vendredi, le 1 septembre :\u00a0\u00a0<a href=\"http:\/\/ccma-acmc.ca\/en\/wp-content\/uploads\/2017.09.01-Notes-of-CCMA-Transition-Update-Calls.pdf\">Proc\u00e8s-verbal<\/a> <em>(Disponible en anglais seulement)<\/em> &#8211; aucune pr\u00e9occupation<em><br \/>\n<\/em><\/p>\n<p>Samedi, le 2 septembre :\u00a0 <a href=\"http:\/\/ccma-acmc.ca\/en\/wp-content\/uploads\/2017.09.02-Notes-of-CCMA-Transition-Update-Calls.pdf\">Proc\u00e8s-verbal<\/a><em> (Disponible en anglais seulement) <\/em>&#8211; aucune pr\u00e9occupation<em><br \/>\n<\/em><\/p>\n<p>Dimanche, le 3 septembre : \u00a0<a href=\"http:\/\/ccma-acmc.ca\/en\/wp-content\/uploads\/2017.09.03-Notes-of-CCMA-Transition-Update-Calls.pdf\">Proc\u00e8s-verbal<\/a> <em>(Disponible en anglais seulement) &#8211; <\/em>aucune pr\u00e9occupation\u00a0<em><br \/>\n<\/em><\/p>\n<p>Lundi, le 4 septembre, 2017 : <a href=\"http:\/\/ccma-acmc.ca\/en\/wp-content\/uploads\/2017.09.04-Notes-of-CCMA-Transition-Update-Calls.docx\">Proc\u00e8s-verbal<\/a><em> (Disponible en anglais seulement)<\/em> &#8211; aucune pr\u00e9occupation<\/p>\n<p>Mardi, le 5 septembre, 2017 : <a href=\"http:\/\/ccma-acmc.ca\/en\/wp-content\/uploads\/2017.09.05-Notes-of-CCMA-Transition-Update-Calls.pdf\">Proc\u00e8s-verbal<\/a> <em>(Disponible en anglais seulement)<\/em> &#8211; aucune pr\u00e9occupation<\/p>\n<p>Mercredi, le 6 septembre, 2017 : \u00a0<a href=\"http:\/\/ccma-acmc.ca\/en\/wp-content\/uploads\/2017.09.06-Notes-of-CCMA-Transition-Update-Calls.pdf\">Proc\u00e8s-verbal<\/a> <em>(Disponible en anglais seulement)<\/em> &#8211; aucune pr\u00e9occupation<\/p>\n<p>Jeudi, le 7 septembre, 2017 : \u00a0<a href=\"http:\/\/ccma-acmc.ca\/en\/wp-content\/uploads\/2017.09.07-Notes-of-CCMA-Transition-Update-Calls-1.pdf\" target=\"_blank\" rel=\"noopener noreferrer\">Proc\u00e8s-verbal<\/a> <em>(Disponible en anglais seulement)<\/em> &#8211; aucune pr\u00e9occupation<\/p>\n<p>Friday, September 8, 2017:\u00a0 <a href=\"http:\/\/ccma-acmc.ca\/en\/wp-content\/uploads\/2017.09.08-Notes-of-CCMA-Transition-Update-Calls.pdf\" target=\"_blank\" rel=\"noopener noreferrer\">Proc\u00e8s-verbal<\/a> <em>(Disponible en anglais seulement)<\/em> &#8211; aucune pr\u00e9occupation<\/p>\n<p><strong>Aucun autre r\u00e9unions par t\u00e9l\u00e9conf\u00e9rence &#8211; <\/strong><span id=\"noHighlight_0.9410064364030841\"><strong>une mise en \u0153uvre r\u00e9ussie !<\/strong><br \/>\n<\/span><\/p>\n<p><strong>\u00a0<\/strong>[\/vc_column_text][\/vc_column_inner][\/vc_row_inner][\/vc_column][\/vc_row]<\/p>\n<\/section>","protected":false},"excerpt":{"rendered":"<p>[vc_row type=&#8221;container&#8221; padding_top=&#8221;75&#8243; padding_bottom=&#8221;&#8221; css=&#8221;.vc_custom_1459228404902{margin-bottom: 25px !important;}&#8221;][vc_column css=&#8221;.vc_custom_1444954308084{margin-bottom: 35px !important;}&#8221;][vc_column_text] Ressources L\u2019ACMC &#8211; directement et avec les entreprises participantes, les associations de l&#8217;industrie et d&#8217;autres parties int\u00e9ress\u00e9es &#8211; \u00e9labore des strat\u00e9gies et du mat\u00e9riel pour aider les march\u00e9s financiers canadiens participants \u00e0 se pr\u00e9parer \u00e0 la transition au T+2. Voici quelques exemples: \u00e9v\u00e9nements, publications, donn\u00e9es [&hellip;]<\/p>\n","protected":false},"author":1,"featured_media":0,"parent":0,"menu_order":10,"comment_status":"closed","ping_status":"closed","template":"","meta":{"_acf_changed":false,"footnotes":""},"class_list":["post-70923","page","type-page","status-publish","hentry"],"acf":[],"_links":{"self":[{"href":"https:\/\/ccma-acmc.ca\/fr\/wp-json\/wp\/v2\/pages\/70923","targetHints":{"allow":["GET"]}}],"collection":[{"href":"https:\/\/ccma-acmc.ca\/fr\/wp-json\/wp\/v2\/pages"}],"about":[{"href":"https:\/\/ccma-acmc.ca\/fr\/wp-json\/wp\/v2\/types\/page"}],"author":[{"embeddable":true,"href":"https:\/\/ccma-acmc.ca\/fr\/wp-json\/wp\/v2\/users\/1"}],"replies":[{"embeddable":true,"href":"https:\/\/ccma-acmc.ca\/fr\/wp-json\/wp\/v2\/comments?post=70923"}],"version-history":[{"count":17,"href":"https:\/\/ccma-acmc.ca\/fr\/wp-json\/wp\/v2\/pages\/70923\/revisions"}],"predecessor-version":[{"id":72643,"href":"https:\/\/ccma-acmc.ca\/fr\/wp-json\/wp\/v2\/pages\/70923\/revisions\/72643"}],"wp:attachment":[{"href":"https:\/\/ccma-acmc.ca\/fr\/wp-json\/wp\/v2\/media?parent=70923"}],"curies":[{"name":"wp","href":"https:\/\/api.w.org\/{rel}","templated":true}]}}