{"id":110,"date":"2015-10-09T14:06:33","date_gmt":"2015-10-09T18:06:33","guid":{"rendered":"http:\/\/broker.commercegurus.com\/?page_id=110"},"modified":"2017-11-21T08:59:40","modified_gmt":"2017-11-21T13:59:40","slug":"t2-steering-committee","status":"publish","type":"page","link":"https:\/\/ccma-acmc.ca\/fr\/committees\/t2-steering-committee\/","title":{"rendered":"Comit\u00e9 directeur T+2 (T2SC)"},"content":{"rendered":"<section class=\"wpb-content-wrapper\"><p>[vc_row type=&#8221;container&#8221; padding_top=&#8221;&#8221; padding_bottom=&#8221;&#8221;][vc_column][vc_column_text]<\/p>\n<h3>Comit\u00e9 directeur T+2 (T2SC)<\/h3>\n<p>[\/vc_column_text][\/vc_column][\/vc_row][vc_row type=&#8221;container&#8221; padding_top=&#8221;&#8221; padding_bottom=&#8221;&#8221;][vc_column width=&#8221;2\/3&#8243;][vc_column_text]<strong>Aper<\/strong><strong>\u00e7<\/strong><strong>u<\/strong><\/p>\n<p>Le Comit\u00e9 directeur T+2 (T2SC) a \u00e9t\u00e9 charg\u00e9 de coordonner un effort \u00e0 l&#8217;\u00e9chelle de l&#8217;industrie pour raccourcir le cycle de r\u00e8glement de titres de trois jours (ou T+3) \u00e0 une p\u00e9riode de deux jours (ou T+2). Le T2SC identifiera les changements juridiques et r\u00e8glementaires, des syst\u00e8mes, les processus et les changements de proc\u00e9dures necessaires, et assurera une communication et une formation efficace de l&#8217;industrie canadienne globale des services financiers.<\/p>\n<p>L\u2019initiative canadienne T+2 est coordonn\u00e9e en concert avec les \u00c9tats-Unis. La date de mise en \u0153uvre conjointe canado-am\u00e9ricaine est pr\u00e9vue pour Q3-2017.<\/p>\n<p><strong>Participation<\/strong><\/p>\n<p>Peuvent etre membres du T2SC les personnes repr\u00e9sentant les entreprises et les organisations ayant un int\u00e9r\u00eat dans l\u2019initiative T+2. Ces entreprises et organismes comprennent le buy-side, les conservateurs de titres, le sell-side, les fournisseurs de services, les services publics de l&#8217;industrie, les organismes d&#8217;autor\u00e8glementation, et d&#8217;autres organismes de r\u00e8glementation.<\/p>\n<p><strong>Structure de reporting<\/strong><\/p>\n<p>Le T2SC reporte au Conseil d&#8217;administration de l\u2019ACMC via le Directeur Ex\u00e9cutif\/Co-pr\u00e9sident du T2SC.<\/p>\n<p><strong>Responsabilit\u00e9s<\/strong><\/p>\n<p>Le T2SC devra, ou supervisera les groupes de travail qui devront:<\/p>\n<ul>\n<li>identifier tous les domaines (d\u00e9veloppement du syst\u00e8me, proc\u00e9dures, processus, etc.) qui doivent \u00eatre abord\u00e9s,<\/li>\n<li>identifier la solution (s) \u00e0 ce qui pr\u00e9c\u00e8de,<\/li>\n<li>obtenir l&#8217;accord de l&#8217;industrie sur les normes requises,<\/li>\n<li>identifier et promouvoir les changements de r\u00e8gles de soutien, le cas \u00e9ch\u00e9ant,<\/li>\n<li>obtenir un accord sur les d\u00e9lais,<\/li>\n<li>coordonner les activit\u00e9s pour accomplir les t\u00e2ches,<\/li>\n<li>engager et communiquer avec tous les membres de l&#8217;industrie,<\/li>\n<li>former ceux qui ont besoin de formation,<\/li>\n<li>planifier les tests qui seront n\u00e9cessaires au niveau de toute l\u2019industrie pour assurer la pr\u00e9paration globale de l&#8217;industrie, et<\/li>\n<li>coordonner avec les Etats-Unis pour assurer une approche tr\u00e8s \u00e9troitement li\u00e9e en ce qui concerne la mise en \u0153uvre.<\/li>\n<\/ul>\n<p><strong>Gouvernance<\/strong><\/p>\n<p>Les r\u00e9unions seront convoqu\u00e9es par l&#8217;un des co-pr\u00e9sidents. L\u2019avis de convocation aux r\u00e9unions et les ordres du jour seront envoy\u00e9s \u00e0 tous les membres \/ observateurs du T2SC. Un compte-rendu des r\u00e9unions sera effectu\u00e9 et il sera pris note de la pr\u00e9sence de chacun. Les proc\u00e8s-verbaux seront d\u00e9pos\u00e9s au T2SC pour approbation. Il n&#8217;y a pas de condition de quorum minimum fix\u00e9 pour les r\u00e9unions. Le proc\u00e8s-verbal et les d\u00e9cisions du T2SC peuvent \u00eatre affich\u00e9s sur le site Web de la ACMC.[\/vc_column_text][\/vc_column][vc_column width=&#8221;1\/3&#8243;][vc_column_text css=&#8221;.vc_custom_1497627073524{border-top-width: 0px !important;border-right-width: 0px !important;border-bottom-width: 0px !important;border-left-width: 3px !important;padding-top: 1px !important;padding-right: 18px !important;padding-bottom: 20px !important;padding-left: 35px !important;border-left-color: #d6d6d6 !important;border-left-style: solid !important;border-right-color: #d6d6d6 !important;border-right-style: solid !important;border-top-color: #d6d6d6 !important;border-top-style: solid !important;border-bottom-color: #d6d6d6 !important;border-bottom-style: solid !important;}&#8221;]<strong>Participants<br \/>\n<\/strong><\/p>\n<p>Copr\u00e9sident &#8211; <a href=\"http:\/\/ccma-acmc.ca\/en\/keith-evans\/\">Keith Evans<br \/>\n<\/a>Copr\u00e9sident &#8211; <a href=\"https:\/\/ccma-acmc.ca\/fr\/wp-content\/uploads\/2016\/04\/Bio-Jason-OBorn.pdf\">Jason O&#8217;Born<br \/>\n<\/a>Membres &#8211; <a href=\"http:\/\/ccma-acmc.ca\/en\/wp-content\/uploads\/CCMA_Committee_Members-Liste_des_membres_des_comit%C3%A9s_de_lACMC.pdf\">Au 5 janvier 2017<\/a><\/p>\n<p><strong>Contacte &#8211; <\/strong><a href=\"mailto:kevans@ccma-acmc.ca\">Keith Evans<\/a><\/p>\n<p><strong>Registre d\u2019enjeux<\/strong><\/p>\n<p>Voir les registres des groupes de travail<\/p>\n<p><strong>R\u00e9unions<\/strong><\/p>\n<p><a href=\"http:\/\/ccma-acmc.ca\/en\/wp-content\/uploads\/T2SC-MeetingPackage-2017-May-25.docx\">2017 &#8211; le 25 mai<\/a><a href=\"http:\/\/ccma-acmc.ca\/en\/wp-content\/uploads\/T2SC-MeetingPackage-2016-November-23.pdf\"><br \/>\n<\/a><a href=\"http:\/\/ccma-acmc.ca\/en\/wp-content\/uploads\/T2SC-MeetingPackage-2017-April-26.pdf\">2017 &#8211; le 26 avril<\/a><a href=\"http:\/\/ccma-acmc.ca\/en\/wp-content\/uploads\/T2SC-MeetingPackage-2016-November-23.pdf\"><br \/>\n<\/a><a href=\"http:\/\/ccma-acmc.ca\/en\/wp-content\/uploads\/T2SC-MeetingPackage-2017-March-22docx.pdf\">2017 &#8211; le 22 mars<\/a><a href=\"http:\/\/ccma-acmc.ca\/en\/wp-content\/uploads\/T2SC-MeetingPackage-2016-November-23.pdf\"><br \/>\n<\/a><a href=\"http:\/\/ccma-acmc.ca\/en\/wp-content\/uploads\/T2SC-MeetingPackage-2017-February-22docx.pdf\">2017 &#8211; le 22 f<\/a><a href=\"http:\/\/ccma-acmc.ca\/en\/wp-content\/uploads\/T2SC-MeetingPackage-2016-February-18.pdf\" rel=\"\">\u00e9<\/a><a href=\"http:\/\/ccma-acmc.ca\/en\/wp-content\/uploads\/T2SC-MeetingPackage-2017-February-22docx.pdf\">vrier<\/a><a href=\"http:\/\/ccma-acmc.ca\/en\/wp-content\/uploads\/T2SC-MeetingPackage-2017-January-18.pdf\"><br \/>\n2017 &#8211; le 18 janvier<\/a><a href=\"http:\/\/ccma-acmc.ca\/en\/wp-content\/uploads\/T2SC-MeetingPackage-2016-November-23.pdf\"><br \/>\n2016 &#8211; le 23 novembre<br \/>\n<\/a><a href=\"http:\/\/ccma-acmc.ca\/en\/wp-content\/uploads\/T2SC-MeetingPackage-2016-October-26.pdf\">2016 &#8211; le 26 octobre<br \/>\n<\/a><a href=\"http:\/\/ccma-acmc.ca\/en\/wp-content\/uploads\/T2SC-MeetingPackage-2016-September-22.pdf\">2016 &#8211; le 22 septembre<\/a><a href=\"http:\/\/ccma-acmc.ca\/en\/wp-content\/uploads\/T2SC-MeetingPackage-2016-August-25.pdf\"><br \/>\n2016 &#8211; le 25 ao\u00fbt<br \/>\n<\/a><a href=\"http:\/\/ccma-acmc.ca\/en\/wp-content\/uploads\/T2SC-MeetingPackage-2016-June-23.pdf\">2016 &#8211; le 23 juin<\/a><br \/>\n<a href=\"http:\/\/ccma-acmc.ca\/en\/wp-content\/uploads\/T2SC-MeetingPackage-2016-May-26.pdf\">2016 &#8211; le 26 mai<\/a><a href=\"http:\/\/ccma-acmc.ca\/en\/wp-content\/uploads\/T2SC-MeetingPackage-2016-April-21.pdf\"><br \/>\n2016 &#8211; le 21 avril<\/a><br \/>\n<a href=\"http:\/\/ccma-acmc.ca\/en\/wp-content\/uploads\/T2SC-MeetingPackage-2016-March-24.pdf\" rel=\"\">2016 &#8211; le 24 mars<\/a><br \/>\n<a href=\"http:\/\/ccma-acmc.ca\/en\/wp-content\/uploads\/T2SC-MeetingPackage-2016-February-18.pdf\" rel=\"\">2016 &#8211; le 18 f\u00e9vrier<br \/>\n<\/a><a href=\"http:\/\/ccma-acmc.ca\/en\/wp-content\/uploads\/T2SC-MeetingPackage-2016-January-21.pdf\" rel=\"\">2016 &#8211; le 21 janvier<br \/>\n<\/a><a href=\"http:\/\/ccma-acmc.ca\/en\/wp-content\/uploads\/T2SC-MeetingPackage-2015-December-17.pdf\" rel=\"\">2015 &#8211; le 17 d\u00e9cembre<\/a><a href=\"http:\/\/ccma-acmc.ca\/en\/wp-content\/uploads\/T2SC-MeetingPackage-2016-March-24.pdf\" rel=\"\"><br \/>\n<\/a><a href=\"http:\/\/ccma-acmc.ca\/en\/wp-content\/uploads\/T2SC-MeetingPackage-2015-November-25.pdf\" rel=\"\">2015-November-25<\/a><a href=\"http:\/\/ccma-acmc.ca\/en\/wp-content\/uploads\/T2SC-MeetingPackage-2015-December-17.pdf\" rel=\"\"><br \/>\n<\/a><a href=\"http:\/\/ccma-acmc.ca\/en\/wp-content\/uploads\/T2SC-MeetingPackage-2015-November-5.pdf\" rel=\"\">2015 le 5 novembre<br \/>\n<\/a><a href=\"http:\/\/ccma-acmc.ca\/en\/wp-content\/uploads\/T2SC-MeetingPackage-2015-October-15.pdf\" rel=\"\">2015 &#8211; le 15 octobre<\/a>[\/vc_column_text][\/vc_column][\/vc_row]<\/p>\n<\/section>","protected":false},"excerpt":{"rendered":"<p>[vc_row type=&#8221;container&#8221; padding_top=&#8221;&#8221; padding_bottom=&#8221;&#8221;][vc_column][vc_column_text] Comit\u00e9 directeur T+2 (T2SC) [\/vc_column_text][\/vc_column][\/vc_row][vc_row type=&#8221;container&#8221; padding_top=&#8221;&#8221; padding_bottom=&#8221;&#8221;][vc_column width=&#8221;2\/3&#8243;][vc_column_text]Aper\u00e7u Le Comit\u00e9 directeur T+2 (T2SC) a \u00e9t\u00e9 charg\u00e9 de coordonner un effort \u00e0 l&#8217;\u00e9chelle de l&#8217;industrie pour raccourcir le cycle de r\u00e8glement de titres de trois jours (ou T+3) \u00e0 une p\u00e9riode de deux jours (ou T+2). Le T2SC identifiera les changements [&hellip;]<\/p>\n","protected":false},"author":1,"featured_media":0,"parent":73,"menu_order":5,"comment_status":"closed","ping_status":"closed","template":"","meta":{"_acf_changed":false,"footnotes":""},"class_list":["post-110","page","type-page","status-publish","hentry"],"acf":[],"_links":{"self":[{"href":"https:\/\/ccma-acmc.ca\/fr\/wp-json\/wp\/v2\/pages\/110","targetHints":{"allow":["GET"]}}],"collection":[{"href":"https:\/\/ccma-acmc.ca\/fr\/wp-json\/wp\/v2\/pages"}],"about":[{"href":"https:\/\/ccma-acmc.ca\/fr\/wp-json\/wp\/v2\/types\/page"}],"author":[{"embeddable":true,"href":"https:\/\/ccma-acmc.ca\/fr\/wp-json\/wp\/v2\/users\/1"}],"replies":[{"embeddable":true,"href":"https:\/\/ccma-acmc.ca\/fr\/wp-json\/wp\/v2\/comments?post=110"}],"version-history":[{"count":12,"href":"https:\/\/ccma-acmc.ca\/fr\/wp-json\/wp\/v2\/pages\/110\/revisions"}],"predecessor-version":[{"id":72565,"href":"https:\/\/ccma-acmc.ca\/fr\/wp-json\/wp\/v2\/pages\/110\/revisions\/72565"}],"up":[{"embeddable":true,"href":"https:\/\/ccma-acmc.ca\/fr\/wp-json\/wp\/v2\/pages\/73"}],"wp:attachment":[{"href":"https:\/\/ccma-acmc.ca\/fr\/wp-json\/wp\/v2\/media?parent=110"}],"curies":[{"name":"wp","href":"https:\/\/api.w.org\/{rel}","templated":true}]}}