{"id":76286,"date":"2023-05-29T21:39:55","date_gmt":"2023-05-30T01:39:55","guid":{"rendered":"http:\/\/ccma-acmc.ca\/en\/?page_id=76286"},"modified":"2023-05-29T21:55:21","modified_gmt":"2023-05-30T01:55:21","slug":"previous-whats-new","status":"publish","type":"page","link":"https:\/\/ccma-acmc.ca\/en\/previous-whats-new\/","title":{"rendered":"Previous &#8216;What&#8217;s New&#8217;"},"content":{"rendered":"<h2><strong><span style=\"color: #d71635;\">Previous &#8216;What&#8217;s New&#8217;<\/span><\/strong><\/h2>\n<ul>\n<li><strong>March 31, 2023:<\/strong> <em><a href=\"http:\/\/ccma-acmc.ca\/en\/wp-content\/uploads\/Time-to-Talk-T1-Issue-9-March-31-2023.pdf\">Time to Talk T+1<\/a><\/em> <em>\/ <\/em><strong>31 mars 2023\u00a0:<\/strong> <em><a href=\"http:\/\/ccma-acmc.ca\/en\/wp-content\/uploads\/Cest-le-temps-de-parler-T1-9-31-mars-2023.pdf\">C&#8217;est le temps de parler T+1<\/a><\/em><\/li>\n<li><strong>March 17, 2023:<\/strong> <a href=\"http:\/\/ccma-acmc.ca\/en\/wp-content\/uploads\/CCMA-Comment-Letter-Proposed-Amendments-to-NI-24-101-ITMS-Changes-to-CP-24-101-ITMS-March-17-2023.pdf\">CCMA Comments on Proposed NI-24-101 Amendments<\/a> \/ <strong>17 mars 2023 :<\/strong> <a href=\"http:\/\/ccma-acmc.ca\/en\/wp-content\/uploads\/Reponse-de-lACMC-a-la-sollicitation-de-commentaires-sur-les-propositions-afferentes-a-T1-17-mars-2023.pdf\">R\u00e9ponse de l\u2019ACMC \u00e0 la sollicitation de commentaires sur les propositions aff\u00e9rentes \u00e0 T+1<\/a><\/li>\n<li><strong>March 16, 2023:<\/strong>\u00a0 Comments on Proposed NI 24-101 Amendments and Staff Notice 81-335 the Investment Industry Association of Canada <a href=\"https:\/\/www.osc.ca\/sites\/default\/files\/2023-03\/com_20230316_24-101_climoc.pdf\">(IIAC)<\/a>, Investment Funds Institute of Canada (<a href=\"https:\/\/www.osc.ca\/sites\/default\/files\/2023-03\/com_20230316_24-101_mitchella.pdf\">IFIC)<\/a>, and Portfolio Management Association of Canada <a href=\"https:\/\/www.osc.ca\/sites\/default\/files\/2023-03\/com_20230416_24-101_walmsleyk.pdf\">(PMAC)<\/a><\/li>\n<li><strong>March 14, 2023: <\/strong><a href=\"http:\/\/ccma-acmc.ca\/en\/wp-content\/uploads\/CCMA-Announces-Canadian-T1-Start-Date-March-14-2023.pdf\">CCMA Announces Canadian T+1 Start Date<\/a><strong> \/ 14 mars 2023\u00a0: <\/strong><a href=\"http:\/\/ccma-acmc.ca\/en\/wp-content\/uploads\/LACMC-annonce-la-date-de-T1-pour-le-Canada-14-mars-2023.pdf\">L\u2019ACMC annonce la date de T+1 pour le Canada<\/a><\/li>\n<li><strong>February 15, 2023:\u00a0<\/strong> <a href=\"http:\/\/ccma-acmc.ca\/en\/wp-content\/uploads\/CCMA-Announces-SEC-Releases-Final-T1-Rules-Date-2023-02-15.pdf\">CCMA Announces SEC Releases Final T+1 Rules, Date<\/a> \/\u00a0 <strong>15 f\u00e9vrier 2023:\u00a0<\/strong> <a href=\"http:\/\/ccma-acmc.ca\/en\/wp-content\/uploads\/La-SEC-publie-les-regles-finales-afferentes-au-passage-a-T1-et-annonce-la-date-de-transition.pdf\">La SEC publie les r\u00e8gles finales aff\u00e9rentes au passage \u00e0 T+1 et la date de transition<\/a><\/li>\n<li><strong>February 9, 2023:\u00a0 <\/strong><a href=\"http:\/\/ccma-acmc.ca\/en\/wp-content\/uploads\/CCMA-Letter-to-SEC-Commissioner-re-T1-Compliance-Date-February-9-2023.pdf\">CCMA Letter to SEC<\/a> &#8211; Risks of Q1 Implementation v. Benefits of Labour Day 2024<\/li>\n<li><strong>January 31, 2023:\u00a0 <\/strong><a href=\"http:\/\/ccma-acmc.ca\/en\/wp-content\/uploads\/Time-to-Talk-T1-Issue-8-January-31-2023.pdf\"><em>Time to Talk T+1<\/em><\/a> (CCMA Newsletter #8)<strong> \/ <\/strong>31 janvier 2023\u00a0<a href=\"http:\/\/ccma-acmc.ca\/en\/wp-content\/uploads\/Cest-le-temps-de-parler-T1-8-le-31-janvier-2023.pdf\"><em>C&#8217;est le temps de parler T+1<\/em><\/a>\u00a0(Infolettre No. 8)<\/li>\n<li><strong>January 31, 2023:<\/strong> <a href=\"http:\/\/ccma-acmc.ca\/en\/wp-content\/uploads\/Update-to-CCMA-T1-Asset-List-January-31-2023.pdf\">Updated CCMA T+1 Asset List<\/a> \/ <strong>31 janvier 2023\u00a0:<\/strong> <a href=\"http:\/\/ccma-acmc.ca\/en\/wp-content\/uploads\/Mise-a-jour-de-la-liste-des-actifs-T1-31-janvier-2023.pdf\">Mise \u00e0 jour de la liste des actifs T+1<\/a><\/li>\n<li><strong>January 31, 2023:<\/strong> <a href=\"http:\/\/ccma-acmc.ca\/en\/wp-content\/uploads\/Updated-Recommended-T1-CDS-Scheduler-Adjustments-2022-01-31.pdf\">Updated Recommended T+1 ITP Processing Timing<\/a>\u00a0 \/ <strong>31 janvier 2023 :<\/strong> \u00a0 <a href=\"http:\/\/ccma-acmc.ca\/en\/wp-content\/uploads\/Recommandations-et-repercussions-des-modifications-T1-apportees-au-cycle-de-traitement-de-la-CDS-31-janvier-2023.pdf\">Recommandations mis \u00e0 jour des modifications T+1 apport\u00e9es au cycle de traitement de la CDS<\/a><\/li>\n<li><strong>December 15, 2022:<\/strong>\u00a0 <a href=\"http:\/\/ccma-acmc.ca\/en\/wp-content\/uploads\/CSA-Releases-Proposed-Amendments-to-NI-24-101-2022-12-15.pdf\">CCMA Announcement <\/a>\u2013 Canadian securities regulators outline steps to support transition to T+1 \/ <strong>Le 15 d\u00e9cembre 2022\u00a0:<\/strong> <a href=\"http:\/\/ccma-acmc.ca\/en\/wp-content\/uploads\/Les-mesures-proposees-pour-faciliter-la-transition-vers-un-cycle-de-reglement-dun-jour-2022-12-15.pdf\">Annonce de l&#8217;ACMC<\/a> \u2013 Les autorit\u00e9s en valeurs mobili\u00e8res du Canada d\u00e9crivent les \u00e9tapes \u00e0 suivre pour appuyer la transition vers T+1<\/li>\n<li><strong>December 1, 2022:<\/strong>\u00a0 <a href=\"http:\/\/ccma-acmc.ca\/en\/wp-content\/uploads\/CDS-Migration-to-T1.pdf\">CDS Migration to T+1<\/a> (Business Requirements)<\/li>\n<li><strong>November 29, 2022:\u00a0 <\/strong><em><a href=\"http:\/\/ccma-acmc.ca\/en\/wp-content\/uploads\/Time-to-Talk-T1-Issue-7-November-2022.pdf\">Time to Talk T+1<\/a> <\/em>(Issue 7)\u00a0 \/ <strong>29 novembre 2022 :<\/strong>\u00a0<em><a href=\"http:\/\/ccma-acmc.ca\/en\/wp-content\/uploads\/Cest-le-temps-de-parler-T1-Numero-7-novembre-2022.pdf\">C&#8217;est le temps de parler T+1<\/a><\/em> (Num\u00e9ro 7)<\/li>\n<li><strong>October 10, 2022:<\/strong>\u00a0 CCMA co-signs <a href=\"https:\/\/www.sec.gov\/comments\/s7-05-22\/s70522-20145255-310495.pdf\">letter<\/a> requesting SEC to publish T+1 implementation date<\/li>\n<li><strong>September 20, 2022:\u00a0 <\/strong><em><a href=\"http:\/\/ccma-acmc.ca\/en\/wp-content\/uploads\/Time-to-Talk-T1-Issue-6-September-2022.pdf\">Time to Talk T+1<\/a><\/em> (Issue 6) <strong><em>\/ <\/em>septembre 2022\u00a0:<\/strong><em> <a href=\"http:\/\/ccma-acmc.ca\/en\/wp-content\/uploads\/Cest-le-temps-de-parler-T1-Numero-6-Septembre-2022.pdf\">C&#8217;est le temps de parler T+1<\/a> <\/em>(Num\u00e9ro 6)<\/li>\n<li><strong>September 19, 2022:\u00a0 <\/strong><a href=\"https:\/\/ccma-acmc.ca\/en\/t1-resources\/faqs_t1\/\">Updated FAQs<\/a> \/<strong> septembre 19, 2022 : <\/strong><a href=\"http:\/\/ccma-acmc.ca\/en\/wp-content\/uploads\/Foire-aux-questions-T1-FAQ.pdf\">Foire aux questions (FAQ)<\/a><\/li>\n<li><strong>August 1, 2022:<\/strong> \u00a0<a href=\"http:\/\/ccma-acmc.ca\/en\/wp-content\/uploads\/Time-to-Talk-T1-Issue-5-July-31-2022.pdf\"><em>Time to Talk T+1<\/em> <\/a>\u00a0(Issue 5) \/<strong> 1 ao\u00fbt 2022 : <\/strong><em><a href=\"http:\/\/ccma-acmc.ca\/en\/wp-content\/uploads\/Cest-le-temps-de-parler-T1-5-31-juillet-2022.pdf\">C&#8217;est le temps de parler T+1<\/a> <\/em>(Num\u00e9ro 5)<\/li>\n<li><strong>August 1, 2022:<\/strong> <a href=\"http:\/\/ccma-acmc.ca\/en\/wp-content\/uploads\/T1-Asset-List-at-July-31-2022.pdf\">T+1 Asset List (at July 31, 2022)<\/a>\u00a0\/ <strong>1 ao\u00fbt 2022\u00a0: <\/strong><a href=\"http:\/\/ccma-acmc.ca\/en\/wp-content\/uploads\/Liste-dactifs-canadiens-T1-31-juillet-2022.pdf\">Liste d&#8217;actifs canadiens T+1<\/a> (31 juillet 2022)<\/li>\n<li><strong>August 1, 2022:<\/strong> <a href=\"http:\/\/ccma-acmc.ca\/en\/wp-content\/uploads\/T1-Awareness-Survey-Results-July-29-2022.pdf\">T+1 Awareness Survey Results<\/a> (July 29, 2022)<\/li>\n<li><strong>July 31, 2022:<\/strong>\u00a0 <a href=\"http:\/\/ccma-acmc.ca\/en\/wp-content\/uploads\/Recommended-T1-CDS-Scheduler-Adjustments-July-29-2022.pdf\">Recommended T+1 CDS Scheduler Adjustments<\/a> \/ <strong>31 juillet 2022\u00a0:<\/strong> <a href=\"http:\/\/ccma-acmc.ca\/en\/wp-content\/uploads\/Recommandations-et-repercussions-des-modifications-T1-apportees-au-cycle-de-traitement-de-la-CDS-29-juillet-2022.pdf\">Recommandations et r\u00e9percussions des modifications T+1 apport\u00e9es au cycle de traitement de la CDS<\/a><\/li>\n<li><strong>May 31, 2022: <\/strong>CCMA issues fourth newsletter, <em><a href=\"http:\/\/ccma-acmc.ca\/en\/wp-content\/uploads\/Time-to-Talk-T1-Newsletter-Issue-4.pdf\">Time to Talk T+1<\/a>\u00a0<\/em><strong>\/ <\/strong>L\u2019ACMC a publi\u00e9 le dernier num\u00e9ro de son infolettre : \u00a0<em><a href=\"http:\/\/ccma-acmc.ca\/en\/wp-content\/uploads\/Cest-le-temps-de-parler-T1-Infolettre-Numero-4.pdf\">C\u2019est le temps de parler T+1<\/a><\/em><\/li>\n<li><strong>May 31, 2022:\u00a0 <\/strong>CCMA requests comments on <a href=\"http:\/\/ccma-acmc.ca\/en\/wp-content\/uploads\/CCMA-List-of-Assets-Moving-to-T1-Settlement-Request-for-Review-and-Comment-May-30-2024.pdf\">List of Assets Moving to T+1 Settlement<\/a> \/ <span class=\"markedContent\"><span dir=\"ltr\" role=\"presentation\">L\u2019ACMC invite vos commentaires sur la <\/span><\/span><a href=\"http:\/\/ccma-acmc.ca\/en\/wp-content\/uploads\/Liste-dactifs-canadiens-T1-pour-lACMC-31-mai-2022.pdf\">Liste d\u2019actifs canadiens T+1 pour l\u2019ACMC<\/a><\/li>\n<li><strong>April 29, 2022:<\/strong>\u00a0 CCMA issues <a href=\"http:\/\/ccma-acmc.ca\/en\/wp-content\/uploads\/Integrated-T1-Timeline.jpg\">high-level integrated T+1 timeline<\/a>, reflecting Fundserv and U.S.\/SEC timelines<\/li>\n<li><strong>April 11, 2022:\u00a0 <\/strong>CCMA <a href=\"http:\/\/ccma-acmc.ca\/en\/wp-content\/uploads\/CCMA-SEC-Response-to-File-No.-S7-05-22-T1-Settlement-Amendments-April-9-2022.pdf\">responds<\/a> regarding T+1 implementation date to SEC request for comments on proposed T+1 rules<\/li>\n<li><strong>March 31, 2022:\u00a0<\/strong> CCMA issues third newsletter, <em><u><a href=\"http:\/\/ccma-acmc.ca\/en\/wp-content\/uploads\/Issue-3-Time-to-Talk-T1-March-31-2022.pdf\">T<\/a><\/u><\/em><em><u><a href=\"http:\/\/ccma-acmc.ca\/en\/wp-content\/uploads\/Issue-3-Time-to-Talk-T1-March-31-2022.pdf\">ime to Talk T+1<\/a><\/u><\/em> \/ L\u2019ACMC a publi\u00e9 le dernier num\u00e9ro de son infolettre :\u00a0 <a href=\"http:\/\/ccma-acmc.ca\/en\/wp-content\/uploads\/Numero-3-Cest-le-temps-de-parler-T1-31-mars-2022.pdf\">C\u2019est le temps de parler T+1<\/a><\/li>\n<li><strong>February 9, 2022:\u00a0 <\/strong><a href=\"https:\/\/www.sec.gov\/rules\/proposed\/2022\/34-94196.pdf\">Shortening the Securities Transaction Settlement Cycle<\/a>\u00a0(Securities and Exchange Commission (SEC) File No. S7-05-22, Request for Comments on T+1, including implementation by March 31, 2024, and on T+0 (247 pages))<\/li>\n<li><strong>February 3, 2022:\u00a0 <\/strong>CSA issues <a href=\"https:\/\/www.osc.ca\/en\/securities-law\/instruments-rules-policies\/2\/24-318\/csa-staff-notice-24-318-preparing-implementation-t1-settlement\">Staff Notice 24-318<\/a> \u2013 Preparing for the Implementation of T+1 Settlement<\/li>\n<li><strong>January 31, 2022:\u00a0<\/strong> CCMA issues January newsletter, <a href=\"http:\/\/ccma-acmc.ca\/en\/wp-content\/uploads\/Time-to-Talk-T1-Issue-2-January-31-2022.pdf\"><em>Time to Talk T+1<\/em><\/a> \/ L&#8217;ACMC a publi\u00e9 le dernier num\u00e9ro de son infolettre :\u00a0 <a href=\"http:\/\/ccma-acmc.ca\/en\/wp-content\/uploads\/Cest-le-temps-de-parler-T1-Numero-2-31-janvier-2022.pdf\"><em>C\u2019est le temps de parler T+1<\/em> <\/a><\/li>\n<li><strong>December 20, 2021:\u00a0 <\/strong><a href=\"https:\/\/www.investmentexecutive.com\/news\/research-and-markets\/shortening-canadas-settlement-cycle-again\/?utm_source=newsletter&amp;utm_medium=nl&amp;utm_content=investmentexecutive&amp;utm_campaign=INT-EN-morning\">IIAC Publishes Op Ed<\/a> \u2013 IIAC and Members Working with CCMA towards T+1<\/li>\n<li><strong>December 1, 2021: <\/strong><a href=\"http:\/\/ccma-acmc.ca\/en\/wp-content\/uploads\/Canada-Announces-Faster-Securities-Settlement-December-1-2021.pdf\">CCMA Confirms Faster Securities Settlement Project in Canada Is a Go<\/a><\/li>\n<li><strong>1 d\u00e9cembre 2021 : <\/strong><a href=\"http:\/\/ccma-acmc.ca\/en\/wp-content\/uploads\/LACMC-confirme-que-le-projet-de-reglement-accelere-sera-mis-en-oeuvre-1-decembre-2021.pdf\">L\u2019A<\/a><a href=\"http:\/\/ccma-acmc.ca\/en\/wp-content\/uploads\/LACMC-confirme-que-le-projet-de-reglement-accelere-sera-mis-en-oeuvre-1-decembre-2021.pdf\">CMC confirme que le<\/a><a href=\"http:\/\/ccma-acmc.ca\/en\/wp-content\/uploads\/LACMC-confirme-que-le-projet-de-reglement-accelere-sera-mis-en-oeuvre-1-decembre-2021.pdf\"> proje<\/a><a href=\"http:\/\/ccma-acmc.ca\/en\/wp-content\/uploads\/LACMC-confirme-que-le-projet-de-reglement-accelere-sera-mis-en-oeuvre-1-decembre-2021.pdf\">t<\/a><a href=\"http:\/\/ccma-acmc.ca\/en\/wp-content\/uploads\/LACMC-confirme-que-le-projet-de-reglement-accelere-sera-mis-en-oeuvre-1-decembre-2021.pdf\"> de r\u00e8glement acc\u00e9l\u00e9r\u00e9 des valeurs mobili\u00e8res au Canada sera mis en \u0153uvre<\/a><\/li>\n<li><strong>September 1, 2021:\u00a0 <\/strong><em><a href=\"https:\/\/ccma-acmc.ca\/en\/wp-content\/uploads\/Time-to-Talk-T1-Issue-1-September-1-2021.pdf\">Time to Talk T+1<\/a><\/em> (Issue #1)<em> \/ <a href=\"http:\/\/ccma-acmc.ca\/en\/wp-admin\/post.php?post=75173&amp;action=edit\" aria-label=\"Edit \u201cTime to Talk T+1 (Issue 1) \/ C\u2019est le temps de parler T+1 (Num\u00e9ro 1)\u201d\">C\u2019est le temps de parler T+1<\/a><\/em>\u00a0(Num\u00e9ro 1)<\/li>\n<li><strong>April 29, 2021: \u00a0<\/strong><a href=\"http:\/\/ccma-acmc.ca\/en\/ccma-announces-study-of-t1-settlement-cycle\/\">CCMA Announces Study of T+1 Settlement Cycle<\/a><\/li>\n<\/ul>\n<h3><strong>Post-Trade Modernization<\/strong><\/h3>\n<ul>\n<li><strong>March 25, 2021:<\/strong> \u00a0<a href=\"http:\/\/ccma-acmc.ca\/en\/wp-content\/uploads\/CDS-Mar.-25-Reply-to-CCMA-Jan.-8-2021-Letter-on-PTM-BSO-and-Test-Plan.pdf\">CDS Reply to CCMA on BSO and Testing Concerns<\/a><\/li>\n<li><strong>January 9, 2021:<\/strong> \u00a0<a href=\"http:\/\/ccma-acmc.ca\/en\/wp-content\/uploads\/CCMA-Advisory-Council-BSO-andTesting-Document-to-CDS-January-2021.docx\">BSO and Industry Testing Concerns<\/a><\/li>\n<li><strong>April 19, 2019:<\/strong> \u00a0<a href=\"http:\/\/ccma-acmc.ca\/en\/wp-content\/uploads\/Board-2019-Settlement-Optimization-Recommendation.docx\">Settlement Optimization Recommendation to CDS<\/a><\/li>\n<li><strong>January 11, 2019:<\/strong> \u00a0<a href=\"http:\/\/ccma-acmc.ca\/en\/wp-content\/uploads\/CCMA-Atlas-CNS-and-BuyIn-Jan-9-2019.pdf\">Post-Trade Modernization &#8211; CNS Hold and Buy-In Extensions<\/a><\/li>\n<li><strong>December 5, 2017:<\/strong> \u00a0<a href=\"http:\/\/ccma-acmc.ca\/en\/wp-content\/uploads\/CCMA-announces-the-creation-of-Advisory-Council-seeks-members-1.pdf\">CCMA Seeks Members for New TMX\/CDS Post-Trade Modernization Advisory Council <\/a><\/li>\n<\/ul>\n","protected":false},"excerpt":{"rendered":"<p>Previous &#8216;What&#8217;s New&#8217; March 31, 2023: Time to Talk T+1 \/ 31 mars 2023\u00a0: C&#8217;est le temps de parler T+1 March 17, 2023: CCMA Comments on Proposed NI-24-101 Amendments \/ 17 mars 2023 : R\u00e9ponse de l\u2019ACMC \u00e0 la sollicitation de commentaires sur les propositions aff\u00e9rentes \u00e0 T+1 March 16, 2023:\u00a0 Comments on Proposed NI [&hellip;]<\/p>\n","protected":false},"author":3,"featured_media":0,"parent":0,"menu_order":3,"comment_status":"closed","ping_status":"closed","template":"","meta":{"_acf_changed":false,"footnotes":""},"class_list":["post-76286","page","type-page","status-publish","hentry"],"acf":[],"_links":{"self":[{"href":"https:\/\/ccma-acmc.ca\/en\/wp-json\/wp\/v2\/pages\/76286","targetHints":{"allow":["GET"]}}],"collection":[{"href":"https:\/\/ccma-acmc.ca\/en\/wp-json\/wp\/v2\/pages"}],"about":[{"href":"https:\/\/ccma-acmc.ca\/en\/wp-json\/wp\/v2\/types\/page"}],"author":[{"embeddable":true,"href":"https:\/\/ccma-acmc.ca\/en\/wp-json\/wp\/v2\/users\/3"}],"replies":[{"embeddable":true,"href":"https:\/\/ccma-acmc.ca\/en\/wp-json\/wp\/v2\/comments?post=76286"}],"version-history":[{"count":4,"href":"https:\/\/ccma-acmc.ca\/en\/wp-json\/wp\/v2\/pages\/76286\/revisions"}],"predecessor-version":[{"id":76293,"href":"https:\/\/ccma-acmc.ca\/en\/wp-json\/wp\/v2\/pages\/76286\/revisions\/76293"}],"wp:attachment":[{"href":"https:\/\/ccma-acmc.ca\/en\/wp-json\/wp\/v2\/media?parent=76286"}],"curies":[{"name":"wp","href":"https:\/\/api.w.org\/{rel}","templated":true}]}}