{"id":76189,"date":"2023-05-28T12:38:04","date_gmt":"2023-05-28T16:38:04","guid":{"rendered":"http:\/\/ccma-acmc.ca\/en\/?page_id=76189"},"modified":"2024-10-30T13:59:19","modified_gmt":"2024-10-30T17:59:19","slug":"miscellaneous-divers","status":"publish","type":"page","link":"https:\/\/ccma-acmc.ca\/en\/t1-portal\/miscellaneous-divers\/","title":{"rendered":"Miscellaneous \/ Divers"},"content":{"rendered":"<h2><img loading=\"lazy\" decoding=\"async\" class=\"alignnone wp-image-76133\" src=\"http:\/\/ccma-acmc.ca\/en\/wp-content\/uploads\/Misc..png\" alt=\"\" width=\"83\" height=\"81\" \/> \u00a0 <strong>Miscellaneous \/ Divers<\/strong><\/h2>\n<p>&nbsp;<\/p>\n<h3><strong>Recent Developments \/ D<span class=\"text__translation\" dir=\"ltr\">\u00e9veloppements r\u00e9cents<\/span><\/strong><\/h3>\n<p><strong>October 16, 2024: <\/strong><a href=\"http:\/\/ccma-acmc.ca\/en\/wp-content\/uploads\/T1_Pulse_Survey_Sep_2024_ValueExchange_Key_Findings.pdf\">T+1 Pulse Survey<\/a> (ValueExchange)<\/p>\n<p><strong>October 15, 2024: <\/strong><a href=\"https:\/\/www.esma.europa.eu\/sites\/default\/files\/2024-10\/ESMA74-2119945925-2085_EC-ECB-ESMA_High_level_joint_statement_T_1.pdf\">Statement on shortening the standard securities settlement cycle in the European Union: next steps<\/a> (European Securities and Markets Authority \u2013 ESMA)<\/p>\n<p><strong>September 27, 2024: <\/strong><a href=\"https:\/\/assets.kpmg.com\/content\/dam\/kpmg\/uk\/pdf\/2024\/09\/uk-ast-technical-group-draft-report-and-recommendations.pdf\">Draft Recommendations Report &amp; Consultation<\/a> (U.K. Accelerated Settlement Taskforce, Technical Group)<\/p>\n<p><strong>September 12, 2024:<\/strong>\u00a0 <a href=\"https:\/\/www.dtcc.com\/-\/media\/t1-after-action-report.pdf\">T+1 After Action Report<\/a> (SIFMA ICI, DTCC)<\/p>\n<p><strong>September 4, 2024:<\/strong> <a href=\"https:\/\/www.citibank.com\/icg\/docs\/Citi_Securities_Services_Evolution_2024.pdf\">Securities Services Evolution 2024<\/a> \u2013 Disruption and transformation in financial market infrastructures (Citi Securities Services) <a href=\"http:\/\/ccma-acmc.ca\/en\/wp-content\/uploads\/Citi_Securities_Services_Evolution_2024-T1-segment.pdf\">pp. 15-23<\/a><\/p>\n<p><strong>May 16, 2024:\u00a0<\/strong> Canadian Compliance Central Credo-hosted &#8220;A week to go; what do <i>you <\/i>need to know?&#8221; <a href=\"https:\/\/vimeo.com\/947075386?share=copy\">Webinar and Transcript<\/a><\/p>\n<p><strong>February 20, 2024:\u00a0 <\/strong><a href=\"http:\/\/ccma-acmc.ca\/en\/wp-content\/uploads\/ValueExchange_T1-Pulse-January-2024_Key-Findings_final-for-public-release.pdf\">ValueExchange T+1 Survey Findings<\/a><\/p>\n<p><strong>September 7, 2023:\u00a0<\/strong> Presentation to Financial and Operations Advisory Section FOAS<\/p>\n<p><strong>September 20, 2023:<\/strong> \u00a0Presentation to SIBOS (SWIFT International Banking Operations Seminar)<\/p>\n<p><strong>September 21, 2023:<\/strong>\u00a0 Canadian Bond Investors\u2019 Association<\/p>\n<p><strong>November 30, 2023:<\/strong> \u00a0Presentation\/Discussion at Conduct, Compliance, and Legal Advisory Section (<strong>CCLS<\/strong>) Conference<\/p>\n<p><strong>December TBD, 2023:<\/strong> Presentation to Americas Central Security Depositories Association (ACSDA)<\/p>\n<p>&nbsp;<\/p>\n<h3><strong>Other \/ Autres<br \/>\n<\/strong><\/h3>\n<p><strong>August 30, 2023:<\/strong> <a href=\"http:\/\/ccma-acmc.ca\/en\/wp-content\/uploads\/Summary-Second-T1-Readiness-Survey-Results-2023-08-30.pdf\">Summary of the Second T+1 Readiness Survey Results<\/a> \/ <strong>30 ao\u00fbt 2023\u00a0:<\/strong> <a href=\"http:\/\/ccma-acmc.ca\/en\/wp-content\/uploads\/Resultats-du-sondage-de-letat-de-preparation-a-T1-2023-08-30.pdf\">R\u00e9sultats du sondage de l\u2019\u00e9tat de pr\u00e9paration \u00e0 T+1<\/a><\/p>\n<p><strong>July 18, 2023:\u00a0<\/strong> Presentation to SIFMA members on Canada and T+1<\/p>\n<p><strong>March 22, 2023:\u00a0 <\/strong><a href=\"https:\/\/drive.google.com\/file\/d\/1G5f4T3xywR7lHfhaR6wLcBdA-0-6gSzT\/view\"> Webinar<\/a> <strong>&#8211; <\/strong>The ValueExchange, CCMA and TMX Survey Result<\/p>\n<p><strong>March 8, 2023:\u00a0<\/strong> <a href=\"https:\/\/thevx.io\/campaign\/operationalising-t1\/\">Survey Results<\/a> &#8211; ValueExchange &#8220;Operationalizing T+1&#8221;<\/p>\n<p><strong>July 31, 2022:\u00a0<\/strong> CCMA issues <a href=\"http:\/\/ccma-acmc.ca\/en\/wp-content\/uploads\/T1-Awareness-Survey-Results-July-29-2022.pdf\">T+1 Awareness Survey Results<\/a> and <a href=\"http:\/\/ccma-acmc.ca\/en\/wp-content\/uploads\/Time-to-Talk-T1-Issue-5-July-31-2022.pdf\">Summary of Highlights<\/a><\/p>\n","protected":false},"excerpt":{"rendered":"<p>\u00a0 Miscellaneous \/ Divers &nbsp; Recent Developments \/ D\u00e9veloppements r\u00e9cents October 16, 2024: T+1 Pulse Survey (ValueExchange) October 15, 2024: Statement on shortening the standard securities settlement cycle in the European Union: next steps (European Securities and Markets Authority \u2013 ESMA) September 27, 2024: Draft Recommendations Report &amp; Consultation (U.K. Accelerated Settlement Taskforce, Technical Group) [&hellip;]<\/p>\n","protected":false},"author":3,"featured_media":0,"parent":76096,"menu_order":10,"comment_status":"closed","ping_status":"closed","template":"","meta":{"_acf_changed":false,"footnotes":""},"class_list":["post-76189","page","type-page","status-publish","hentry"],"acf":[],"_links":{"self":[{"href":"https:\/\/ccma-acmc.ca\/en\/wp-json\/wp\/v2\/pages\/76189","targetHints":{"allow":["GET"]}}],"collection":[{"href":"https:\/\/ccma-acmc.ca\/en\/wp-json\/wp\/v2\/pages"}],"about":[{"href":"https:\/\/ccma-acmc.ca\/en\/wp-json\/wp\/v2\/types\/page"}],"author":[{"embeddable":true,"href":"https:\/\/ccma-acmc.ca\/en\/wp-json\/wp\/v2\/users\/3"}],"replies":[{"embeddable":true,"href":"https:\/\/ccma-acmc.ca\/en\/wp-json\/wp\/v2\/comments?post=76189"}],"version-history":[{"count":14,"href":"https:\/\/ccma-acmc.ca\/en\/wp-json\/wp\/v2\/pages\/76189\/revisions"}],"predecessor-version":[{"id":77139,"href":"https:\/\/ccma-acmc.ca\/en\/wp-json\/wp\/v2\/pages\/76189\/revisions\/77139"}],"up":[{"embeddable":true,"href":"https:\/\/ccma-acmc.ca\/en\/wp-json\/wp\/v2\/pages\/76096"}],"wp:attachment":[{"href":"https:\/\/ccma-acmc.ca\/en\/wp-json\/wp\/v2\/media?parent=76189"}],"curies":[{"name":"wp","href":"https:\/\/api.w.org\/{rel}","templated":true}]}}