{"id":76185,"date":"2023-05-27T20:44:12","date_gmt":"2023-05-28T00:44:12","guid":{"rendered":"http:\/\/ccma-acmc.ca\/en\/?page_id=76185"},"modified":"2024-05-15T17:41:13","modified_gmt":"2024-05-15T21:41:13","slug":"ccma-other-articles-articles-acmc-et-autres","status":"publish","type":"page","link":"https:\/\/ccma-acmc.ca\/en\/t1-portal\/ccma-other-articles-articles-acmc-et-autres\/","title":{"rendered":"CCMA &#038; Other Articles \/ Articles ACMC et autres"},"content":{"rendered":"<h2><img loading=\"lazy\" decoding=\"async\" class=\"alignnone wp-image-76131\" src=\"http:\/\/ccma-acmc.ca\/en\/wp-content\/uploads\/Articles.png\" alt=\"\" width=\"83\" height=\"82\" \/><strong> \u00a0 CCMA &amp; Other Articles \/ Articles ACMC et autres<\/strong><\/h2>\n<ul>\n<li><strong>April 2024:\u00a0<\/strong> <a href=\"https:\/\/www.acpm.com\/observer\/are-you-ready-the-train-to-t-1-is-approaching-the-station%E2%80%A6\">Are You READY? The Train To T+1 Is Approaching The Station\u2026<\/a> (ACPM <em>The Observer<\/em>)<\/li>\n<li><strong>Avril 2024\u00a0:<\/strong> <a href=\"https:\/\/www.acpm.com\/observer\/are-you-ready-the-train-to-t-1-is-approaching-the-station%E2%80%A6\">\u00cates-vous pr\u00eats? Le train T+1 entre bient\u00f4t en gare\u2026<\/a> ACARR L\u2019Observateur<\/li>\n<li><strong>June 29, 2023:\u00a0<\/strong><a href=\"https:\/\/na01.safelinks.protection.outlook.com\/?url=https%3A%2F%2Fresearch-ca.bmocapitalmarkets.com%2Fdocuments%2FZ1pBNGxnSDdRTWgwWUtJbG9kamVWZ0w2c2RONi8yekd0L3N0bFNKNkRsZ2FaeG5wbWpvekpvWWRQcU1scjhPYUllaW9JMXdhaUdqSlZUYnFaU2I4Znc9PQ2.PDF&amp;data=05%7C01%7C%7C9dc8c8b18cc94988d9d208db774fe29b%7C84df9e7fe9f640afb435aaaaaaaaaaaa%7C1%7C0%7C638234957208772050%7CUnknown%7CTWFpbGZsb3d8eyJWIjoiMC4wLjAwMDAiLCJQIjoiV2luMzIiLCJBTiI6Ik1haWwiLCJXVCI6Mn0%3D%7C3000%7C%7C%7C&amp;sdata=nnFQ3b%2BWWZTT3z3K83udabMhQ7x7roCTRq%2F3q4ztcDw%3D&amp;reserved=0\">ETFs \u2013 Impact of T+1 Settlement Cycle on ETFs<\/a>, published with permission from BMO Capital Markets Equity Research, David Cheng, ETF &amp; Quantitative Analyst<\/li>\n<li><strong>29 mai 2023 : <\/strong><a href=\"http:\/\/ccma-acmc.ca\/en\/wp-content\/uploads\/Mise-a-jour-Les-prets-sur-titres-dans-un-monde-T1.pdf\">Article CASLA\/CCMA<\/a> \u2013\u00a0Mise \u00e0 jour &#8211; Les pr\u00eats sur titres dans un monde T+1<\/li>\n<li><strong>May 2, 2023:\u00a0 <\/strong><a href=\"http:\/\/ccma-acmc.ca\/en\/wp-content\/uploads\/Securities-Lending-Moving-to-T1-in-Canada-May-1-2023.pdf\">CASLA\/CCMA<\/a>\u00a0<a href=\"http:\/\/ccma-acmc.ca\/en\/wp-content\/uploads\/Securities-Lending-Moving-to-T1-in-Canada-May-1-2023.pdf\">Article<\/a>\u00a0\u2013 Securities Lending Moving to T+1 in Canada<\/li>\n<li><strong>April 25, 2023:\u00a0<\/strong><a href=\"https:\/\/www.acpm.com\/observer\/it-takes-three-to-(do-the-t-1-settlement)-tango\">ACPM\/CCMA Article<\/a>\u00a0\u2013 It Takes Three to (do the T+1 settlement) Tango<\/li>\n<li><strong>25 avril 2023:<\/strong>\u00a0\u00a0<a href=\"https:\/\/www.acpm.com\/fr-ca\/observateur\/il-faut-etre-trois-pour-(passer-au-reglement-t-1)-danser-le-tango\">ACPM\/CCMA Article<\/a>\u00a0\u2013 Il faut \u00eatre trois pour (passer au r\u00e8glement T+1) danser le tango<\/li>\n<li><strong>November 1, 2022:\u00a0<\/strong><a href=\"https:\/\/www.acpm.com\/observer\/and-then-there-was-one_t-1\">ACPM\/CCMA Article<\/a> \u2013 And then there was 1\u2026 T+1,\u00a0<em>The Observer,\u00a0<\/em>Association of Canadian Pension Management (ACPM)<\/li>\n<li><strong>1 novembre 2022\u00a0:<\/strong>\u00a0<a href=\"https:\/\/www.acpm.com\/observer\/it-takes-three-to-(do-the-t-1-settlement)-tango\">ACPM\/CCMA Article<\/a>\u00a0\u2013 \u00ab Et T+1 fut! \u00bb,\u00a0<em>L\u2019Observateur<\/em>, l\u2019Association canadienne des administrateurs de r\u00e9gimes de retraite (ACARR)<\/li>\n<\/ul>\n","protected":false},"excerpt":{"rendered":"<p>\u00a0 CCMA &amp; Other Articles \/ Articles ACMC et autres April 2024:\u00a0 Are You READY? The Train To T+1 Is Approaching The Station\u2026 (ACPM The Observer) Avril 2024\u00a0: \u00cates-vous pr\u00eats? Le train T+1 entre bient\u00f4t en gare\u2026 ACARR L\u2019Observateur June 29, 2023:\u00a0ETFs \u2013 Impact of T+1 Settlement Cycle on ETFs, published with permission from BMO [&hellip;]<\/p>\n","protected":false},"author":3,"featured_media":0,"parent":76096,"menu_order":8,"comment_status":"closed","ping_status":"closed","template":"","meta":{"_acf_changed":false,"footnotes":""},"class_list":["post-76185","page","type-page","status-publish","hentry"],"acf":[],"_links":{"self":[{"href":"https:\/\/ccma-acmc.ca\/en\/wp-json\/wp\/v2\/pages\/76185","targetHints":{"allow":["GET"]}}],"collection":[{"href":"https:\/\/ccma-acmc.ca\/en\/wp-json\/wp\/v2\/pages"}],"about":[{"href":"https:\/\/ccma-acmc.ca\/en\/wp-json\/wp\/v2\/types\/page"}],"author":[{"embeddable":true,"href":"https:\/\/ccma-acmc.ca\/en\/wp-json\/wp\/v2\/users\/3"}],"replies":[{"embeddable":true,"href":"https:\/\/ccma-acmc.ca\/en\/wp-json\/wp\/v2\/comments?post=76185"}],"version-history":[{"count":9,"href":"https:\/\/ccma-acmc.ca\/en\/wp-json\/wp\/v2\/pages\/76185\/revisions"}],"predecessor-version":[{"id":76940,"href":"https:\/\/ccma-acmc.ca\/en\/wp-json\/wp\/v2\/pages\/76185\/revisions\/76940"}],"up":[{"embeddable":true,"href":"https:\/\/ccma-acmc.ca\/en\/wp-json\/wp\/v2\/pages\/76096"}],"wp:attachment":[{"href":"https:\/\/ccma-acmc.ca\/en\/wp-json\/wp\/v2\/media?parent=76185"}],"curies":[{"name":"wp","href":"https:\/\/api.w.org\/{rel}","templated":true}]}}