{"id":76183,"date":"2023-05-27T20:41:11","date_gmt":"2023-05-28T00:41:11","guid":{"rendered":"http:\/\/ccma-acmc.ca\/en\/?page_id=76183"},"modified":"2024-06-06T17:38:47","modified_gmt":"2024-06-06T21:38:47","slug":"newsletters-bulletins-infolettres-et-bulletins","status":"publish","type":"page","link":"https:\/\/ccma-acmc.ca\/en\/t1-portal\/newsletters-bulletins-infolettres-et-bulletins\/","title":{"rendered":"Newsletters &#038; Bulletins \/ Infolettres et Bulletins"},"content":{"rendered":"<h2><img loading=\"lazy\" decoding=\"async\" class=\"alignnone wp-image-76139\" src=\"http:\/\/ccma-acmc.ca\/en\/wp-content\/uploads\/Newsletters.png\" alt=\"\" width=\"83\" height=\"84\" \/> \u00a0 <strong>Newsletters &amp; Bulletins \/ Infolettres et Bulletins<\/strong><\/h2>\n<p><strong>Note:\u00a0<\/strong> On May 27, 2024, Canadian capital markets successfully adopted a shorter T+1 standard security settlement time, so alas, newsletters and bulletins are no longer required. Here is our final update and thanks to all who participated, including counterparts at Sifma, ICI, DTCC, as well as Argentina, Jamaica, Mexico, and Peru.<\/p>\n<ul>\n<li><strong>June 6, 2024:<\/strong> <strong><a href=\"http:\/\/ccma-acmc.ca\/en\/wp-content\/uploads\/2024-06-06-Thanks-to-All-Who-Participated-and-Results-of-T1-Project.pdf\">Thanks to All Who Participated and Results of T+1 Project<\/a><\/strong><\/li>\n<li><strong>6 juin 2024 : <a href=\"http:\/\/ccma-acmc.ca\/en\/wp-content\/uploads\/2024-06-06-Nos-remerciements-et-les-resultats-du-projet-T1.pdf\">Nos remerciements et les r\u00e9sultats du projet T+1<\/a><\/strong><\/li>\n<li><strong>May 31, 2024:<\/strong> <a href=\"http:\/\/ccma-acmc.ca\/en\/wp-content\/uploads\/CCMA-says-capital-markets-transition-to-shorter-securities-settlement-a-success-2024-05-31-1.pdf\">CCMA says capital markets transition to shorter securities settlement a success<\/a><\/li>\n<li><strong>31 mai 2024 : <\/strong> <a href=\"http:\/\/ccma-acmc.ca\/en\/wp-content\/uploads\/LACMC-annonce-la-reussite-de-la-transition-des-marches-de-capitaux-a-un-reglement-des-titres-plus-court-2024-05-31-1.pdf\">L\u2019ACMC annonce la r\u00e9ussite de la transition des march\u00e9s de capitaux \u00e0 un r\u00e8glement des titres plus court<\/a> <strong><br \/>\n<\/strong><\/li>\n<\/ul>\n<h3><strong>Bulletins<\/strong><\/h3>\n<ul>\n<li><strong>CCMA T+1 Technical Readiness Updates \/ <\/strong>Mise \u00e0 jour de l\u2018ACMC sur preparation technique T+1<\/li>\n<li><strong>April 30, 2024: <\/strong><a href=\"http:\/\/ccma-acmc.ca\/en\/wp-content\/uploads\/CCMA-T1-Technical-Readiness-Update-Issue-6-April-30-2024.pdf\">T+1 Technical Readiness Update<\/a> \/\u00a0 <strong>30 avril 2024 :<\/strong> <a href=\"http:\/\/ccma-acmc.ca\/en\/wp-content\/uploads\/Mise-a-jour-de-lACMC-sur-la-preparation-technique-de-T1.pdf\">Mise \u00e0 jour de l\u2019ACMC sur la pr\u00e9paration technique de T+1<\/a><\/li>\n<li><strong>February 29, 2024:<\/strong> <a href=\"http:\/\/ccma-acmc.ca\/en\/wp-content\/uploads\/CCMA-T1-Technical-Readiness-Update-Issue-5-February-29-2024.pdf\">T+1 Technical Readiness Update<\/a> \/ <strong>29 f\u00e9vrier 2024\u00a0: <\/strong><a href=\"http:\/\/ccma-acmc.ca\/en\/wp-content\/uploads\/Mise-a-jour-de-lACMC-sur-la-preparation-technique-de-T1-No.-5-2024-02-29.pdf\">Mise \u00e0 jour de l\u2019ACMC sur la pr\u00e9paration technique de T+1<\/a><\/li>\n<li><strong>December 31, 2023:<\/strong> <a href=\"http:\/\/ccma-acmc.ca\/en\/wp-content\/uploads\/T1-Technical-Readiness-Update-December-31-2023.pdf\">T+1 Technical Readiness Update<\/a> <strong>\/ 31 d\u00e9cembre 2023\u00a0: <\/strong><a href=\"http:\/\/ccma-acmc.ca\/en\/wp-content\/uploads\/Mise-a-jour-de-lACMC-sur-la-preparation-technique-de-T1-2023-12-31.pdf\">Mise \u00e0 jour de l\u2019ACMC sur la pr\u00e9paration technique de T+1<\/a><\/li>\n<li><strong>October 31, 2023: <\/strong><a href=\"http:\/\/ccma-acmc.ca\/en\/wp-content\/uploads\/T1-Technical-Readiness-Update-October-31-2023.pdf\">CCMA T+1 Technical Readiness Update<\/a><strong> \/ 31 Octobre 2023 : <\/strong><a href=\"http:\/\/ccma-acmc.ca\/en\/wp-content\/uploads\/Mise-a-jour-de-lACMC-sur-la-preparation-technique-de-T1-2023-10-31-3.pdf\">Mise \u00e0 jour de l\u2019ACMC sur la pr\u00e9paration technique de T+1<\/a><\/li>\n<li><strong>August 31, 2023: <\/strong><a href=\"http:\/\/ccma-acmc.ca\/en\/wp-content\/uploads\/CCMA-T1-Technical-Readiness-Update-August-31-2023.pdf\">CCMA T+1 Technical Readiness Update<\/a><strong> \/ 31 ao\u00fbt 2023 : <\/strong><a href=\"http:\/\/ccma-acmc.ca\/en\/wp-content\/uploads\/Mise-a-jour-de-lACMC-sur-la-preparation-technique-de-T1-2023-08-31.pdf\">Mise \u00e0 jour de l\u2019ACMC sur la pr\u00e9paration technique de T+1<\/a><\/li>\n<li><strong>June 30, 2023:<\/strong> <a href=\"http:\/\/ccma-acmc.ca\/en\/wp-content\/uploads\/CCMA-T1-Technical-Readiness-Update-June-2023.pdf\">CCMA +1 Technical Readiness Update<\/a> \/ <strong>30 juin 2023\u00a0: <\/strong><a href=\"http:\/\/ccma-acmc.ca\/en\/wp-content\/uploads\/Mise-a-jour-de-lACMC-sur-la-preparation-technique-T1-juin-2023.pdf\">Mise \u00e0 jour de l\u2018ACMC sur la preparation technique T+1<\/a><\/li>\n<\/ul>\n<h3><strong>Newsletters \/ Infolettres<\/strong><\/h3>\n<ul>\n<li><strong>March 31, 2024: <\/strong><em><a href=\"http:\/\/ccma-acmc.ca\/en\/wp-content\/uploads\/Time-to-Talk-T1-Issue-15-March-31-2024.pdf\">Time to Talk T+1<\/a><\/em> (Issue 15)<\/li>\n<li><strong>31 mars 2024 : <\/strong><em><a href=\"http:\/\/ccma-acmc.ca\/en\/wp-content\/uploads\/Cest-le-temps-de-parler-T1-Numero-15-31-mars-2024.pdf\">C<\/a><\/em><em><a href=\"http:\/\/ccma-acmc.ca\/en\/wp-content\/uploads\/Cest-le-temps-de-parler-T1-Numero-15-31-mars-2024.pdf\">\u2019est le temps de parler T+1<\/a><\/em>(No. 15)<\/li>\n<li><strong>January 31, 2024:<\/strong> <em><a href=\"http:\/\/ccma-acmc.ca\/en\/wp-content\/uploads\/Time-to-Talk-T1-Issue-14-January-31-2024.pdf\">Time to Talk T+1<\/a><\/em> (Issue 14) \/<\/li>\n<li><strong>31 janvier 2024<\/strong> : <em><a href=\"http:\/\/ccma-acmc.ca\/en\/wp-content\/uploads\/Cest-le-temps-de-parler-T1-No.-14-31-janvier-2024.pdf\">C\u2019est le temps de parler T+1<\/a><\/em> (Infolettre No. 14)<\/li>\n<li><strong>November 30, 2023: <\/strong><a href=\"http:\/\/ccma-acmc.ca\/en\/wp-content\/uploads\/Time-to-Talk-T1-Issue-13-November-30-2023.pdf\">Time to Talk T+1<\/a> (Issue 13<strong>)<\/strong><\/li>\n<li><strong>30 novembre 2023 :<\/strong> <a href=\"http:\/\/ccma-acmc.ca\/en\/wp-content\/uploads\/Cest-le-temps-de-parler-T1-No.-13-30-novembre-2023.pdf\">C\u2019est le temps de parler T+1<\/a> (No. 13)<\/li>\n<li><strong>September 30, 2023: <\/strong><a href=\"http:\/\/ccma-acmc.ca\/en\/wp-content\/uploads\/Time-to-Talk-T1-Issue-12-September-30-2023.pdf\">Time to Talk T+1<\/a> (Issue 12)<\/li>\n<li><strong>30 septembre 2023 : \u00a0<\/strong><a href=\"http:\/\/ccma-acmc.ca\/en\/wp-content\/uploads\/Cest-le-temps-de-parler-T1-Numero-12-30-septembre-2023.pdf\">C\u2019est le temps de parler T+1<\/a> (Num\u00e9ro 12)<\/li>\n<li><strong>July 31, 2023:\u00a0<\/strong> <a href=\"http:\/\/ccma-acmc.ca\/en\/wp-content\/uploads\/Time-to-Talk-T1-Issue-11-July-31-2023.pdf\">Time to Talk T+1<\/a> (Newsletter #11)<\/li>\n<li><strong>31 juillet 2023\u00a0: <\/strong><a href=\"https:\/\/ccma-acmc.ca\/en\/wp-content\/uploads\/Cest-le-temps-de-parler-T1-Numero-11-31-juillet-2023.pdf\">C&#8217;est le temps de parler T+1<\/a> (Infolettre No. 11)<\/li>\n<li><strong>May 31, 2023:<\/strong>\u00a0<a href=\"http:\/\/ccma-acmc.ca\/en\/wp-content\/uploads\/Time-to-Talk-T1-Issue-10-May-31-2023.pdf\">Time to Talk T+1 (CCMA<\/a> Newsletter #10)<\/li>\n<li><strong>31 mai 2023 :<\/strong> <a href=\"http:\/\/ccma-acmc.ca\/en\/wp-content\/uploads\/Cest-le-temps-de-parler-T1-Numero-10-31-mai-2023.pdf\">C\u2019est le temps de parler T+1<\/a> (Infolettre No. 10)<\/li>\n<li><strong>March 31, 2023:<\/strong>\u00a0<a href=\"http:\/\/ccma-acmc.ca\/en\/wp-content\/uploads\/Time-to-Talk-T1-Issue-9-March-31-2023.pdf\">Time to Talk T+1<\/a>\u00a0(CCMA Newsletter #9)<\/li>\n<li><strong>31 mars 2023\u00a0:<\/strong>\u00a0<a href=\"http:\/\/ccma-acmc.ca\/en\/wp-content\/uploads\/Cest-le-temps-de-parler-T1-9-31-mars-2023.pdf\">C\u2019est le temps de parler T+1<\/a> (Infolettre No. 9)<\/li>\n<li><strong>1 mars 2023 :<\/strong>\u00a0<a href=\"http:\/\/ccma-acmc.ca\/en\/wp-content\/uploads\/Cest-le-temps-de-parler-T1-9-31-mars-2023.pdf\">C\u2019est le temps de parler T+1<\/a>\u00a0(Infolettre No. 8)<\/li>\n<li><strong>January 31, 2023:\u00a0\u00a0<\/strong><a href=\"http:\/\/ccma-acmc.ca\/en\/wp-content\/uploads\/Time-to-Talk-T1-Issue-8-January-31-2023.pdf\">Time to Talk T+1<\/a>(CCMA Newsletter #8)<\/li>\n<li><strong>31 janvier 2023 :\u00a0<\/strong><a href=\"http:\/\/ccma-acmc.ca\/en\/wp-content\/uploads\/Cest-le-temps-de-parler-T1-8-le-31-janvier-2023.pdf\">C\u2019est le temps de parler T+1<\/a>\u00a0(Infolettre No. 8)<\/li>\n<li><strong>November 29, 2022:\u00a0\u00a0<\/strong><a href=\"http:\/\/ccma-acmc.ca\/en\/wp-content\/uploads\/Time-to-Talk-T1-Issue-7-November-2022.pdf\">Time to Talk T+1<\/a>\u00a0(Issue 7)<\/li>\n<li><strong>29 novembre 2022 :<\/strong>\u00a0<a href=\"http:\/\/ccma-acmc.ca\/en\/wp-content\/uploads\/Cest-le-temps-de-parler-T1-Numero-7-novembre-2022.pdf\">C\u2019est le temps de parler T+1<\/a>\u00a0(Num\u00e9ro 7)<\/li>\n<li><strong>September 20, 2022:\u00a0\u00a0<\/strong>CCMA issues most recent newsletter,\u00a0<a href=\"http:\/\/ccma-acmc.ca\/en\/wp-content\/uploads\/Time-to-Talk-T1-Issue-6-September-2022.pdf\">T<\/a><a href=\"http:\/\/ccma-acmc.ca\/en\/wp-content\/uploads\/Time-to-Talk-T1-Issue-6-September-2022.pdf\">ime to Talk T+1<\/a>(Issue 6)<\/li>\n<li><strong>20 septembre 2022 :\u00a0\u00a0<\/strong>L\u2019ACMC a publi\u00e9 le dernier num\u00e9ro de son infolettre,\u00a0<a href=\"http:\/\/ccma-acmc.ca\/en\/wp-content\/uploads\/Cest-le-temps-de-parler-T1-Numero-6-Septembre-2022.pdf\">C\u2019est le temps de parler T+1<\/a>\u00a0(Num\u00e9ro 6)<\/li>\n<li><strong>July 31, 2022:<\/strong>\u00a0\u00a0CCMA issues fifth newsletter,\u00a0<a href=\"http:\/\/ccma-acmc.ca\/en\/wp-content\/uploads\/Time-to-Talk-T1-Issue-5-July-31-2022.pdf\">Time to Talk T+1<\/a><\/li>\n<li><strong>31 juillet\u00a0<\/strong><strong>2022\u00a0:\u00a0<\/strong>L\u2019ACMC a publi\u00e9 le dernier num\u00e9ro de son infolettre\u00a0<a href=\"http:\/\/ccma-acmc.ca\/en\/wp-content\/uploads\/Time-to-Talk-T1-Issue-5-July-31-2022.pdf\">C\u2019est le temps de parler T+1<\/a>\u00a0(Num\u00e9ro #5)<\/li>\n<li><strong>May 31, 2022:\u00a0<\/strong>CCMA issues fourth newsletter,\u00a0<a href=\"http:\/\/ccma-acmc.ca\/en\/wp-content\/uploads\/Time-to-Talk-T1-Newsletter-Issue-4.pdf\">Time to Talk T+1<\/a><\/li>\n<li><strong>31 mai 2022 :\u00a0<\/strong>L\u2019ACMC a publi\u00e9 le dernier num\u00e9ro de son infolettre : \u00ab\u2009<a href=\"http:\/\/ccma-acmc.ca\/en\/wp-content\/uploads\/Cest-le-temps-de-parler-T1-Infolettre-Numero-4.pdf\">C\u2019est le temps de parler T+1<\/a>\u00a0\u00bb<\/li>\n<li><strong>March 31, 2022:\u00a0<\/strong>\u00a0CCMA issues third newsletter,\u00a0<u><a href=\"http:\/\/ccma-acmc.ca\/en\/wp-content\/uploads\/Issue-3-Time-to-Talk-T1-March-31-2022.pdf\">Time to Talk T+1<\/a><\/u>\u00a0 (Issue 3)<\/li>\n<li><strong>31 mars 2022<\/strong>\u00a0: L\u2019ACMC a publi\u00e9 le dernier num\u00e9ro de son infolettre :\u00a0\u00a0<strong>\u00ab\u2009<\/strong><a href=\"http:\/\/ccma-acmc.ca\/en\/wp-content\/uploads\/Numero-3-Cest-le-temps-de-parler-T1-31-mars-2022.pdf\">C\u2019est le temps de parler T+1<\/a>\u00a0<strong>\u00bb<\/strong>\u00a0(Num\u00e9ro 3)<\/li>\n<li><strong>January 31, 2022:<\/strong>\u00a0\u00a0<a href=\"http:\/\/ccma-acmc.ca\/en\/wp-content\/uploads\/Time-to-Talk-T1-Issue-2-January-31-2022.pdf\">Time to Talk T+1<\/a>\u00a0(Issue 2)<\/li>\n<li><strong>31 janvier 2022 :<\/strong>\u00a0<a href=\"http:\/\/ccma-acmc.ca\/en\/wp-content\/uploads\/Cest-le-temps-de-parler-T1-Numero-2-31-janvier-2022.pdf\">\u2009C\u2019est le temps de parler T+1<\/a>\u00a0(Num\u00e9ro 2)<\/li>\n<li><strong>September 1, 2021:<\/strong>\u00a0\u00a0<a href=\"http:\/\/ccma-acmc.ca\/en\/wp-content\/uploads\/Time-to-Talk-T1-Issue-1-September-1-2021.pdf\">Time to Talk T+1<\/a>\u00a0(Issue 1)<\/li>\n<li><strong>1 septembre 2021 :\u00a0<\/strong>\u00a0<a href=\"http:\/\/ccma-acmc.ca\/en\/wp-content\/uploads\/Cest-temps-de-parler-T1-Numero-1-1er-septembre-2021.pdf\">C\u2019est le temps de parler T+1<\/a>\u00a0(Num\u00e9ro 1)<\/li>\n<\/ul>\n","protected":false},"excerpt":{"rendered":"<p>\u00a0 Newsletters &amp; Bulletins \/ Infolettres et Bulletins Note:\u00a0 On May 27, 2024, Canadian capital markets successfully adopted a shorter T+1 standard security settlement time, so alas, newsletters and bulletins are no longer required. Here is our final update and thanks to all who participated, including counterparts at Sifma, ICI, DTCC, as well as Argentina, [&hellip;]<\/p>\n","protected":false},"author":3,"featured_media":0,"parent":76096,"menu_order":7,"comment_status":"closed","ping_status":"closed","template":"","meta":{"_acf_changed":false,"footnotes":""},"class_list":["post-76183","page","type-page","status-publish","hentry"],"acf":[],"_links":{"self":[{"href":"https:\/\/ccma-acmc.ca\/en\/wp-json\/wp\/v2\/pages\/76183","targetHints":{"allow":["GET"]}}],"collection":[{"href":"https:\/\/ccma-acmc.ca\/en\/wp-json\/wp\/v2\/pages"}],"about":[{"href":"https:\/\/ccma-acmc.ca\/en\/wp-json\/wp\/v2\/types\/page"}],"author":[{"embeddable":true,"href":"https:\/\/ccma-acmc.ca\/en\/wp-json\/wp\/v2\/users\/3"}],"replies":[{"embeddable":true,"href":"https:\/\/ccma-acmc.ca\/en\/wp-json\/wp\/v2\/comments?post=76183"}],"version-history":[{"count":25,"href":"https:\/\/ccma-acmc.ca\/en\/wp-json\/wp\/v2\/pages\/76183\/revisions"}],"predecessor-version":[{"id":77059,"href":"https:\/\/ccma-acmc.ca\/en\/wp-json\/wp\/v2\/pages\/76183\/revisions\/77059"}],"up":[{"embeddable":true,"href":"https:\/\/ccma-acmc.ca\/en\/wp-json\/wp\/v2\/pages\/76096"}],"wp:attachment":[{"href":"https:\/\/ccma-acmc.ca\/en\/wp-json\/wp\/v2\/media?parent=76183"}],"curies":[{"name":"wp","href":"https:\/\/api.w.org\/{rel}","templated":true}]}}