{"id":76181,"date":"2023-05-27T20:36:01","date_gmt":"2023-05-28T00:36:01","guid":{"rendered":"http:\/\/ccma-acmc.ca\/en\/?page_id=76181"},"modified":"2024-10-30T17:12:46","modified_gmt":"2024-10-30T21:12:46","slug":"announcements-annonces","status":"publish","type":"page","link":"https:\/\/ccma-acmc.ca\/en\/t1-portal\/announcements-annonces\/","title":{"rendered":"Announcements \/ Annonces"},"content":{"rendered":"<h2><img loading=\"lazy\" decoding=\"async\" class=\"alignnone wp-image-76130\" src=\"http:\/\/ccma-acmc.ca\/en\/wp-content\/uploads\/Announcements.png\" alt=\"\" width=\"83\" height=\"77\" \/><strong> \u00a0 Announcements \/ Annonces<\/strong><\/h2>\n<ul>\n<li><strong>October 31, 2024:\u00a0 <\/strong><a href=\"http:\/\/ccma-acmc.ca\/en\/wp-content\/uploads\/CCMA-Declares-T1-Project-Implementation-a-Success-CCMA-Operations-Paused-October-31-2024.pdf\">CCMA Declares T+1 Project Implementation a Success; Active CCMA Operations Paused<\/a><\/li>\n<li><strong>31 octobre 2024 : <\/strong><a href=\"http:\/\/ccma-acmc.ca\/en\/wp-content\/uploads\/LACMC-confirme-le-succes-de-la-mise-en-oeuvre-du-projet-T1-pause-des-activites-de-lACMC-31-octobre-2024.pdf\">L&#8217;ACMC confirme le succ\u00e8s de la mise en \u0153uvre du projet T+1; pause des activit\u00e9s de l\u2019ACMC<\/a><\/li>\n<li><strong>June 6, 2024:<\/strong> <strong><a href=\"http:\/\/ccma-acmc.ca\/en\/wp-content\/uploads\/2024-06-06-Thanks-to-All-Who-Participated-and-Results-of-T1-Project.pdf\">Thanks to All Who Participated and Results of T+1 Project<\/a><\/strong><\/li>\n<li><strong>6 juin 2024 : <a href=\"http:\/\/ccma-acmc.ca\/en\/wp-content\/uploads\/2024-06-06-Nos-remerciements-et-les-resultats-du-projet-T1.pdf\">Nos remerciements et les r\u00e9sultats du projet T+1<\/a><\/strong><\/li>\n<li><strong>May 31, 2024:<\/strong> <a href=\"http:\/\/ccma-acmc.ca\/en\/wp-content\/uploads\/CCMA-says-capital-markets-transition-to-shorter-securities-settlement-a-success-2024-05-31-1.pdf\">CCMA says capital markets transition to shorter securities settlement a success<\/a><\/li>\n<li><strong>31 mai 2024 : <\/strong> <a href=\"http:\/\/ccma-acmc.ca\/en\/wp-content\/uploads\/LACMC-annonce-la-reussite-de-la-transition-des-marches-de-capitaux-a-un-reglement-des-titres-plus-court-2024-05-31-1.pdf\">L\u2019ACMC annonce la r\u00e9ussite de la transition des march\u00e9s de capitaux \u00e0 un r\u00e8glement des titres plus court<\/a> <strong><br \/>\n<\/strong><\/li>\n<li><strong>December 15, 2023: <\/strong><a href=\"http:\/\/ccma-acmc.ca\/en\/wp-content\/uploads\/CCMA-Applauds-CSA-for-Final-NI-24-101-Rule-Change-Announcement-2023-12-15.pdf\">CCMA Applauds CSA for Final NI 24-101 Rule Change Announcement<\/a><\/li>\n<li><strong>15 d\u00e9cembre 2023 :<\/strong> <a href=\"http:\/\/ccma-acmc.ca\/en\/wp-content\/uploads\/LACMC-remercie-les-ACVM-pour-la-regle-definitive-NC-24-101-appuyant-le-passage-a-T1-2023-12-15.pdf\">L\u2019ACMC remercie les ACVM pour la r\u00e8gle d\u00e9finitive NC 24-101 appuyant le passage \u00e0 T+1<\/a><\/li>\n<li><strong>August 10, 2023<\/strong>\u00a0: <a href=\"http:\/\/ccma-acmc.ca\/en\/wp-content\/uploads\/CCMA-Applauds-CSA-Staff-Notice-Supporting-Move-to-T1-2023-08-10.pdf\">Announcement<\/a> \u2013 CCMA Applauds CSA Staff Notice Supporting Move to T+1<\/li>\n<li><strong>10 ao\u00fbt 2023\u00a0: <\/strong><a href=\"http:\/\/ccma-acmc.ca\/en\/wp-content\/uploads\/ACMC-se-rejouit-de-lannonce-du-personnel-des-ACVM-a-lappui-du-passage-a-T1-10-aout-2023.pdf\">Annonce<\/a> \u2013 ACMC se r\u00e9jouit de l\u2019annonce du personnel des ACVM \u00e0 l\u2019appui du passage \u00e0 T+1<\/li>\n<li><strong>May 30, 2023:<\/strong> <a href=\"http:\/\/ccma-acmc.ca\/en\/wp-content\/uploads\/May-27-2024-A-year-to-go-until-T1-Standard-Settlement-Cycle-Goes-Live-Copy.pdf\">One-Year Countdown until T+1 Standard Settlement Cycle Goes Live<\/a><\/li>\n<li><strong>30 mai 2023 :<\/strong><a href=\"http:\/\/ccma-acmc.ca\/en\/wp-content\/uploads\/Compte-a-rebours-dun-an-avant-lentree-en-vigueur-du-cycle-de-reglement-standard-T1-Copy.pdf\"> Compte \u00e0 rebours d\u2019un an avant l\u2019entr\u00e9e en vigueur du cycle de r\u00e8glement standard T+1<\/a><\/li>\n<li><strong>February 15, 2023:\u00a0 <\/strong><a href=\"http:\/\/ccma-acmc.ca\/en\/wp-content\/uploads\/CCMA-Announces-SEC-Releases-Final-T1-Rules-Date-2023-02-15.pdf\">CCMA Announcement<\/a>\u00a0\u2013 SEC Releases Final T+1 Rules, Date<\/li>\n<li><strong>Le 15 fevrier 2023 :<\/strong>\u00a0<a href=\"http:\/\/ccma-acmc.ca\/en\/wp-content\/uploads\/La-SEC-publie-les-regles-finales-afferentes-au-passage-a-T1-et-annonce-la-date-de-transition.pdf\">Annonce<\/a>\u00a0\u2013 La SEC publie les r\u00e8gles finales aff\u00e9rentes au passage \u00e0 T+1 et la date de transition<\/li>\n<li><strong>December 15, 2022:<\/strong>\u00a0\u00a0<a href=\"http:\/\/ccma-acmc.ca\/en\/wp-content\/uploads\/CSA-Releases-Proposed-Amendments-to-NI-24-101-2022-12-15.pdf\">CCMA Announcement<\/a>\u00a0\u2013 Canadian securities regulators outline steps to support transition to T+1<\/li>\n<li><strong>Le 15 d\u00e9cembre 2022\u00a0:<\/strong>\u00a0<a href=\"http:\/\/ccma-acmc.ca\/en\/wp-content\/uploads\/Les-mesures-proposees-pour-faciliter-la-transition-vers-un-cycle-de-reglement-dun-jour-2022-12-15.pdf\">Annonce de l\u2019ACMC<\/a>\u00a0\u2013 Les autorit\u00e9s en valeurs mobili\u00e8res du Canada d\u00e9crivent les \u00e9tapes \u00e0 suivre pour appuyer la transition vers T+1<\/li>\n<li><strong>April 29, 2021:\u00a0<\/strong>\u00a0CCMA\u00a0<a href=\"https:\/\/www.investmentexecutive.com\/news\/industry-news\/contemplating-t1-for-canada\/?utm_source=newsletter&amp;utm_medium=nl&amp;utm_content=investmentexecutive&amp;utm_campaign=INT-EN-All-afternoon\">Announcement<\/a>\u00a0\u2013 Canada to Study Shorter Standard Settlement Cycle<\/li>\n<\/ul>\n","protected":false},"excerpt":{"rendered":"<p>\u00a0 Announcements \/ Annonces October 31, 2024:\u00a0 CCMA Declares T+1 Project Implementation a Success; Active CCMA Operations Paused 31 octobre 2024 : L&#8217;ACMC confirme le succ\u00e8s de la mise en \u0153uvre du projet T+1; pause des activit\u00e9s de l\u2019ACMC June 6, 2024: Thanks to All Who Participated and Results of T+1 Project 6 juin 2024 [&hellip;]<\/p>\n","protected":false},"author":3,"featured_media":0,"parent":76096,"menu_order":6,"comment_status":"closed","ping_status":"closed","template":"","meta":{"_acf_changed":false,"footnotes":""},"class_list":["post-76181","page","type-page","status-publish","hentry"],"acf":[],"_links":{"self":[{"href":"https:\/\/ccma-acmc.ca\/en\/wp-json\/wp\/v2\/pages\/76181","targetHints":{"allow":["GET"]}}],"collection":[{"href":"https:\/\/ccma-acmc.ca\/en\/wp-json\/wp\/v2\/pages"}],"about":[{"href":"https:\/\/ccma-acmc.ca\/en\/wp-json\/wp\/v2\/types\/page"}],"author":[{"embeddable":true,"href":"https:\/\/ccma-acmc.ca\/en\/wp-json\/wp\/v2\/users\/3"}],"replies":[{"embeddable":true,"href":"https:\/\/ccma-acmc.ca\/en\/wp-json\/wp\/v2\/comments?post=76181"}],"version-history":[{"count":15,"href":"https:\/\/ccma-acmc.ca\/en\/wp-json\/wp\/v2\/pages\/76181\/revisions"}],"predecessor-version":[{"id":77150,"href":"https:\/\/ccma-acmc.ca\/en\/wp-json\/wp\/v2\/pages\/76181\/revisions\/77150"}],"up":[{"embeddable":true,"href":"https:\/\/ccma-acmc.ca\/en\/wp-json\/wp\/v2\/pages\/76096"}],"wp:attachment":[{"href":"https:\/\/ccma-acmc.ca\/en\/wp-json\/wp\/v2\/media?parent=76181"}],"curies":[{"name":"wp","href":"https:\/\/api.w.org\/{rel}","templated":true}]}}