{"id":76152,"date":"2023-05-27T11:52:40","date_gmt":"2023-05-27T15:52:40","guid":{"rendered":"http:\/\/ccma-acmc.ca\/en\/?page_id=76152"},"modified":"2024-10-30T17:11:18","modified_gmt":"2024-10-30T21:11:18","slug":"project-info-info-projet","status":"publish","type":"page","link":"https:\/\/ccma-acmc.ca\/en\/t1-portal\/project-info-info-projet\/","title":{"rendered":"Project Info \/ Info projet"},"content":{"rendered":"<h2><img loading=\"lazy\" decoding=\"async\" class=\"aligncenter wp-image-76134\" src=\"http:\/\/ccma-acmc.ca\/en\/wp-content\/uploads\/Project-Info-300x300.png\" alt=\"\" width=\"83\" height=\"83\" srcset=\"https:\/\/ccma-acmc.ca\/en\/wp-content\/uploads\/Project-Info-300x300.png 300w, https:\/\/ccma-acmc.ca\/en\/wp-content\/uploads\/Project-Info-150x150.png 150w, https:\/\/ccma-acmc.ca\/en\/wp-content\/uploads\/Project-Info.png 885w\" sizes=\"auto, (max-width: 83px) 100vw, 83px\" \/> <strong>\u00a0 Project Info \/ Info projet<\/strong><\/h2>\n<ul>\n<li><strong><a href=\"http:\/\/ccma-acmc.ca\/en\/wp-content\/uploads\/CCMA-T1-Post-Implementation-Report-October-31-2024.pdf\">CCMA T+1 Post-Implementation Report<\/a> <\/strong>(October 31, 2024)<\/li>\n<\/ul>\n<ul>\n<li><a href=\"https:\/\/ccma-acmc.ca\/en\/t1-portal\/ccma-t1-transitional-support-plan-and-reports\/\"><strong>Canadian Two-Week T+1 Transition Support Plan and Reports<\/strong><\/a> (March 27, 2024) \/ <a href=\"https:\/\/ccma-acmc.ca\/en\/t1-portal\/ccma-t1-transitional-support-plan-and-reports\/\"><strong>Plan d\u2019accompagnement transitionnel &amp; Mises \u00e0 jour <\/strong><\/a>(27 mars 2024)<\/li>\n<li><strong><a href=\"https:\/\/ccma-acmc.ca\/en\/wp-content\/uploads\/T1-Asset-List-v.3-October-31-2023.pdf\"><span style=\"color: #3366ff;\">Latest CCMA T+1 Asset Li<\/span><span style=\"color: #3366ff;\">st<\/span><\/a><\/strong> (v. 3 October 31, 2023) <strong>\/ <a href=\"http:\/\/ccma-acmc.ca\/en\/wp-content\/uploads\/Mise-a-jour-de-la-liste-des-actifs-T1-31-janvier-2023-1.pdf\">Mise \u00e0 jour de la liste des actifs T+1<\/a><\/strong> (v.3) 31 octobre 2023)<\/li>\n<\/ul>\n<ul>\n<li><strong>Operations Working Group Issue Log: <\/strong>As of <a href=\"http:\/\/ccma-acmc.ca\/en\/wp-content\/uploads\/OWG-T1-Issue-Log-April-15-2024.xlsx\">April 15, 2024<\/a><\/li>\n<li><strong>Mutual Funds Working Group Issue Log:\u00a0<\/strong>As of <a href=\"http:\/\/ccma-acmc.ca\/en\/wp-content\/uploads\/T1-Issue-Log-Feb-2023.xlsx\">February 2023<\/a><\/li>\n<li><strong>Frequently Asked Questions<\/strong> <a href=\"https:\/\/ccma-acmc.ca\/en\/t1-resources\/faqs_t1\/\">(FAQs)<\/a> \/ <strong>Foire aux questions <\/strong><a href=\"https:\/\/ccma-acmc.ca\/en\/t1-resources\/faqs_t1\/\">(FAQ)<\/a><\/li>\n<\/ul>\n<ul>\n<li><strong>December 14, 2023:<\/strong> CSA announces <a href=\"https:\/\/www.securities-administrators.ca\/news\/csa-announces-adoption-of-amendments-to-national-instrument-24-101-institutional-trade-matching-and-settlement\/\">adoption of amendments to National Instrument 24-101<\/a> Institutional Trade Matching and Settlement \/ <strong>14 d\u00e9cembre 2023\u00a0:<\/strong> Les ACVM annoncent la <a href=\"https:\/\/www.autorites-valeurs-mobilieres.ca\/nouvelles\/les-acvm-annoncent-la-mise-en-oeuvre-de-modifications-apportees-au-reglement-24-101-sur-lappariement-et-le-reglement-des-operations-institutionnelles\/\">mise en \u0153uvre de modifications apport\u00e9es au R\u00e8glement 24-101<\/a> sur l\u2019appariement et le r\u00e8glement des op\u00e9rations institutionnelles<\/li>\n<li><strong>July 14, 2023:<\/strong> Mexican capital markets announce <a href=\"https:\/\/www.contraparte-central.com.mx\/wb3\/wb\/CCV\/archivos_publicos\/_vtp\/CCV\/118d_2023\/_rid\/151\/_mto\/3\/CCV_y_AMIB_T1_Anuncio_Ingle769s_Version_FInal.pdf?repfop=view&amp;reptp=118d_2023&amp;repfiddoc=712&amp;repinline=true\">intention to initiate formal request for T+1<\/a> for May 27, 2024<\/li>\n<li><strong>June 30, 2023:<\/strong> <a href=\"http:\/\/ccma-acmc.ca\/en\/wp-content\/uploads\/CCMA-T1-Technical-Readiness-Update-June-2023.pdf\">CCMA +1 Technical Readiness Update<\/a> \/ <strong>30 juin 2023\u00a0: <\/strong><a href=\"http:\/\/ccma-acmc.ca\/en\/wp-content\/uploads\/Mise-a-jour-de-lACMC-sur-la-preparation-technique-T1-juin-2023.pdf\">Mise \u00e0 jour de l\u2018ACMC sur preparation technique T+1<\/a><\/li>\n<li><strong>June 29, 2023: <\/strong><a href=\"http:\/\/ccma-acmc.ca\/en\/wp-content\/uploads\/Buyside-Task-Force-Recommendations-T1SC-approved-June-27-2023.pdf\">Buyside Task Force Recommendations<\/a> (T1SC-approved June 27, 2023)<\/li>\n<li><strong>June 28, 2023:\u00a0<\/strong> <span class=\"break-words \"><span dir=\"ltr\"><a href=\"https:\/\/ccma-acmc.ca\/en\/wp-content\/uploads\/Fundserv-T1-Milestones-Etapes-de-transition-a-T1.pdf\">Fundserv T+1 Milestones<\/a> \/ <strong>28 juin 2023 :<\/strong> <a href=\"https:\/\/ccma-acmc.ca\/en\/wp-content\/uploads\/Fundserv-T1-Milestones-Etapes-de-transition-a-T1.pdf\">\u00c9tapes de transition vers le cycle \u00e0 T+1<\/a><\/span><\/span><\/li>\n<li><strong>March 14, 2023:<\/strong> <a href=\"http:\/\/ccma-acmc.ca\/en\/wp-content\/uploads\/T1-Transition-Dates-Dates-to-transition-T1.png\">Transition Dates to T+1 in Canada and the U.S.<\/a><\/li>\n<li><strong>14 mars 2023\u00a0:<\/strong> <a href=\"http:\/\/ccma-acmc.ca\/en\/wp-content\/uploads\/Transition-a-T1-au-Canada-et-aux-Etats-Unis.png\">Transition \u00e0 T+1 au Canada et aux \u00c9tats-Unis<\/a><\/li>\n<li><strong>May 30, 2023: <\/strong><a href=\"http:\/\/ccma-acmc.ca\/en\/wp-content\/uploads\/Canadian-Industry-T1-Timeline.png\">Canadian Industry T+1 Workplan\/Timeline<\/a><\/li>\n<li><strong>30 mai 2023 :<\/strong> <a href=\"http:\/\/ccma-acmc.ca\/en\/wp-content\/uploads\/Calendrier-canadien-de-mis-en-oeuvre-T1.png\">Calendrier canadien de mis en oeuvre T+1<\/a><\/li>\n<li><strong>April 19, 2018: <\/strong><a href=\"http:\/\/ccma-acmc.ca\/en\/wp-content\/uploads\/T2-Project-Post-Mortem-Report-April-19-2018.pdf\">T+2 Project Post-Mortem Report<\/a><\/li>\n<\/ul>\n<p>&nbsp;<\/p>\n","protected":false},"excerpt":{"rendered":"<p>\u00a0 Project Info \/ Info projet CCMA T+1 Post-Implementation Report (October 31, 2024) Canadian Two-Week T+1 Transition Support Plan and Reports (March 27, 2024) \/ Plan d\u2019accompagnement transitionnel &amp; Mises \u00e0 jour (27 mars 2024) Latest CCMA T+1 Asset List (v. 3 October 31, 2023) \/ Mise \u00e0 jour de la liste des actifs T+1 [&hellip;]<\/p>\n","protected":false},"author":3,"featured_media":0,"parent":76096,"menu_order":1,"comment_status":"closed","ping_status":"closed","template":"","meta":{"_acf_changed":false,"footnotes":""},"class_list":["post-76152","page","type-page","status-publish","hentry"],"acf":[],"_links":{"self":[{"href":"https:\/\/ccma-acmc.ca\/en\/wp-json\/wp\/v2\/pages\/76152","targetHints":{"allow":["GET"]}}],"collection":[{"href":"https:\/\/ccma-acmc.ca\/en\/wp-json\/wp\/v2\/pages"}],"about":[{"href":"https:\/\/ccma-acmc.ca\/en\/wp-json\/wp\/v2\/types\/page"}],"author":[{"embeddable":true,"href":"https:\/\/ccma-acmc.ca\/en\/wp-json\/wp\/v2\/users\/3"}],"replies":[{"embeddable":true,"href":"https:\/\/ccma-acmc.ca\/en\/wp-json\/wp\/v2\/comments?post=76152"}],"version-history":[{"count":20,"href":"https:\/\/ccma-acmc.ca\/en\/wp-json\/wp\/v2\/pages\/76152\/revisions"}],"predecessor-version":[{"id":77148,"href":"https:\/\/ccma-acmc.ca\/en\/wp-json\/wp\/v2\/pages\/76152\/revisions\/77148"}],"up":[{"embeddable":true,"href":"https:\/\/ccma-acmc.ca\/en\/wp-json\/wp\/v2\/pages\/76096"}],"wp:attachment":[{"href":"https:\/\/ccma-acmc.ca\/en\/wp-json\/wp\/v2\/media?parent=76152"}],"curies":[{"name":"wp","href":"https:\/\/api.w.org\/{rel}","templated":true}]}}