{"id":75256,"date":"2021-11-10T10:48:54","date_gmt":"2021-11-10T15:48:54","guid":{"rendered":"http:\/\/ccma-acmc.ca\/en\/?page_id=75256"},"modified":"2024-10-30T13:28:22","modified_gmt":"2024-10-30T17:28:22","slug":"t1-committees","status":"publish","type":"page","link":"https:\/\/ccma-acmc.ca\/en\/committees-comites\/t1-committees\/","title":{"rendered":"Past T+1 Committees 2021-2024"},"content":{"rendered":"<section class=\"wpb-content-wrapper\"><p>[vc_row type=&#8221;container&#8221; padding_top=&#8221;&#8221; padding_bottom=&#8221;&#8221;][vc_column width=&#8221;1\/2&#8243;][vc_column_text]<\/p>\n<h2><span style=\"color: #d71635;\"><strong>T+1 Committees and Organization Structure<\/strong><\/span><\/h2>\n<p>The Canadian Capital Markets Association (CCMA) is co-ordinating Canadian indutry efforts to transition to a shorter standard securities settlement cycle \u2013 the simultaneous exchange of securities for certain payment \u2013 from two days after trade date (T+2) to one day or T+1.<\/p>\n<p>The CCMA is working with Canadian market participants and other stakeholders, as well as the U.S. Securities Industry and Financial Markets Association (SIFMA), Investment Company Institute (ICI), and Depository Trust &amp; Clearing Corporation (DTCC), to prepare to halve the number of days it takes to clear and settle a trade, continuing our long shared history of a common North-American standard.\u00a0\u00a0The CCMA led efforts in Canada and cross-border when the settlement cycle for most Canadian and U.S. debt, equity and funds went smoothly from T+3 to T+2 in 2017.<\/p>\n<p>The CCMA has adopted the same approach used successfuly a few years ago which relies on a committee structure with active participation by industry volunteers.\u00a0 If you are interested in joining a committee, please e-mail\u00a0<a href=\"info@ccma-acmc.ca\">info@ccma-acmc.ca<\/a>.[\/vc_column_text][\/vc_column][vc_column width=&#8221;1\/2&#8243;][vc_column_text]<\/p>\n<h2><span style=\"color: #d71635;\"><strong>Comit\u00e9s et structure organisationnelle T+1<br \/>\n<\/strong><\/span><\/h2>\n<p>L&#8217;Association canadienne des march\u00e9s des capitaux (ACMC) coordonne les efforts du secteur canadien visant \u00e0 raccourcir le cycle de r\u00e8glement des titres \u2013 la n\u00e9gociation simultan\u00e9e de titres contre certains paiements &#8211; de deux jours apr\u00e8s la date de transaction (T+2) \u00e0 un jour (T+1).<\/p>\n<p>L&#8217;ACMC collabore avec les intervenants du march\u00e9 canadien et d&#8217;autres parties prenantes, ainsi qu&#8217;avec la Securities Industry and Financial Markets Association (SIFMA), l&#8217;Investment Company Institute (ICI) et la Depository Trust &amp; Clearing Corporation (DTCC) des \u00c9tats-Unis, en vue de se pr\u00e9parer \u00e0 r\u00e9duire de moiti\u00e9 le nombre de jours n\u00e9cessaires \u00e0 la compensation et au r\u00e8glement d&#8217;une transaction, poursuivant ainsi notre historique partag\u00e9 de longue date d&#8217;une norme nord-am\u00e9ricaine commune.\u00a0 L&#8217;ACMC a dirig\u00e9 les efforts au Canada et au-del\u00e0 des fronti\u00e8res lorsque le cycle de r\u00e8glement pour la plupart des dettes, actions et fonds canadiens et am\u00e9ricains a \u00e9t\u00e9 ramen\u00e9 harmonieusement de T+3 \u00e0 T+2 en 2017.<\/p>\n<p>L&#8217;ACMC a opt\u00e9 pour la m\u00eame approche utilis\u00e9e avec succ\u00e8s quelques ann\u00e9es auparavant, qui se fonde sur une structure de comit\u00e9s avec la participation active de b\u00e9n\u00e9voles du secteur.\u00a0 Si vous souhaitez vous joindre \u00e0 un comit\u00e9, veuillez envoyer un courriel \u00e0 <a href=\"mailto:info@ccma-acmc.ca\">info@ccma-acmc.ca<\/a>.[\/vc_column_text][\/vc_column][\/vc_row][vc_row type=&#8221;container&#8221; padding_top=&#8221;&#8221; padding_bottom=&#8221;&#8221;][vc_column width=&#8221;1\/2&#8243;][vc_single_image image=&#8221;75261&#8243; img_size=&#8221;full&#8221; alignment=&#8221;center&#8221;][\/vc_column][vc_column width=&#8221;1\/2&#8243;][vc_single_image image=&#8221;76504&#8243; img_size=&#8221;full&#8221; alignment=&#8221;center&#8221;][\/vc_column][\/vc_row][vc_row type=&#8221;container&#8221; padding_top=&#8221;&#8221; padding_bottom=&#8221;&#8221;][vc_column width=&#8221;1\/2&#8243;][vc_column_text]Please click on the links below to learn more about each committee&#8217;s mandate, issues, and activities.<\/p>\n<p><strong><a href=\"https:\/\/ccma-acmc.ca\/en\/committees-2\/t1-committees\/t1-steering-committee\/\">T+1 Steering Committee (T1SC)<\/a> \u00a0<\/strong><\/p>\n<ul>\n<li><strong><a href=\"https:\/\/ccma-acmc.ca\/en\/committees-2\/t1-committees\/t1-steering-committee\/t1-operations-working-group\/\">T+1 Operations Working Group (OWG)<\/a><\/strong><\/li>\n<li><a href=\"https:\/\/ccma-acmc.ca\/en\/committees-2\/t1-committees\/t1-steering-committee\/t1-mutual-funds-working-group\/\"><strong>T+1 Mutual Funds Working Group (MFWG)<\/strong><\/a><\/li>\n<li><strong><a href=\"http:\/\/ccma-acmc.ca\/en\/committees-2\/t1-committees\/t1-steering-committee\/t1-legal-and-regulatory-working-group\/\">T+1 Legal &amp; Regulatory Working Group (LRWG)<\/a><\/strong><\/li>\n<li><a href=\"http:\/\/ccma-acmc.ca\/en\/committees-2\/t1-committees\/t1-steering-committee\/t1-comms-and-education-wg\/\"><strong>T+1 Communications &amp; Education Working Group (CEWG)<\/strong><\/a><\/li>\n<\/ul>\n<p><span style=\"text-decoration: underline;\"><a href=\"http:\/\/ccma-acmc.ca\/en\/wp-content\/uploads\/CCMA-Committee-Members-as-at-March-2023-v.2.pdf\"><strong>Updated CCMA Committee Member List<\/strong><\/a><\/span> (as at March 23, 2023)[\/vc_column_text][\/vc_column][vc_column width=&#8221;1\/2&#8243;][vc_column_text]Veuillez consulter les liens ci-dessous afin d&#8217;en savoir plus sur le mandat, les enjeux et les activit\u00e9s de chaque comit\u00e9.<\/p>\n<p><strong><a href=\"https:\/\/ccma-acmc.ca\/en\/committees-2\/t1-committees\/t1-steering-committee\/\">Comit\u00e9 directeur T+1 (T1SC)<\/a>\u00a0 <\/strong><\/p>\n<ul>\n<li><strong><a href=\"https:\/\/ccma-acmc.ca\/en\/committees-2\/t1-committees\/t1-steering-committee\/t1-operations-working-group\/\">Groupe de travail Op\u00e9rations T+1 (OWG)<\/a><\/strong><\/li>\n<li><strong><a href=\"https:\/\/ccma-acmc.ca\/en\/committees-2\/t1-committees\/t1-steering-committee\/t1-mutual-funds-working-group\/\">Groupe de travail Fonds communs de placement T+1 (MFWG)<\/a><\/strong><\/li>\n<li><strong><a href=\"http:\/\/ccma-acmc.ca\/en\/committees-2\/t1-committees\/t1-steering-committee\/t1-legal-and-regulatory-working-group\/\">Groupe de travail Juridique et r\u00e9glementaire T+1 (LRWG)<\/a><\/strong><\/li>\n<li><strong><a href=\"http:\/\/ccma-acmc.ca\/en\/committees-2\/t1-committees\/t1-steering-committee\/t1-comms-and-education-wg\/\">Groupe de travail Communication et formation T+1 (CEWG)<\/a><\/strong><\/li>\n<\/ul>\n<p><strong><a href=\"http:\/\/ccma-acmc.ca\/en\/wp-content\/uploads\/CCMA-Committee-Members-as-at-March-2023-v.2.pdf\">Liste mise \u00e0 jour des membres des comit\u00e9s de l&#8217;ACMC<\/a><\/strong> (au 23 mars 2023)[\/vc_column_text][\/vc_column][\/vc_row][vc_row type=&#8221;container&#8221; padding_top=&#8221;&#8221; padding_bottom=&#8221;&#8221;][vc_column][vc_column_text][\/vc_column_text][\/vc_column][\/vc_row]<\/p>\n<\/section>","protected":false},"excerpt":{"rendered":"<p>[vc_row type=&#8221;container&#8221; padding_top=&#8221;&#8221; padding_bottom=&#8221;&#8221;][vc_column width=&#8221;1\/2&#8243;][vc_column_text] T+1 Committees and Organization Structure The Canadian Capital Markets Association (CCMA) is co-ordinating Canadian indutry efforts to transition to a shorter standard securities settlement cycle \u2013 the simultaneous exchange of securities for certain payment \u2013 from two days after trade date (T+2) to one day or T+1. The CCMA is [&hellip;]<\/p>\n","protected":false},"author":3,"featured_media":0,"parent":73,"menu_order":3,"comment_status":"closed","ping_status":"closed","template":"","meta":{"_acf_changed":false,"footnotes":""},"class_list":["post-75256","page","type-page","status-publish","hentry"],"acf":[],"_links":{"self":[{"href":"https:\/\/ccma-acmc.ca\/en\/wp-json\/wp\/v2\/pages\/75256","targetHints":{"allow":["GET"]}}],"collection":[{"href":"https:\/\/ccma-acmc.ca\/en\/wp-json\/wp\/v2\/pages"}],"about":[{"href":"https:\/\/ccma-acmc.ca\/en\/wp-json\/wp\/v2\/types\/page"}],"author":[{"embeddable":true,"href":"https:\/\/ccma-acmc.ca\/en\/wp-json\/wp\/v2\/users\/3"}],"replies":[{"embeddable":true,"href":"https:\/\/ccma-acmc.ca\/en\/wp-json\/wp\/v2\/comments?post=75256"}],"version-history":[{"count":24,"href":"https:\/\/ccma-acmc.ca\/en\/wp-json\/wp\/v2\/pages\/75256\/revisions"}],"predecessor-version":[{"id":77129,"href":"https:\/\/ccma-acmc.ca\/en\/wp-json\/wp\/v2\/pages\/75256\/revisions\/77129"}],"up":[{"embeddable":true,"href":"https:\/\/ccma-acmc.ca\/en\/wp-json\/wp\/v2\/pages\/73"}],"wp:attachment":[{"href":"https:\/\/ccma-acmc.ca\/en\/wp-json\/wp\/v2\/media?parent=75256"}],"curies":[{"name":"wp","href":"https:\/\/api.w.org\/{rel}","templated":true}]}}