{"id":73,"date":"2015-10-07T17:14:55","date_gmt":"2015-10-07T17:14:55","guid":{"rendered":"http:\/\/broker.commercegurus.com\/?page_id=73"},"modified":"2024-10-31T16:51:01","modified_gmt":"2024-10-31T20:51:01","slug":"committees-comites","status":"publish","type":"page","link":"https:\/\/ccma-acmc.ca\/en\/committees-comites\/","title":{"rendered":"Committees \/ Comit\u00e9s"},"content":{"rendered":"<section class=\"wpb-content-wrapper\"><p>[vc_row type=&#8221;container&#8221; padding_top=&#8221;&#8221; padding_bottom=&#8221;&#8221;][vc_column width=&#8221;1\/2&#8243;][vc_column_text]<\/p>\n<h2><span style=\"color: #d71635;\"><strong>Committees<\/strong><\/span><\/h2>\n<p>The CCMA operates through a series of Board-approved committees that provide leadership to initiatives that are important to the Canadian capital markets.<\/p>\n<p>To find out more about a committee of interest to you, please click on the committee name to learn the mandate, members, issues log and meeting minutes.<\/p>\n<p>&nbsp;<\/p>\n<h3><strong>Active Committees<\/strong><\/h3>\n<ul>\n<li><a href=\"http:\/\/ccma-acmc.ca\/en\/committees\/board-of-directors\/\">Board of Directors<\/a><\/li>\n<\/ul>\n<h3><strong>Past Committees<\/strong><\/h3>\n<h4><em><strong>T+1 Committees<\/strong><\/em><\/h4>\n<ul>\n<li><a href=\"http:\/\/ccma-acmc.ca\/en\/?page_id=75299&amp;preview=true\">Committees and Working Groups<\/a>\n<ul>\n<li><a href=\"https:\/\/ccma-acmc.ca\/en\/committees-2\/t1-committees\/t1-steering-committee\/\">T+1 Steering Committee (T1SC)<\/a><\/li>\n<li><a href=\"https:\/\/ccma-acmc.ca\/en\/committees-2\/t1-committees\/t1-steering-committee\/t1-operations-working-group\/\">T+1 Operations Working Group (OWG)<\/a><\/li>\n<li><a href=\"https:\/\/ccma-acmc.ca\/en\/committees-2\/t1-committees\/t1-steering-committee\/t1-mutual-funds-working-group\/\">T+1 Mutual Funds Working Group (MFWG)<\/a><\/li>\n<li><a href=\"http:\/\/ccma-acmc.ca\/en\/committees-2\/t1-committees\/t1-steering-committee\/t1-legal-and-regulatory-working-group\/\">T+1 Legal &amp; Regulatory Working Group (LRWG)<\/a><\/li>\n<li><a href=\"http:\/\/ccma-acmc.ca\/en\/committees-2\/t1-committees\/t1-steering-committee\/t1-comms-and-education-wg\/\">T+1 Communications &amp; Education Working Group (CEWG)<\/a><\/li>\n<\/ul>\n<\/li>\n<\/ul>\n<h4><strong><em>Post-Trade Modernization Project<\/em><\/strong><\/h4>\n<ul>\n<li><a href=\"http:\/\/ccma-acmc.ca\/en\/?page_id=75299&amp;preview=true\">CCMA Advisory Council<\/a><\/li>\n<\/ul>\n<h4><em><strong>CCMA T+2 Committee Structure (2015-2018 )<\/strong><\/em><\/h4>\n<ul>\n<li><a href=\"https:\/\/ccma-acmc.ca\/en\/committees\/t2-steering-committee\/\">T+2 Steering Committee (T2SC)<\/a>\n<ul>\n<li><a href=\"https:\/\/ccma-acmc.ca\/en\/committees\/t2-operations-working-group\/\">T+2 Operations Working Group (OWG)<\/a><\/li>\n<li><a href=\"https:\/\/ccma-acmc.ca\/en\/committees\/t2-mutual-funds-working-group\/\">T+2 Mutual Funds Working Group (MFWG)<\/a><\/li>\n<li><a href=\"https:\/\/ccma-acmc.ca\/en\/committees\/t2-legal-and-regulatory-working-group\/\">T+2 Legal &amp; Regulatory Working Group (LRWG)<\/a><\/li>\n<li><a href=\"https:\/\/ccma-acmc.ca\/en\/committees\/t2-communications-and-education-working-group\/\">T+2 Communications &amp; Education Working Group (CEWG)<\/a><\/li>\n<\/ul>\n<\/li>\n<\/ul>\n<p>[\/vc_column_text][\/vc_column][vc_column width=&#8221;1\/2&#8243;][vc_column_text]<\/p>\n<h2><strong><span style=\"color: #d71635;\">Comit\u00e9s<\/span><\/strong><\/h2>\n<p>L\u2019ACMC op\u00e8re par le biais d\u2019une s\u00e9rie de comit\u00e9s approuv\u00e9s par le Conseil d\u2019administration, qui assurent la direction des initiatives importantes pour les march\u00e9s financiers canadiens.<\/p>\n<p>Pour en savoir plus sur un comit\u00e9 qui pr\u00e9sente un int\u00e9r\u00eat pour vous, merci de cliquer sur le nom du comit\u00e9 pour voir son mandat, ses membres, les questions qu\u2019il s\u2019en occupent, et les proc\u00e8s-verbaux de ses r\u00e9unions.<\/p>\n<h3><strong>Comit\u00e9s actuels<\/strong><\/h3>\n<ul>\n<li><a href=\"http:\/\/ccma-acmc.ca\/en\/committees\/board-of-directors\/\">Conseil d\u2019administration<\/a><\/li>\n<\/ul>\n<h3><strong>Anciens comit\u00e9s<\/strong><\/h3>\n<h4><strong><em><a href=\"https:\/\/ccma-acmc.ca\/en\/committees-2\/t1-committees\/t1-steering-committee\/\">Comit\u00e9<\/a>s T+1<\/em><\/strong><\/h4>\n<ul>\n<li><a href=\"https:\/\/ccma-acmc.ca\/en\/committees-2\/t1-committees\/t1-steering-committee\/\">Comit\u00e9 directeur T+1 (T1SC)<\/a><\/li>\n<li><a href=\"https:\/\/ccma-acmc.ca\/en\/committees-2\/t1-committees\/t1-steering-committee\/t1-operations-working-group\/\">Groupe de travail Op\u00e9rations T+1 (OWG)<\/a><\/li>\n<li><a href=\"https:\/\/ccma-acmc.ca\/en\/committees-2\/t1-committees\/t1-steering-committee\/t1-mutual-funds-working-group\/\">Groupe de travail Fonds communs de placement T+1 (MFWG)<\/a><\/li>\n<li><a href=\"http:\/\/ccma-acmc.ca\/en\/committees-2\/t1-committees\/t1-steering-committee\/t1-legal-and-regulatory-working-group\/\">Groupe de travail Juridique et r\u00e9glementaire T+1 (LRWG)<\/a><\/li>\n<li><a href=\"http:\/\/ccma-acmc.ca\/en\/committees-2\/t1-committees\/t1-steering-committee\/t1-comms-and-education-wg\/\">Groupe de travail Communication et formation T+1 (CEWG)<\/a><\/li>\n<\/ul>\n<h4><em><strong>Projet de modernisation post-march\u00e9 TMX\/CDS :<\/strong><\/em><\/h4>\n<ul>\n<li><a href=\"http:\/\/ccma-acmc.ca\/en\/?page_id=75299&amp;preview=true\">Comit\u00e9 consultatif<\/a><\/li>\n<\/ul>\n<h4><em><strong>Groupes de travail T+2<\/strong> <strong>(2015-2018)<\/strong><\/em><\/h4>\n<ul>\n<li><a href=\"https:\/\/ccma-acmc.ca\/fr\/committees\/t2-steering-committee\/\">Comit\u00e9 directeur T+2 (T2SC)<\/a>\n<ul>\n<li><a href=\"https:\/\/ccma-acmc.ca\/fr\/committees\/t2-operations-working-group\/\">Le Groupe de travail Op\u00e9rations (OWG)<\/a><\/li>\n<li><a href=\"https:\/\/ccma-acmc.ca\/fr\/committees\/t2-mutual-funds-working-group\/\">Le Groupe de travail Fonds communs de placement (MFWG)<\/a><\/li>\n<li><a href=\"https:\/\/ccma-acmc.ca\/fr\/committees\/t2-legal-and-regulatory-working-group\/\">Groupe de travail Juridique et r\u00e9glementaire (LRWG)<\/a><\/li>\n<li><a href=\"https:\/\/ccma-acmc.ca\/fr\/committees\/t2-communications-and-education-working-group\/\">Le Groupe de travail Communications et formation (CEWG)<\/a><\/li>\n<\/ul>\n<\/li>\n<\/ul>\n<ul>\n<li style=\"list-style-type: none;\"><\/li>\n<\/ul>\n<p>[\/vc_column_text][\/vc_column][\/vc_row]<\/p>\n<\/section>","protected":false},"excerpt":{"rendered":"<p>[vc_row type=&#8221;container&#8221; padding_top=&#8221;&#8221; padding_bottom=&#8221;&#8221;][vc_column width=&#8221;1\/2&#8243;][vc_column_text] Committees The CCMA operates through a series of Board-approved committees that provide leadership to initiatives that are important to the Canadian capital markets. To find out more about a committee of interest to you, please click on the committee name to learn the mandate, members, issues log and meeting minutes. [&hellip;]<\/p>\n","protected":false},"author":1,"featured_media":0,"parent":0,"menu_order":9,"comment_status":"closed","ping_status":"closed","template":"","meta":{"_acf_changed":false,"footnotes":""},"class_list":["post-73","page","type-page","status-publish","hentry"],"acf":[],"_links":{"self":[{"href":"https:\/\/ccma-acmc.ca\/en\/wp-json\/wp\/v2\/pages\/73","targetHints":{"allow":["GET"]}}],"collection":[{"href":"https:\/\/ccma-acmc.ca\/en\/wp-json\/wp\/v2\/pages"}],"about":[{"href":"https:\/\/ccma-acmc.ca\/en\/wp-json\/wp\/v2\/types\/page"}],"author":[{"embeddable":true,"href":"https:\/\/ccma-acmc.ca\/en\/wp-json\/wp\/v2\/users\/1"}],"replies":[{"embeddable":true,"href":"https:\/\/ccma-acmc.ca\/en\/wp-json\/wp\/v2\/comments?post=73"}],"version-history":[{"count":113,"href":"https:\/\/ccma-acmc.ca\/en\/wp-json\/wp\/v2\/pages\/73\/revisions"}],"predecessor-version":[{"id":77179,"href":"https:\/\/ccma-acmc.ca\/en\/wp-json\/wp\/v2\/pages\/73\/revisions\/77179"}],"wp:attachment":[{"href":"https:\/\/ccma-acmc.ca\/en\/wp-json\/wp\/v2\/media?parent=73"}],"curies":[{"name":"wp","href":"https:\/\/api.w.org\/{rel}","templated":true}]}}