{"id":71229,"date":"2016-03-28T01:05:07","date_gmt":"2016-03-28T05:05:07","guid":{"rendered":"http:\/\/ccma-acmc.ca\/beta\/?page_id=71229"},"modified":"2017-11-21T09:07:04","modified_gmt":"2017-11-21T14:07:04","slug":"legal","status":"publish","type":"page","link":"https:\/\/ccma-acmc.ca\/en\/legal\/","title":{"rendered":"Legal"},"content":{"rendered":"<section class=\"wpb-content-wrapper\"><p>[vc_row type=&#8221;container&#8221; padding_top=&#8221;&#8221; padding_bottom=&#8221;&#8221;][vc_column][vc_column_text]<\/p>\n<h3>Legal Terms &amp; Conditions<\/h3>\n<p>Access to the information and documents (collectively the &#8220;Information&#8221;) contained on this Website constitutes your acceptance to the following provisions.<\/p>\n<p><strong>Legal Terms &amp; Conditions<\/strong><\/p>\n<p>This Website contains a variety of information concerning the Canadian Capital Markets Association (the &#8220;CCMA&#8221;), its members and their respective services. All information is provided for informational and educational purposes only. All information is provided &#8220;as is&#8221; WITHOUT WARRANTY OR CONDITION OF ANY KIND, EXPRESS OR IMPLIED, AND ALL SUCH WARRANTIES OR CONDITIONS ARE HEREBY DISCLAIMED.<\/p>\n<p>The CCMA will revise the content of this Website as it deems necessary, and consequently information may be changed, removed or updated without prior notice. Disruptions to this Website may occur as a consequence of the need to revise its content or for other related and\/or unrelated reasons. Although it is the CCMA\u2019s goal to minimize disruptions to this service, it does not guarantee that this Website will be available at all times. These Terms and Conditions of Use may also be changed, removed or updated for any reason without prior notice. The CCMA assumes no liability or responsibility to a user or any third party for the use of this Website or the consequences of any errors and\/or omissions therein, and\/or disruptions thereof. The CCMA also reserves the right to terminate this Website without prior notice.<\/p>\n<p>If this Website contains electronic copies of documents, unless otherwise indicated, the official copies of these documents for legal or other purposes are those printed copies distributed by or on behalf of the CCMA by an authorized representative in paper format. The CCMA does not warrant, guarantee or make any representations regarding the quality, accuracy, timeliness or completeness of any information on this Website. Information published on this Website should not be regarded or relied upon as the provision of financial, legal or other advice or as a substitute for such advice. Users should apply or seek professional judgement in making use of such information, including without limitation, the use, timeliness or accuracy of any information as the basis for any conclusions.<\/p>\n<p>For non-commercial, personal or educational purposes, users may print individual copies of the documents or may store copies of the documents in their own computer memory for ease of access, provided they are not modified. Notwithstanding the above, nothing contained in these terms and conditions shall be construed as conferring any right under any copyright of the CCMA or any other person who holds copyright in content provided on this Website.<\/p>\n<p>Users may not resell, retransmit, repackage, disseminate or otherwise republish electronically or otherwise any of the information accessed from this Website in any form, including paper, CD-ROM, or another Internet Website or other electronic network, nor may a user include any document or content with any other product, document or information that the user holds, creates or distributes without the prior written consent of the CCMA.<\/p>\n<p>The CCMA makes no representations about any other Website which the user may access through this one. When such other Website is accessed, unless otherwise noted, it is independent from the CCMA and the CCMA has no control over the content on that other Website. In addition, a link to such other Website does not mean that the CCMA endorses or accepts any responsibility for the content or the use of such Website. It is the responsibility of the user of this Website to take precautions to ensure that whatever the user selects for its use is free of such items such as viruses, worms, Trojan horses and other items of a destructive nature.<\/p>\n<p>In no event will the CCMA be liable to any user or any other party or for any direct, indirect, special, consequential or punitive damages or any other damages for any use of this Website, or on any other linked Website, including without limitation, any lost profits, lost opportunities, business interruption, loss of programs or other data on the user\u2019s information handling system or otherwise, even if the CCMA is expressly advised of the possibility of such damages. All agreements and understandings regarding this subject matter is governed by the laws of the province of Ontario and the laws of Canada applicable therein without regard to conflict of laws provisions.<\/p>\n<p><strong>Copyright and Trade-Marks<\/strong><\/p>\n<p>The display of trademarks, graphical or other images on this Website does not imply that a license of any kind has been granted unless otherwise specifically noted. Graphical and other images displayed on this Website are the property of the CCMA unless otherwise specifically noted.<\/p>\n<p>A Copyright Notice of CCMA trade-marks and other intellectual property will be posted on this Website in the near future.<\/p>\n<p><strong>Privacy Statement<\/strong><\/p>\n<p>When you visit this Website, when you move from page to page, read pages, or download its content onto your computer, we may record the following information:<\/p>\n<ul>\n<li>The address you are connecting from<\/li>\n<li>Which pages are visited<\/li>\n<li>What content is downloaded<\/li>\n<li>The address of Websites that you visited immediately before coming to our site.<\/li>\n<\/ul>\n<p>The CCMA uses this information to find out how many people visit its Website and which sections of the site are visited the most frequently. This helps the CCMA to know what type of information is most useful, improve its Website, and make it easier for you to access the Information.<\/p>\n<p>None of the information collected is associated with any individual. It is measured only in aggregate. CCMA records the statistical information on the numbers of visitors to its Website, but no information about individuals in particular is kept or used.<\/p>\n<p>If you attend a CCMA event or sign up to receive CCMA information, we will keep &#8220;business-card&#8221; information, areas of interest and industry sector on file to provide future mailings of material of interest. The information will reside in an internal database accessible to individuals employed directly or indirectly by the CCMA. The information may be provided on rare occasions to third parties who provide event and mailing services with strict caveats to protect the privacy of that information. If you wish to have your information removed from the CCMA database at any time, please e-mail your request to <a href=\"mailto:info@ccma-acmc.ca\">info@ccma-acmc.ca<\/a><\/p>\n<p>.<strong>Conditions<\/strong><\/p>\n<p>D\u00e8s que vous acc\u00e9dez au site web de l\u2019Association canadienne des march\u00e9s des capitaux (ACMC) et que vous prenez connaissance de l\u2019information et des documents (appel\u00e9s de fa\u00e7on globale l\u2019\u00ab information \u00bb) qu\u2019il contient, vous acceptez d\u2019\u00eatre li\u00e9 par les conditions d\u2019utilisation du site qui sont affich\u00e9es sous les rubriques suivantes :<\/p>\n<p><strong>Conditions<\/strong><\/p>\n<p>Ce site web propose une information vari\u00e9e sur l\u2019Association canadienne des march\u00e9s des capitaux (l\u2019ACMC), ses membres et les services qu\u2019ils offrent respectivement. Toute l\u2019information donn\u00e9e ne vise qu\u2019\u00e0 renseigner l\u2019utilisateur et \u00e0 lui permettre d\u2019acqu\u00e9rir des connaissances. Il devra, de plus, accepter l\u2019information \u00ab telle quelle \u00bb. Par ailleurs, l\u2019information est fournie <strong>sans aucune garantie DE QUELQUE NATURE QUE CE SOIT, implicite ou explicite, et l\u2019ACMC ne reconna\u00eetra aucune garantie DE QUELQUE NATURE QUE CE SOIT<\/strong>.<\/p>\n<p>L\u2019ACMC se r\u00e9serve le droit de modifier le contenu de ce site, si elle le juge n\u00e9cessaire. En d\u2019autres termes, elle pourra, sans pr\u00e9avis, apporter des modifications ou des mises \u00e0 jour au contenu et m\u00eame en supprimer des \u00e9l\u00e9ments. Par ailleurs, le site pourrait \u00eatre temporairement inaccessible par suite de l\u2019ex\u00e9cution des t\u00e2ches n\u00e9cessaires en regard de ces modifications ou pour toute autre raison. Bien que l\u2019ACMC compte faire le n\u00e9cessaire pour minimiser les arr\u00eats de service, elle ne peut assurer que le site sera accessible en tout temps. Il convient de noter \u00e9galement que les conditions d\u2019utilisation pourraient \u00eatre modifi\u00e9es, mises \u00e0 jour ou supprim\u00e9es en partie, sans aucun pr\u00e9avis. L\u2019ACMC ne pourra \u00eatre tenue responsable de dommages subis par des tiers par suite de l\u2019utilisation du pr\u00e9sent site web, d\u2019erreurs ou d\u2019omissions, ni \u00eatre tenue responsable des arr\u00eats de service. L\u2019ACMC se r\u00e9serve \u00e9galement le droit de fermer son site sans pr\u00e9avis.<\/p>\n<p>Si le pr\u00e9sent site web contient des copies \u00e9lectroniques de documents \u2013 sauf avis contraire \u2013, les copies officielles de ces documents seront les exemplaires imprim\u00e9s qui auront \u00e9t\u00e9 distribu\u00e9s sur support papier par l\u2019ACMC ou au nom de celle-ci. L\u2019ACMC ne contr\u00f4le aucunement et ne garantit pas la qualit\u00e9, ni l\u2019exactitude, ni la pertinence de l\u2019information fournie dans ce site pas plus qu\u2019elle ne peut assurer que l\u2019information est compl\u00e8te ou \u00e0 jour en tout temps, et elle ne fait aucune d\u00e9claration \u00e0 cet \u00e9gard. L\u2019information publi\u00e9e n\u2019est pas destin\u00e9e \u00e0 remplacer une consultation de nature juridique, financi\u00e8re ou autre, et ne doit pas \u00eatre utilis\u00e9e \u00e0 ces fins. Les utilisateurs du site auront int\u00e9r\u00eat \u00e0 consulter des personnes dont les comp\u00e9tences sont reconnues et \u00e0 obtenir de celles-ci des conseils sur l\u2019utilisation de l\u2019information pr\u00e9sent\u00e9e dans le site portant, notamment et sans restriction, sur l\u2019utilit\u00e9, l\u2019opportunit\u00e9 et l\u2019exactitude de l\u2019information fournie avant de tirer leurs propres conclusions.<\/p>\n<p>L\u2019utilisateur pourra, pour son usage personnel ou sa formation et \u00e0 des fins non commerciales, imprimer des copies de documents incorpor\u00e9s au site web ou les conserver en m\u00e9moire dans son ordinateur afin d\u2019y acc\u00e9der plus facilement, \u00e0 la condition toutefois de ne pas en modifier le contenu. N\u00e9anmoins, aucune portion des pr\u00e9sentes conditions ne peut \u00eatre interpr\u00e9t\u00e9e comme conf\u00e9rant un droit, en vertu des droits de propri\u00e9t\u00e9 intellectuelle de l\u2019ACMC ou de toute autre personne qui d\u00e9tient un droit d\u2019auteur sur une partie du contenu du site web.<\/p>\n<p>Par ailleurs, il est strictement interdit de revendre, de retransmettre, de refaire la pr\u00e9sentation, de diffuser ou de publier par des moyens \u00e9lectroniques ou autres une quelconque portion de l\u2019information fournie dans ce site web sous quelque forme que ce soit, y compris sur support papier, CD-ROM ou par le biais d\u2019un autre site web ou de tout autre r\u00e9seau \u00e9lectronique. En outre, les utilisateurs ne sont pas autoris\u00e9s \u00e0 incorporer une quelconque portion du contenu de ce site web \u00e0 leurs propres produits, documents ou information, ni \u00e0 se servir du mat\u00e9riel de l\u2019ACMC pour en cr\u00e9er de nouveaux ou les distribuer, sans avoir obtenu au pr\u00e9alable l\u2019autorisation \u00e9crite de l\u2019ACMC.<\/p>\n<p>L\u2019ACMC n\u2019exprime aucune opinion sur tout autre site web li\u00e9 \u00e0 son propre site. \u00c0 moins d\u2019avis contraire, chacun de ces sites est ind\u00e9pendant et ne rel\u00e8ve pas de l\u2019ACMC qui ne contr\u00f4le aucunement le contenu de tels sites. Par ailleurs, tout lien cr\u00e9\u00e9 avec un autre site web ne signifie pas que l\u2019ACMC accepte ou assume de responsabilit\u00e9 quant au contenu ou \u00e0 l\u2019utilisation de tel site. Tout utilisateur doit prendre les mesures n\u00e9cessaires pour s\u2019assurer que le site auquel il acc\u00e8de ne contient aucun virus, ver, programme troyen ou tout autre \u00e9l\u00e9ment au pouvoir destructif.<\/p>\n<p>En aucun cas, l\u2019ACMC ne pourra \u00eatre tenue responsable envers les utilisateurs ou toute tierce partie des dommages directs, indirects, particuliers ou cons\u00e9cutifs d\u00e9coulant de l\u2019utilisation du pr\u00e9sent site ou de tout site auquel il est li\u00e9, y compris et sans exception, des dommages prenant la forme de pertes de profits, d\u2019occasions rat\u00e9es, d\u2019arr\u00eat des activit\u00e9s, de pertes de logiciels ou de pertes de donn\u00e9es que subirait le syst\u00e8me de traitement de l\u2019utilisateur ou tout autre syst\u00e8me, m\u00eame si l\u2019ACMC avait \u00e9t\u00e9 express\u00e9ment inform\u00e9e de la possibilit\u00e9 que pareils dommages se produisent. Tout contrat et toute entente \u00e0 ce sujet sont assujettis aux lois de la province de l\u2019Ontario de m\u00eame qu\u2019aux lois canadiennes en vigueur sans \u00e9gard aux conflits de lois.<\/p>\n<p><strong>Droits d\u2019auteur et marques d\u00e9pos\u00e9es<\/strong><\/p>\n<p>L\u2019affichage de marques de commerce, de graphiques ou de dessins dans ces pages ne signifie pas qu\u2019une licence a \u00e9t\u00e9 consentie \u00e0 une tierce partie, \u00e0 moins que le contraire ne soit pr\u00e9cis\u00e9. Les graphiques et dessins affich\u00e9s dans les pages de ce site sont la propri\u00e9t\u00e9 de l\u2019ACMC, sauf avis contraire.<\/p>\n<p>Un avis de droit d\u2019auteur concernant les marques d\u00e9pos\u00e9es et tout produit prot\u00e9g\u00e9 par les droits de propri\u00e9t\u00e9 intellectuelle de l\u2019ACMC sera bient\u00f4t publi\u00e9 dans ce site.<\/p>\n<p><strong>Confidentialit\u00e9<\/strong><\/p>\n<p>Si vous consultez ce site, le parcourez, en lisez le contenu ou t\u00e9l\u00e9chargez des donn\u00e9es du site vers votre propre p\u00e9riph\u00e9rique, les renseignements suivants vous concernant sont enregistr\u00e9s :<\/p>\n<ul>\n<li>\u00a0l\u2019adresse \u00e0 partir de laquelle vous avez \u00e9tabli la liaison;<\/li>\n<li>\u00a0les pages que vous avez consult\u00e9es;<\/li>\n<li>les donn\u00e9es que vous avez t\u00e9l\u00e9charg\u00e9es;<\/li>\n<li>l\u2019adresse des sites web que vous avez consult\u00e9s imm\u00e9diatement avant celui-ci.<\/li>\n<\/ul>\n<p>Ce type de renseignements permet \u00e0 l\u2019ACMC de d\u00e9terminer le nombre de personnes qui acc\u00e8dent au site web et quelles parties du site sont le plus souvent consult\u00e9es. Ces renseignements sont aussi tr\u00e8s utiles pour \u00e9tablir le type d\u2019information qui est recherch\u00e9e, faire les mises \u00e0 jour appropri\u00e9es et faciliter l\u2019acc\u00e8s \u00e0 l\u2019information.<\/p>\n<p>Aucun des renseignements retenus n\u2019est reli\u00e9 \u00e0 une personne en particulier. L\u2019observation porte sur l\u2019ensemble des donn\u00e9es. L\u2019ACMC ne fait qu\u2019\u00e9tablir des statistiques sur le nombre de personnes qui consultent son site web, et aucune information concernant les personnes elles-m\u00eames n\u2019est conserv\u00e9e ni utilis\u00e9e.<\/p>\n<p>Si toutefois vous assistez \u00e0 un \u00e9v\u00e9nement de l\u2019ACMC ou avez fait parvenir \u00e0 cette derni\u00e8re une demande \u00e9crite de renseignements, nous noterons vos coordonn\u00e9es, champs d\u2019int\u00e9r\u00eat et secteur d\u2019activit\u00e9 et conserverons ces donn\u00e9es de fa\u00e7on \u00e0 pouvoir vous envoyer de l\u2019information susceptible de vous int\u00e9resser. Les renseignements vous concernant demeureront dans une base de donn\u00e9es de la Caisse canadienne de d\u00e9p\u00f4t des valeurs (CDS) qui g\u00e8re ces services pour l\u2019ACMC. En de rares occasions, il est possible que des renseignements soient transmis \u00e0 des tierces parties qui utilisent des listes d\u2019adresses pour transmettre de l\u2019information sur des services ou des \u00e9v\u00e9nements en particulier, conform\u00e9ment toutefois \u00e0 des r\u00e8gles strictes de confidentialit\u00e9. En tout temps, vous pourrez demander que ces renseignements soient effac\u00e9s de la base de donn\u00e9es de la CDS-ACMC. \u00c0 cette fin, il vous suffira d&#8217;envoyer votre demande par courrier \u00e9lectronique \u00e0 <u>info@ccma-acmc.ca.<\/u> Si vous \u00eates un adh\u00e9rent de la CDS, l\u2019ACMC vous confirmera qu\u2019elle a satisfait \u00e0 votre demande.[\/vc_column_text][\/vc_column][\/vc_row]<\/p>\n<\/section>","protected":false},"excerpt":{"rendered":"<p>[vc_row type=&#8221;container&#8221; padding_top=&#8221;&#8221; padding_bottom=&#8221;&#8221;][vc_column][vc_column_text] Legal Terms &amp; Conditions Access to the information and documents (collectively the &#8220;Information&#8221;) contained on this Website constitutes your acceptance to the following provisions. Legal Terms &amp; Conditions This Website contains a variety of information concerning the Canadian Capital Markets Association (the &#8220;CCMA&#8221;), its members and their respective services. All information [&hellip;]<\/p>\n","protected":false},"author":1,"featured_media":0,"parent":0,"menu_order":1,"comment_status":"closed","ping_status":"closed","template":"","meta":{"_acf_changed":false,"footnotes":""},"class_list":["post-71229","page","type-page","status-publish","hentry"],"acf":[],"_links":{"self":[{"href":"https:\/\/ccma-acmc.ca\/en\/wp-json\/wp\/v2\/pages\/71229","targetHints":{"allow":["GET"]}}],"collection":[{"href":"https:\/\/ccma-acmc.ca\/en\/wp-json\/wp\/v2\/pages"}],"about":[{"href":"https:\/\/ccma-acmc.ca\/en\/wp-json\/wp\/v2\/types\/page"}],"author":[{"embeddable":true,"href":"https:\/\/ccma-acmc.ca\/en\/wp-json\/wp\/v2\/users\/1"}],"replies":[{"embeddable":true,"href":"https:\/\/ccma-acmc.ca\/en\/wp-json\/wp\/v2\/comments?post=71229"}],"version-history":[{"count":3,"href":"https:\/\/ccma-acmc.ca\/en\/wp-json\/wp\/v2\/pages\/71229\/revisions"}],"predecessor-version":[{"id":74548,"href":"https:\/\/ccma-acmc.ca\/en\/wp-json\/wp\/v2\/pages\/71229\/revisions\/74548"}],"wp:attachment":[{"href":"https:\/\/ccma-acmc.ca\/en\/wp-json\/wp\/v2\/media?parent=71229"}],"curies":[{"name":"wp","href":"https:\/\/api.w.org\/{rel}","templated":true}]}}