{"id":70965,"date":"2016-03-22T02:40:31","date_gmt":"2016-03-22T06:40:31","guid":{"rendered":"http:\/\/ccma-acmc.ca\/beta\/?page_id=70965"},"modified":"2024-10-30T17:16:53","modified_gmt":"2024-10-30T21:16:53","slug":"publications","status":"publish","type":"page","link":"https:\/\/ccma-acmc.ca\/en\/resources-ressources\/publications\/","title":{"rendered":"Publications"},"content":{"rendered":"<section class=\"wpb-content-wrapper\"><p>[vc_row type=&#8221;container&#8221; padding_top=&#8221;75&#8243; padding_bottom=&#8221;&#8221; css=&#8221;.vc_custom_1459227574343{margin-bottom: 25px !important;}&#8221;][vc_column css=&#8221;.vc_custom_1444954308084{margin-bottom: 35px !important;}&#8221;][vc_column_text css=&#8221;.vc_custom_1730323005154{margin-top: 0px !important;}&#8221;]<\/p>\n<h3><strong>Publications<\/strong><\/h3>\n<p>&nbsp;<\/p>\n<p>The CCMA uses different ways to communicate details of efforts to reduce the standard securities settlement from T+2 to T+1. One is announcements; another \u2013 CCMA-, or CCMA-partner co-authored, articles, and a third is the CCMA\u2019s bimonthly newsletter, <strong><em>Time to Talk T+1<\/em><\/strong>. We also include select material of particular relevance created by other parties. To be added to our publications list to receive any CCMA announcement or newsletter, please <a href=\"mailto:info@ccma-acmc.ca?subject=Request%20re%20T+2\">e-mail us<\/a>.<\/p>\n<p>The CCMA also publishes announcements and articles, sometimes written with or for other partner associations, which also can be found below.<\/p>\n<p><strong>October 31, 2024: <\/strong><a href=\"http:\/\/ccma-acmc.ca\/en\/wp-content\/uploads\/CCMA-T1-Post-Implementation-Report-October-31-2024.pdf\">CCMA T+1 Post-Implementation Report<\/a><\/p>\n<p><a href=\"#CCMA-Announcements\"><strong>CCMA Announcements<\/strong><\/a><\/p>\n<p><strong>Note:\u00a0<\/strong> On May 27, 2024, Canadian capital markets successfully adopted a shorter T+1 standard security settlement time, so alas, further announcements, newsletters and bulletins are ceasing. Here is our final update and thanks to all who participated, including counterparts at Sifma, ICI, DTCC, as well as Argentina, Jamaica, Mexico, and Peru.<\/p>\n<ul>\n<li><strong>June 6, 2024:<\/strong> <strong><a href=\"http:\/\/ccma-acmc.ca\/en\/wp-content\/uploads\/2024-06-06-Thanks-to-All-Who-Participated-and-Results-of-T1-Project.pdf\">Thanks to All Who Participated and Results of T+1 Project<\/a><\/strong><\/li>\n<li><strong>6 juin 2024 : <a href=\"http:\/\/ccma-acmc.ca\/en\/wp-content\/uploads\/2024-06-06-Nos-remerciements-et-les-resultats-du-projet-T1.pdf\">Nos remerciements et les r\u00e9sultats du projet T+1<\/a><\/strong><\/li>\n<li><strong>May 31, 2024:<\/strong> <a href=\"http:\/\/ccma-acmc.ca\/en\/wp-content\/uploads\/CCMA-says-capital-markets-transition-to-shorter-securities-settlement-a-success-2024-05-31-1.pdf\">CCMA says capital markets transition to shorter securities settlement a success<\/a><\/li>\n<li><strong>31 mai 2024 : <\/strong> <a href=\"http:\/\/ccma-acmc.ca\/en\/wp-content\/uploads\/LACMC-annonce-la-reussite-de-la-transition-des-marches-de-capitaux-a-un-reglement-des-titres-plus-court-2024-05-31-1.pdf\">L\u2019ACMC annonce la r\u00e9ussite de la transition des march\u00e9s de capitaux \u00e0 un r\u00e8glement des titres plus court<\/a><\/li>\n<li><strong>August 10, 2023<\/strong>\u00a0: <a href=\"http:\/\/ccma-acmc.ca\/en\/wp-content\/uploads\/CCMA-Applauds-CSA-Staff-Notice-Supporting-Move-to-T1-2023-08-10.pdf\">Announcement<\/a> \u2013 CCMA Applauds CSA Staff Notice Supporting Move to T+1<\/li>\n<li><strong>10 ao\u00fbt 2023\u00a0: <\/strong><a href=\"http:\/\/ccma-acmc.ca\/en\/wp-content\/uploads\/ACMC-se-rejouit-de-lannonce-du-personnel-des-ACVM-a-lappui-du-passage-a-T1-10-aout-2023.pdf\">Annonce<\/a> \u2013 ACMC se r\u00e9jouit de l\u2019annonce du personnel des ACVM \u00e0 l\u2019appui du passage \u00e0 T+1<\/li>\n<li><strong>May 30, 2023:<\/strong> <a href=\"http:\/\/ccma-acmc.ca\/en\/wp-content\/uploads\/May-27-2024-A-year-to-go-until-T1-Standard-Settlement-Cycle-Goes-Live-Copy.pdf\">One-Year Countdown until T+1 Standard Settlement Cycle Goes Live<\/a><\/li>\n<li><strong>30 mai 2024<\/strong><strong>, 2023:\u00a0 <\/strong><a href=\"http:\/\/ccma-acmc.ca\/en\/wp-content\/uploads\/CCMA-Announces-SEC-Releases-Final-T1-Rules-Date-2023-02-15.pdf\">CCMA Announcement<\/a> \u2013 SEC Releases Final T+1 Rules, Date<\/li>\n<li><strong>Le 15 fevrier 2023 :<\/strong> <a href=\"http:\/\/ccma-acmc.ca\/en\/wp-content\/uploads\/La-SEC-publie-les-regles-finales-afferentes-au-passage-a-T1-et-annonce-la-date-de-transition.pdf\">Annonce<\/a> \u2013 La SEC publie les r\u00e8gles finales aff\u00e9rentes au passage \u00e0 T+1 et la date de transition<\/li>\n<li><strong>December 15, 2022:<\/strong>\u00a0 <a href=\"http:\/\/ccma-acmc.ca\/en\/wp-content\/uploads\/CSA-Releases-Proposed-Amendments-to-NI-24-101-2022-12-15.pdf\">CCMA Announcement<\/a> \u2013 Canadian securities regulators outline steps to support transition to T+1<\/li>\n<li><strong>Le 15 d\u00e9cembre 2022\u00a0:<\/strong> <a href=\"http:\/\/ccma-acmc.ca\/en\/wp-content\/uploads\/Les-mesures-proposees-pour-faciliter-la-transition-vers-un-cycle-de-reglement-dun-jour-2022-12-15.pdf\">Annonce de l&#8217;ACMC<\/a> \u2013 Les autorit\u00e9s en valeurs mobili\u00e8res du Canada d\u00e9crivent les \u00e9tapes \u00e0 suivre pour appuyer la transition vers T+1<\/li>\n<li><strong>April 29, 2021:\u00a0<\/strong> CCMA\u00a0<a href=\"https:\/\/www.investmentexecutive.com\/news\/industry-news\/contemplating-t1-for-canada\/?utm_source=newsletter&amp;utm_medium=nl&amp;utm_content=investmentexecutive&amp;utm_campaign=INT-EN-All-afternoon\">Announcement<\/a> \u2013 Canada to Study Shorter Standard Settlement Cycle<\/li>\n<\/ul>\n<p><a href=\"#CCMA-Newsletters\"><strong>CCMA Newsletters and Bulletins<\/strong><\/a><\/p>\n<ul>\n<li><strong>January 31, 2024:<\/strong> <em><a href=\"http:\/\/ccma-acmc.ca\/en\/wp-content\/uploads\/Time-to-Talk-T1-Issue-14-January-31-2024.pdf\">Time to Talk T+1<\/a><\/em> (Issue 14)<\/li>\n<li><strong>31 janvier 2024<\/strong> : <em><a href=\"http:\/\/ccma-acmc.ca\/en\/wp-content\/uploads\/Cest-le-temps-de-parler-T1-No.-14-31-janvier-2024.pdf\">C\u2019est le temps de parler T+1<\/a><\/em> (Infolettre No. 14)<\/li>\n<li><strong>December 31, 2023:<\/strong> <a href=\"http:\/\/ccma-acmc.ca\/en\/wp-content\/uploads\/T1-Technical-Readiness-Update-December-31-2023.pdf\">T+1 Technical Readiness Update<\/a><\/li>\n<li><strong>31 d\u00e9cembre 2023\u00a0: <\/strong><a href=\"http:\/\/ccma-acmc.ca\/en\/wp-content\/uploads\/Mise-a-jour-de-lACMC-sur-la-preparation-technique-de-T1-2023-12-31.pdf\">Mise \u00e0 jour de l\u2019ACMC sur la pr\u00e9paration technique de T+1<\/a><\/li>\n<li><strong>November 30, 2023:<\/strong> <a href=\"http:\/\/ccma-acmc.ca\/en\/wp-content\/uploads\/Time-to-Talk-T1-Issue-13-November-30-2023.pdf\">Time to Talk T+1<\/a><\/li>\n<li><strong>30 novembre 2023 :<\/strong> <a href=\"http:\/\/ccma-acmc.ca\/en\/wp-content\/uploads\/Cest-le-temps-de-parler-T1-No.-13-30-novembre-2023.pdf\">C\u2019est le temps de parler T+1<\/a><\/li>\n<li><strong>October 31, 2023:<\/strong> <a href=\"http:\/\/ccma-acmc.ca\/en\/wp-content\/uploads\/T1-Technical-Readiness-Update-October-31-2023.pdf\">CCMA T+1 Technical Readiness Update<\/a><\/li>\n<li><strong>31 Octobre 2023 : <\/strong><a href=\"http:\/\/ccma-acmc.ca\/en\/wp-content\/uploads\/Mise-a-jour-de-lACMC-sur-la-preparation-technique-de-T1-2023-10-31-3.pdf\">Mise \u00e0 jour de l\u2019ACMC sur la pr\u00e9paration technique de T+1<\/a><\/li>\n<li><strong>September 30, 2023: <\/strong><a href=\"http:\/\/ccma-acmc.ca\/en\/wp-content\/uploads\/Time-to-Talk-T1-Issue-12-September-30-2023.pdf\">Time to Talk T+1<\/a> (Issue 12)<\/li>\n<li><strong>30 septembre 2023 : \u00a0<\/strong><a href=\"http:\/\/ccma-acmc.ca\/en\/wp-content\/uploads\/Cest-le-temps-de-parler-T1-Numero-12-30-septembre-2023.pdf\">C\u2019est le temps de parler T+1<\/a> (Num\u00e9ro 12)<\/li>\n<li><strong>August 31, 2023: <\/strong><a href=\"http:\/\/ccma-acmc.ca\/en\/wp-content\/uploads\/CCMA-T1-Technical-Readiness-Update-August-31-2023.pdf\">CCMA T+1 Technical Readiness Update<\/a><\/li>\n<li><strong>31 ao\u00fbt 2023 : <\/strong><a href=\"http:\/\/ccma-acmc.ca\/en\/wp-content\/uploads\/Mise-a-jour-de-lACMC-sur-la-preparation-technique-de-T1-2023-08-31.pdf\">Mise \u00e0 jour de l\u2019ACMC sur la pr\u00e9paration technique de T+1<\/a><\/li>\n<li><strong>July 31, 2023:\u00a0<\/strong> <a href=\"http:\/\/ccma-acmc.ca\/en\/wp-content\/uploads\/Time-to-Talk-T1-Issue-11-July-31-2023.pdf\">Time to Talk T+1<\/a> (Newsletter #11)<\/li>\n<li><strong>31 juillet 2023 : <\/strong><a href=\"https:\/\/ccma-acmc.ca\/en\/wp-content\/uploads\/Cest-le-temps-de-parler-T1-Numero-11-31-juillet-2023.pdf\">C\u2019est le temps de parler T+1<\/a> (Infolettre No. 11)<\/li>\n<li><strong>June 30, 2023:<\/strong> <a href=\"http:\/\/ccma-acmc.ca\/en\/wp-content\/uploads\/CCMA-T1-Technical-Readiness-Update-June-2023.pdf\">CCMA +1 Technical Readiness Update<\/a><\/li>\n<li><strong>30 juin 2023 : <\/strong><a href=\"http:\/\/ccma-acmc.ca\/en\/wp-content\/uploads\/Mise-a-jour-de-lACMC-sur-la-preparation-technique-T1-juin-2023.pdf\">Mise \u00e0 jour de l\u2018ACMC sur preparation technique T+1<\/a><\/li>\n<li><strong>May 30, 2023: <\/strong><a href=\"http:\/\/ccma-acmc.ca\/en\/wp-content\/uploads\/Time-to-Talk-T1-Issue-10-May-31-2023.pdf\">Time to Talk T+1<\/a> (CCMA Newsletter #10)<\/li>\n<li><strong>30 mai 2023 : <\/strong><a href=\"http:\/\/ccma-acmc.ca\/en\/wp-content\/uploads\/Cest-le-temps-de-parler-T1-Numero-10-31-mai-2023.pdf\">C\u2019est le temps de parler T+1<\/a> (Infolettre No. 10)<\/li>\n<li><strong>March 31, 2023:<\/strong> <a href=\"http:\/\/ccma-acmc.ca\/en\/wp-content\/uploads\/Time-to-Talk-T1-Issue-9-March-31-2023.pdf\">Time to Talk T+1<\/a> (CCMA Newsletter #9)<\/li>\n<li><strong>31 mars 2023\u00a0:<\/strong> <a href=\"http:\/\/ccma-acmc.ca\/en\/wp-content\/uploads\/Cest-le-temps-de-parler-T1-9-31-mars-2023.pdf\">C\u2019est le temps de parler T+1<\/a> (Infoletttre No. 9)<\/li>\n<li><strong>1 mars 2023 :<\/strong> <a href=\"http:\/\/ccma-acmc.ca\/en\/wp-content\/uploads\/Cest-le-temps-de-parler-T1-9-31-mars-2023.pdf\">C\u2019est le temps de parler T+1<\/a> (Infolettre No. 8)<\/li>\n<li><strong>January 31, 2023:\u00a0 <\/strong><a href=\"http:\/\/ccma-acmc.ca\/en\/wp-content\/uploads\/Time-to-Talk-T1-Issue-8-January-31-2023.pdf\">Time to Talk T+1<\/a>(CCMA Newsletter #8)<\/li>\n<li><strong>31 janvier 2023 : <\/strong><a href=\"http:\/\/ccma-acmc.ca\/en\/wp-content\/uploads\/Cest-le-temps-de-parler-T1-8-le-31-janvier-2023.pdf\">C\u2019est le temps de parler T+1<\/a> (Infolettre No. 8)<\/li>\n<li><strong>November 29, 2022:\u00a0 <\/strong><a href=\"http:\/\/ccma-acmc.ca\/en\/wp-content\/uploads\/Time-to-Talk-T1-Issue-7-November-2022.pdf\">Time to Talk T+1<\/a> (Issue 7)<\/li>\n<li><strong>29 novembre 2022 :<\/strong>\u00a0<a href=\"http:\/\/ccma-acmc.ca\/en\/wp-content\/uploads\/Cest-le-temps-de-parler-T1-Numero-7-novembre-2022.pdf\">C&#8217;est le temps de parler T+1<\/a> (Num\u00e9ro 7)<\/li>\n<li><strong>September 20, 2022:\u00a0 <\/strong>CCMA issues most recent newsletter, <a href=\"http:\/\/ccma-acmc.ca\/en\/wp-content\/uploads\/Time-to-Talk-T1-Issue-6-September-2022.pdf\">T<\/a><a href=\"http:\/\/ccma-acmc.ca\/en\/wp-content\/uploads\/Time-to-Talk-T1-Issue-6-September-2022.pdf\">ime to Talk T+1<\/a>(Issue 6)<\/li>\n<li><strong>20 septembre 2022 :\u00a0 <\/strong>L\u2019ACMC a publi\u00e9 le dernier num\u00e9ro de son infolettre, <a href=\"http:\/\/ccma-acmc.ca\/en\/wp-content\/uploads\/Cest-le-temps-de-parler-T1-Numero-6-Septembre-2022.pdf\">C\u2019est le temps de parler T+1<\/a> (Num\u00e9ro 6)<\/li>\n<li><strong>July 31, 2022:<\/strong> \u00a0CCMA issues fifth newsletter, <a href=\"http:\/\/ccma-acmc.ca\/en\/wp-content\/uploads\/Time-to-Talk-T1-Issue-5-July-31-2022.pdf\">Time to Talk T+1<\/a><\/li>\n<li><strong>31 juillet <\/strong><strong>2022\u00a0: <\/strong>L\u2019ACMC a publi\u00e9 le dernier num\u00e9ro de son infolettre <a href=\"http:\/\/ccma-acmc.ca\/en\/wp-content\/uploads\/Time-to-Talk-T1-Issue-5-July-31-2022.pdf\">C&#8217;est le temps de parler T+1<\/a> (Num\u00e9ro #5)<\/li>\n<li><strong>May 31, 2022: <\/strong>CCMA issues fourth newsletter, <a href=\"http:\/\/ccma-acmc.ca\/en\/wp-content\/uploads\/Time-to-Talk-T1-Newsletter-Issue-4.pdf\">Time to Talk T+1<\/a><\/li>\n<li><strong>31 mai 2022 : <\/strong>L\u2019ACMC a publi\u00e9 le dernier num\u00e9ro de son infolettre : \u00ab\u2009<a href=\"http:\/\/ccma-acmc.ca\/en\/wp-content\/uploads\/Cest-le-temps-de-parler-T1-Infolettre-Numero-4.pdf\">C\u2019est le temps de parler T+1<\/a>\u00a0\u00bb<\/li>\n<li><strong>March 31, 2022:\u00a0<\/strong> CCMA issues third newsletter, <u><a href=\"http:\/\/ccma-acmc.ca\/en\/wp-content\/uploads\/Issue-3-Time-to-Talk-T1-March-31-2022.pdf\">Time to Talk T+1<\/a><\/u>\u00a0 (Issue 3)<\/li>\n<li><strong>31 mars 2022<\/strong> : L\u2019ACMC a publi\u00e9 le dernier num\u00e9ro de son infolettre :\u00a0 <strong>\u00ab\u2009<\/strong><a href=\"http:\/\/ccma-acmc.ca\/en\/wp-content\/uploads\/Numero-3-Cest-le-temps-de-parler-T1-31-mars-2022.pdf\">C\u2019est le temps de parler T+1<\/a> <strong>\u00bb<\/strong> (Num\u00e9ro 3)<\/li>\n<li><strong>January 31, 2022:<\/strong>\u00a0 <a href=\"http:\/\/ccma-acmc.ca\/en\/wp-content\/uploads\/Time-to-Talk-T1-Issue-2-January-31-2022.pdf\">Time to Talk T+1<\/a> (Issue 2)<\/li>\n<li><strong>31 janvier 2022 :<\/strong> <a href=\"http:\/\/ccma-acmc.ca\/en\/wp-content\/uploads\/Cest-le-temps-de-parler-T1-Numero-2-31-janvier-2022.pdf\">\u2009C\u2019est le temps de parler T+1<\/a> (Num\u00e9ro 2)<\/li>\n<li><strong>September 1, 2021:<\/strong>\u00a0 <a href=\"http:\/\/ccma-acmc.ca\/en\/wp-content\/uploads\/Time-to-Talk-T1-Issue-1-September-1-2021.pdf\">Time to Talk T+1<\/a> (Issue 1)<\/li>\n<li><strong>1 septembre 2021 :\u00a0<\/strong> <a href=\"http:\/\/ccma-acmc.ca\/en\/wp-content\/uploads\/Cest-temps-de-parler-T1-Numero-1-1er-septembre-2021.pdf\">C&#8217;est le temps de parler T+1<\/a> (Num\u00e9ro 1)<\/li>\n<\/ul>\n<p><a href=\"#CCMA-Partner-Articles Newsletters\"><strong>CCMA &amp; Partner Articles<\/strong><\/a><\/p>\n<ul>\n<li><strong>29 mai 2023 : <\/strong><a href=\"http:\/\/ccma-acmc.ca\/en\/wp-content\/uploads\/Mise-a-jour-Les-prets-sur-titres-dans-un-monde-T1.pdf\">Article CASLA\/CCMA<\/a> \u2013\u00a0Mise \u00e0 jour &#8211; Les pr\u00eats sur titres dans un monde T+1<\/li>\n<li><strong>May 2, 2023:\u00a0 <\/strong><a href=\"http:\/\/ccma-acmc.ca\/en\/wp-content\/uploads\/Securities-Lending-Moving-to-T1-in-Canada-May-1-2023.pdf\">CASLA\/CCMA<\/a> <a href=\"http:\/\/ccma-acmc.ca\/en\/wp-content\/uploads\/Securities-Lending-Moving-to-T1-in-Canada-May-1-2023.pdf\">Article<\/a> \u2013 Securities Lending Moving to T+1 in Canada<\/li>\n<li><strong>April 25, 2023: <\/strong><a href=\"https:\/\/www.acpm.com\/observer\/it-takes-three-to-(do-the-t-1-settlement)-tango\">ACPM\/CCMA Article<\/a> \u2013 It Takes Three to (do the T+1 settlement) Tango<\/li>\n<li><strong>25 avril 2023 :<\/strong>\u00a0 <a href=\"https:\/\/www.acpm.com\/fr-ca\/observateur\/il-faut-etre-trois-pour-(passer-au-reglement-t-1)-danser-le-tango\">ACPM\/CCMA Article<\/a> \u2013 Il faut \u00eatre trois pour (passer au r\u00e8glement T+1) danser le tango<\/li>\n<li><strong>November 1, 2022: <\/strong><a href=\"https:\/\/www.acpm.com\/observer\/and-then-there-was-one_t-1\">ACPM\/CCMA Article<\/a>And then there was 1\u2026 T+1, <em>The Observer, <\/em>Association of Canadian Pension Management (ACPM)<\/li>\n<li><strong>1 novembre 2022\u00a0:<\/strong> <a href=\"https:\/\/www.acpm.com\/observer\/it-takes-three-to-(do-the-t-1-settlement)-tango\">ACPM\/CCMA Article<\/a> \u2013 \u00ab Et T+1 fut! \u00bb, <em>L\u2019Observateur<\/em>, l&#8217;Association canadienne des administrateurs de r\u00e9gimes de retraite (ACARR)<\/li>\n<\/ul>\n<h4><strong>Other T+1-related Newsletters and Articles<\/strong><\/h4>\n<ul>\n<li>September 12, 2022:\u00a0 <a href=\"https:\/\/www.investmentexecutive.com\/inside-track_\/paul-bourque\/investment-funds-and-the-move-to-t1\/?utm_source=newsletter&amp;utm_medium=nl&amp;utm_content=investmentexecutive&amp;utm_campaign=INT-EN-morning&amp;hash=bf630bc1a342e888a2a41afe987dd111\">The best solution to the complex transition may be flexibility<\/a>, <em>Investment Executive,<\/em> Paul Bourque, IFIC<\/li>\n<li>September 2022: \u00a0<em><a href=\"https:\/\/www.cibcmellon.com\/en\/our-thinking\/2022\/ot202209-t+1-settlement-efforts.jsp\">T+1 Settlement Efforts:\u00a0 Canadian Outlook and Considerations<\/a> <\/em><em>(CIBC Mellon)<\/em><\/li>\n<li>December 20, 2021:\u00a0 <a href=\"http:\/\/ccma-acmc.ca\/en\/wp-content\/uploads\/\u206eIIAC-T1-Op-Ed-2021-12-20.pdf\">Op Ed<\/a> \u2013 IIAC and Members Working with CCMA towards T+1\u00a0<em>(Investment Executive)<\/em><\/li>\n<li>November 9, 2021: <a href=\"https:\/\/www.dtcc.com\/dtcc-connection\/articles\/2021\/november\/09\/global-settlement-implications-for-t1-in-europe\">Article<\/a> \u2013 Implications for T+1 in Europe <em>(DTCC summary of panel discussion at Association for Financial Markets in Europe (AFME) European Post-Trade conference)<\/em><\/li>\n<li>October 2021:\u00a0 <a href=\"https:\/\/www.cibcmellon.com\/en\/_locale-assets\/pdf\/our-thinking\/2021\/ot202110-update-t+1-settlement-efforts-u.s.pdf\">Article<\/a> \u2013 Update on T+1 Settlement Efforts in the U.S.: Canadian Outlook and Considerations <em>(CIBCMellon)<\/em><\/li>\n<li>August 17, 2021:\u00a0\u00a0<a href=\"https:\/\/www.investmentexecutive.com\/news\/industry-news\/u-s-industry-plots-move-to-t1\/\">Article<\/a>\u00a0\u2013 U.S industry plots move to T+1; Canada is also considering a move to the shorter settlement cycle<\/li>\n<li>June 21, 2021:\u00a0 <a href=\"http:\/\/ccma-acmc.ca\/en\/wp-content\/uploads\/CDS-Bulletin-Canadas-Transition-to-T1-June-1-2021.pdf\">Bulletin<\/a> \u2013 Canada\u2019s Transition to T+1\u00a0<em>(CDS)<\/em><\/li>\n<li>April 30, 2021:\u00a0\u00a0<a href=\"https:\/\/www.investmentexecutive.com\/news\/industry-news\/contemplating-t1-for-canada\/?utm_source=newsletter&amp;utm_medium=nl&amp;utm_content=investmentexecutive&amp;utm_campaign=INT-EN-All-afternoon\">Article<\/a>\u00a0\u2013 Contemplating T+1 for Canada \u2013 As the U.S. industry considers shorter settlement, the CCMA ponders it too<\/li>\n<\/ul>\n<h4><strong>T+2 Publications (2015-2018)<\/strong><\/h4>\n<ul>\n<li>Click <a href=\"https:\/\/ccma-acmc.ca\/en\/t1-resources\/publications-t2-2015-2018\/\">here<\/a>.<\/li>\n<\/ul>\n<p>[\/vc_column_text][\/vc_column][\/vc_row]<\/p>\n<\/section>","protected":false},"excerpt":{"rendered":"<p>[vc_row type=&#8221;container&#8221; padding_top=&#8221;75&#8243; padding_bottom=&#8221;&#8221; css=&#8221;.vc_custom_1459227574343{margin-bottom: 25px !important;}&#8221;][vc_column css=&#8221;.vc_custom_1444954308084{margin-bottom: 35px !important;}&#8221;][vc_column_text css=&#8221;.vc_custom_1730323005154{margin-top: 0px !important;}&#8221;] Publications &nbsp; The CCMA uses different ways to communicate details of efforts to reduce the standard securities settlement from T+2 to T+1. One is announcements; another \u2013 CCMA-, or CCMA-partner co-authored, articles, and a third is the CCMA\u2019s bimonthly newsletter, Time to [&hellip;]<\/p>\n","protected":false},"author":1,"featured_media":0,"parent":70923,"menu_order":4,"comment_status":"closed","ping_status":"closed","template":"","meta":{"_acf_changed":false,"footnotes":""},"class_list":["post-70965","page","type-page","status-publish","hentry"],"acf":[],"_links":{"self":[{"href":"https:\/\/ccma-acmc.ca\/en\/wp-json\/wp\/v2\/pages\/70965","targetHints":{"allow":["GET"]}}],"collection":[{"href":"https:\/\/ccma-acmc.ca\/en\/wp-json\/wp\/v2\/pages"}],"about":[{"href":"https:\/\/ccma-acmc.ca\/en\/wp-json\/wp\/v2\/types\/page"}],"author":[{"embeddable":true,"href":"https:\/\/ccma-acmc.ca\/en\/wp-json\/wp\/v2\/users\/1"}],"replies":[{"embeddable":true,"href":"https:\/\/ccma-acmc.ca\/en\/wp-json\/wp\/v2\/comments?post=70965"}],"version-history":[{"count":122,"href":"https:\/\/ccma-acmc.ca\/en\/wp-json\/wp\/v2\/pages\/70965\/revisions"}],"predecessor-version":[{"id":77153,"href":"https:\/\/ccma-acmc.ca\/en\/wp-json\/wp\/v2\/pages\/70965\/revisions\/77153"}],"up":[{"embeddable":true,"href":"https:\/\/ccma-acmc.ca\/en\/wp-json\/wp\/v2\/pages\/70923"}],"wp:attachment":[{"href":"https:\/\/ccma-acmc.ca\/en\/wp-json\/wp\/v2\/media?parent=70965"}],"curies":[{"name":"wp","href":"https:\/\/api.w.org\/{rel}","templated":true}]}}