{"id":70923,"date":"2016-03-22T01:39:12","date_gmt":"2016-03-22T05:39:12","guid":{"rendered":"http:\/\/ccma-acmc.ca\/beta\/?page_id=70923"},"modified":"2024-10-31T16:53:08","modified_gmt":"2024-10-31T20:53:08","slug":"resources-ressources","status":"publish","type":"page","link":"https:\/\/ccma-acmc.ca\/en\/resources-ressources\/","title":{"rendered":"Resources \/ Ressources"},"content":{"rendered":"<section class=\"wpb-content-wrapper\"><p>[vc_row type=&#8221;container&#8221; padding_top=&#8221;75&#8243; padding_bottom=&#8221;&#8221; css=&#8221;.vc_custom_1459228404902{margin-bottom: 25px !important;}&#8221;][vc_column width=&#8221;1\/2&#8243; css=&#8221;.vc_custom_1444954308084{margin-bottom: 35px !important;}&#8221;][vc_column_text]<\/p>\n<h1><span style=\"color: #d71635;\"><strong>Resources<\/strong><\/span><\/h1>\n<p>A range of resources are prepared by CCMA staff directly as well as with participating firms, industry associations, and other interested parties. They provide strategies, materials, and other tools to help Canadian capital markets participants prepare for any industry-wide changes.<\/p>\n<p>&nbsp;<\/p>\n<h3><strong>T+1 Resources<\/strong><\/h3>\n<p>The CCMA led national industry-wide efforts to reduce the settlement cycle from T+5 to T+3 in 1995, and from T+3 to T+2 in 2017, on the same day as the U.S. in light of Canada\u2019s and the U.S.\u2019s highly inter-related capital markets.\u00a0 After a successful transition, CCMA members completed a <a href=\"https:\/\/ccma-acmc.ca\/en\/wp-content\/uploads\/T2-Project-Post-Mortem-Report-April-19-2018.pdf\">T+2 Project \u2013 Post-Mortem Report<\/a> (2018), which provides useful guidance for CCMA Advisory Council members working on the T+1 project.\u00a0 Other T+1 resources include the following:<\/p>\n<ul>\n<li><a href=\"http:\/\/ccma-acmc.ca\/en\/committees\/t1-committees\/\">Committees<\/a><\/li>\n<li><a href=\"https:\/\/ccma-acmc.ca\/en\/t1-resources\/events\/\">Events<\/a><\/li>\n<li><a href=\"https:\/\/ccma-acmc.ca\/en\/t1-resources\/information-and-tools\/\">Information and Tools<\/a><\/li>\n<li><a href=\"https:\/\/ccma-acmc.ca\/en\/t1-resources\/newsletters-articles\/\">Publications<\/a><\/li>\n<li><a href=\"https:\/\/ccma-acmc.ca\/en\/t1-resources\/some-helpful-links\/\">Some Helpful Links<\/a><\/li>\n<li><a href=\"https:\/\/ccma-acmc.ca\/en\/t1-resources\/statistics\/\">Statistics<\/a><\/li>\n<li><a href=\"https:\/\/ccma-acmc.ca\/en\/t1-resources\/archives\/\">Archives<\/a><\/li>\n<\/ul>\n<h3><strong>T+2 Resources<\/strong><\/h3>\n<p>T+2 resources, prepared by the CCMA directly and with participating firms, industry associations, and other interested parties, provided strategies and materials to help Canadian capital markets participants prepare for the transition to T+2.\u00a0\u00a0 The four T+2 working group pages also include issue logs that may help interested members.\u00a0 Some of the material prepared as part of the migration from T+3 to T+2 may also be relevant for T+1.<\/p>\n<ul>\n<li><a href=\"https:\/\/ccma-acmc.ca\/en\/t3-to-t2-transition-project-committees-2015-2018\/\">T+2 Committees<\/a> (see Issue Logs)<\/li>\n<li><a href=\"http:\/\/ccma-acmc.ca\/en\/resources\/events-t2-2015-2018\/\">T+2 Event Materials<\/a><\/li>\n<li><a href=\"http:\/\/ccma-acmc.ca\/en\/resources\/faqs_t2-2015-2018\/\">T+2 FAQs<\/a><\/li>\n<li><a href=\"http:\/\/ccma-acmc.ca\/en\/resources\/information-and-tools-t2-2015-2018\/\">T+2 Information and Tools<\/a><\/li>\n<li><a href=\"http:\/\/ccma-acmc.ca\/en\/resources\/publications-t2-2015-2018\/\">T+2 Newsletters and Other Publications<\/a><\/li>\n<li><a href=\"https:\/\/ccma-acmc.ca\/en\/t1-resources\/archives\/some-helpful-links-t2-2015-2018\/\">T+2 Some Helpful Links<\/a><\/li>\n<li><a href=\"http:\/\/ccma-acmc.ca\/en\/resources\/some-helpful-links-t2-2015-2018\/%20%E2%80%8E\">T+2 Statistics (Institutional Trade Processing)<\/a><\/li>\n<\/ul>\n<p>[\/vc_column_text][\/vc_column][vc_column width=&#8221;1\/2&#8243;][vc_column_text]<\/p>\n<h1><span style=\"color: #d71635;\"><strong>Ressources<\/strong><\/span><\/h1>\n<p>Une gamme de ressources \u00a0vous sont offertes par l\u2019\u00e9quipe de l\u2019ACMC directement ou gr\u00e2ce \u00e0 la participation de soci\u00e9t\u00e9s, d\u2019associations sectorielles et d\u2019autres parties prenantes. Ces ressources procurent des strat\u00e9gies, du contenu et d\u2019autres outils de pr\u00e9paration des participants aux march\u00e9s de capitaux canadiens \u00e0 des changements dans l\u2019ensemble du secteur.<\/p>\n<h3><strong>\u00a0<\/strong><strong>Ressources T+1 <\/strong><\/h3>\n<p>L&#8217;ACMC a pilot\u00e9 les efforts nationaux du secteur pour r\u00e9duire le cycle de r\u00e8glement de T+5 \u00e0 T+3 en 1995, et de T+3 \u00e0 T+2 en 2017, le m\u00eame jour qu&#8217;aux \u00c9tats-Unis, vu l&#8217;interd\u00e9pendance des march\u00e9s de capitaux canadiens et am\u00e9ricains.\u00a0 Apr\u00e8s une transition r\u00e9ussie, les membres de l&#8217;ACMC ont conclu par un <a href=\"https:\/\/ccma-acmc.ca\/en\/wp-content\/uploads\/T2-Project-Post-Mortem-Report-April-19-2018.pdf\">rapport de bilan du projet T+2<\/a> (2018), offrant des conseils utiles pour les membres du comit\u00e9 consultatif de l\u2019ACMC travaillant sur le projet T+1.\u00a0 Parmi les autres ressources T+1\u00a0:<\/p>\n<ul>\n<li><a href=\"http:\/\/ccma-acmc.ca\/en\/committees\/t1-committees\/\">Comit\u00e9s T+1<\/a><\/li>\n<li><a href=\"https:\/\/ccma-acmc.ca\/en\/t1-resources\/events\/\">\u00c9v\u00e9nements T+1 <\/a><\/li>\n<li><a href=\"https:\/\/ccma-acmc.ca\/en\/t1-resources\/information-and-tools\/\">Information et outils T+1<\/a><\/li>\n<li><a href=\"https:\/\/ccma-acmc.ca\/en\/t1-resources\/newsletters-articles\/\">Publications T+1 <\/a><\/li>\n<li><a href=\"https:\/\/ccma-acmc.ca\/en\/t1-resources\/some-helpful-links\/\">Liens utiles T+1 <\/a><\/li>\n<li><a href=\"https:\/\/ccma-acmc.ca\/en\/t1-resources\/statistics\/\">Statistiques T+1 <\/a><\/li>\n<li><a href=\"https:\/\/ccma-acmc.ca\/en\/t1-resources\/archives\/\">Archives<\/a><\/li>\n<\/ul>\n<h3><strong>\u00a0<\/strong><strong>Ressources T+2 <\/strong><\/h3>\n<p>Les ressources T+2, \u00e9tablies par l&#8217;ACMC directement et en collaboration avec les soci\u00e9t\u00e9s, les associations sectorielles et d&#8217;autres parties int\u00e9ress\u00e9es, ont permis de concevoir des strat\u00e9gies et des documents d\u2019aide aux participants aux march\u00e9s financiers canadiens \u00e0 se pr\u00e9parer \u00e0 la transition vers T+2.\u00a0\u00a0 Les quatre pages du groupe de travail T+2 englobent \u00e9galement des registres de questions susceptibles d&#8217;aider les membres int\u00e9ress\u00e9s.\u00a0 Certains documents pr\u00e9par\u00e9s dans le cadre de la transition de T+3 \u00e0 T+2 peuvent \u00e9galement \u00eatre utiles pour T+1.<\/p>\n<ul>\n<li><a href=\"https:\/\/ccma-acmc.ca\/en\/t3-to-t2-transition-project-committees-2015-2018\/\">Comit\u00e9s T+2<\/a> (consulter le registre de questions)<\/li>\n<li><a href=\"http:\/\/ccma-acmc.ca\/en\/resources\/events-t2-2015-2018\/\">\u00c9v\u00e9nements T+2<\/a><\/li>\n<li><a href=\"http:\/\/ccma-acmc.ca\/en\/resources\/faqs_t2-2015-2018\/\">FAQ T+2<\/a><\/li>\n<li><a href=\"http:\/\/ccma-acmc.ca\/en\/resources\/information-and-tools-t2-2015-2018\/\">Information et outils T+2<\/a><\/li>\n<li><a href=\"http:\/\/ccma-acmc.ca\/en\/resources\/publications-t2-2015-2018\/\">Infolettres et autres publications T+2<\/a><\/li>\n<li><a href=\"https:\/\/ccma-acmc.ca\/en\/t1-resources\/archives\/some-helpful-links-t2-2015-2018\/\">Liens utiles T+2<\/a><\/li>\n<li><a href=\"http:\/\/ccma-acmc.ca\/en\/resources\/some-helpful-links-t2-2015-2018\/%20%E2%80%8E\">Statistiques T+2 (Traitement des \u00e9changes institutionnels)<\/a><\/li>\n<\/ul>\n<p>[\/vc_column_text][\/vc_column][\/vc_row]<\/p>\n<\/section>","protected":false},"excerpt":{"rendered":"<p>[vc_row type=&#8221;container&#8221; padding_top=&#8221;75&#8243; padding_bottom=&#8221;&#8221; css=&#8221;.vc_custom_1459228404902{margin-bottom: 25px !important;}&#8221;][vc_column width=&#8221;1\/2&#8243; css=&#8221;.vc_custom_1444954308084{margin-bottom: 35px !important;}&#8221;][vc_column_text] Resources A range of resources are prepared by CCMA staff directly as well as with participating firms, industry associations, and other interested parties. They provide strategies, materials, and other tools to help Canadian capital markets participants prepare for any industry-wide changes. &nbsp; T+1 Resources [&hellip;]<\/p>\n","protected":false},"author":1,"featured_media":0,"parent":0,"menu_order":10,"comment_status":"closed","ping_status":"closed","template":"","meta":{"_acf_changed":false,"footnotes":""},"class_list":["post-70923","page","type-page","status-publish","hentry"],"acf":[],"_links":{"self":[{"href":"https:\/\/ccma-acmc.ca\/en\/wp-json\/wp\/v2\/pages\/70923","targetHints":{"allow":["GET"]}}],"collection":[{"href":"https:\/\/ccma-acmc.ca\/en\/wp-json\/wp\/v2\/pages"}],"about":[{"href":"https:\/\/ccma-acmc.ca\/en\/wp-json\/wp\/v2\/types\/page"}],"author":[{"embeddable":true,"href":"https:\/\/ccma-acmc.ca\/en\/wp-json\/wp\/v2\/users\/1"}],"replies":[{"embeddable":true,"href":"https:\/\/ccma-acmc.ca\/en\/wp-json\/wp\/v2\/comments?post=70923"}],"version-history":[{"count":63,"href":"https:\/\/ccma-acmc.ca\/en\/wp-json\/wp\/v2\/pages\/70923\/revisions"}],"predecessor-version":[{"id":74931,"href":"https:\/\/ccma-acmc.ca\/en\/wp-json\/wp\/v2\/pages\/70923\/revisions\/74931"}],"wp:attachment":[{"href":"https:\/\/ccma-acmc.ca\/en\/wp-json\/wp\/v2\/media?parent=70923"}],"curies":[{"name":"wp","href":"https:\/\/api.w.org\/{rel}","templated":true}]}}